{"id":939,"date":"2018-02-02T08:48:22","date_gmt":"2018-02-02T07:48:22","guid":{"rendered":"http:\/\/demo.charlottesweb.hu\/vv\/?page_id=939"},"modified":"2019-10-25T22:24:50","modified_gmt":"2019-10-25T20:24:50","slug":"kepek","status":"publish","type":"page","link":"https:\/\/www.veteranvolvo.hu\/?page_id=939","title":{"rendered":"K\u00e9pek"},"content":{"rendered":"<ul>\n<li>\n<h5><span style=\"color: #3366ff;\"><a style=\"color: #3366ff;\" href=\"http:\/\/www.veteranvolvo.hu\/?page_id=1698\"><em><strong>Alv\u00e1zsz\u00e1m K\u00f3dfejt\u0151<\/strong><\/em><\/a><\/span><\/h5>\n<\/li>\n<li>\n<h5><a href=\"http:\/\/www.veteranvolvo.hu\/?page_id=4634\"><em><strong><span style=\"color: #3366ff;\">Klubon k\u00edv\u00fcli projektek<\/span><\/strong><\/em><\/a><\/h5>\n<\/li>\n<li>\n<h5><a href=\"http:\/\/www.veteranvolvo.hu\/?page_id=1712\"><em><strong><span style=\"color: #3366ff;\">Volvo Prospektusok<\/span><\/strong><\/em><\/a><\/h5>\n<\/li>\n<li>\n<h5><a href=\"http:\/\/www.veteranvolvo.hu\/?page_id=3355\"><em><strong><span style=\"color: #3366ff;\">Ki\u00e1ll\u00edt\u00e1sok<\/span><\/strong><\/em><\/a><\/h5>\n<\/li>\n<li>\n<h5><strong><a href=\"http:\/\/www.veteranvolvo.hu\/?page_id=5405\"><span style=\"color: #3366ff;\"><em>2019 Volvo Beurs Hollandia<\/em><\/span><\/a><\/strong><\/h5>\n<\/li>\n<li>\n<h5><a href=\"http:\/\/www.veteranvolvo.hu\/?page_id=5382\"><span style=\"color: #3366ff;\"><em><strong>Nagyot ment a B\u00e1nkiAut\u00f3 a nyir\u00e1di rallyn<\/strong><\/em><\/span><\/a><\/h5>\n<\/li>\n<li>\n<h5><a href=\"http:\/\/www.veteranvolvo.hu\/?page_id=1456\"><em><strong><span style=\"color: #3366ff;\">T\u00edpusok k\u00e9pekben<\/span><\/strong><\/em><\/a><\/h5>\n<\/li>\n<li>\n<h5><a href=\"http:\/\/www.veteranvolvo.hu\/?page_id=1248\"><em><strong><span style=\"color: #3366ff;\">Tagok projektjei<\/span><\/strong><\/em><\/a><\/h5>\n<\/li>\n<li>\n<h5><a href=\"http:\/\/www.veteranvolvo.hu\/?page_id=184\"><em><strong><span style=\"color: #3366ff;\">Tal\u00e1lkoz\u00f3k<\/span><\/strong><\/em><\/a><\/h5>\n<\/li>\n<li>\n<h5><a href=\"http:\/\/www.veteranvolvo.hu\/?page_id=4634\"><em><strong><span style=\"color: #3366ff;\">Dunakeszi &#8211; Veter\u00e1n tal\u00e1lkoz\u00f3<br \/>\n<\/span><\/strong><\/em><\/a><\/h5>\n<\/li>\n<\/ul>\n","protected":false},"excerpt":{"rendered":"<p>Alv\u00e1zsz\u00e1m K\u00f3dfejt\u0151 Klubon k\u00edv\u00fcli projektek Volvo Prospektusok Ki\u00e1ll\u00edt\u00e1sok 2019 Volvo Beurs Hollandia Nagyot ment a B\u00e1nkiAut\u00f3 a nyir\u00e1di rallyn T\u00edpusok k\u00e9pekben Tagok projektjei Tal\u00e1lkoz\u00f3k Dunakeszi &#8211; Veter\u00e1n tal\u00e1lkoz\u00f3<\/p>\n","protected":false},"author":1,"featured_media":0,"parent":0,"menu_order":0,"comment_status":"closed","ping_status":"closed","template":"","meta":{"footnotes":""},"class_list":["post-939","page","type-page","status-publish","hentry"],"_links":{"self":[{"href":"https:\/\/www.veteranvolvo.hu\/index.php?rest_route=\/wp\/v2\/pages\/939","targetHints":{"allow":["GET"]}}],"collection":[{"href":"https:\/\/www.veteranvolvo.hu\/index.php?rest_route=\/wp\/v2\/pages"}],"about":[{"href":"https:\/\/www.veteranvolvo.hu\/index.php?rest_route=\/wp\/v2\/types\/page"}],"author":[{"embeddable":true,"href":"https:\/\/www.veteranvolvo.hu\/index.php?rest_route=\/wp\/v2\/users\/1"}],"replies":[{"embeddable":true,"href":"https:\/\/www.veteranvolvo.hu\/index.php?rest_route=%2Fwp%2Fv2%2Fcomments&post=939"}],"version-history":[{"count":12,"href":"https:\/\/www.veteranvolvo.hu\/index.php?rest_route=\/wp\/v2\/pages\/939\/revisions"}],"predecessor-version":[{"id":5605,"href":"https:\/\/www.veteranvolvo.hu\/index.php?rest_route=\/wp\/v2\/pages\/939\/revisions\/5605"}],"wp:attachment":[{"href":"https:\/\/www.veteranvolvo.hu\/index.php?rest_route=%2Fwp%2Fv2%2Fmedia&parent=939"}],"curies":[{"name":"wp","href":"https:\/\/api.w.org\/{rel}","templated":true}]}}