{"id":76,"date":"2018-01-08T19:37:06","date_gmt":"2018-01-08T18:37:06","guid":{"rendered":"http:\/\/demo.charlottesweb.hu\/vv\/?page_id=76"},"modified":"2018-03-24T13:59:42","modified_gmt":"2018-03-24T12:59:42","slug":"tipusok","status":"publish","type":"page","link":"https:\/\/www.veteranvolvo.hu\/?page_id=76","title":{"rendered":"T\u00edpusok"},"content":{"rendered":"<p><img decoding=\"async\" class=\"alignnone size-medium wp-image-420\" src=\"http:\/\/demo.charlottesweb.hu\/vv\/wp-content\/uploads\/2018\/01\/VVF_FELIRAT_TIPUSOK-300x69.jpg\" alt=\"\" width=\"300\" height=\"69\" srcset=\"https:\/\/www.veteranvolvo.hu\/wp-content\/uploads\/2018\/01\/VVF_FELIRAT_TIPUSOK-300x69.jpg 300w, https:\/\/www.veteranvolvo.hu\/wp-content\/uploads\/2018\/01\/VVF_FELIRAT_TIPUSOK.jpg 507w\" sizes=\"(max-width: 300px) 100vw, 300px\" \/><\/p>\n<p><strong><img fetchpriority=\"high\" decoding=\"async\" class=\"size-medium wp-image-161 alignright\" src=\"http:\/\/demo.charlottesweb.hu\/vv\/wp-content\/uploads\/2018\/01\/OV4_oval-300x225.png\" alt=\"\" width=\"300\" height=\"225\" srcset=\"https:\/\/www.veteranvolvo.hu\/wp-content\/uploads\/2018\/01\/OV4_oval-300x225.png 300w, https:\/\/www.veteranvolvo.hu\/wp-content\/uploads\/2018\/01\/OV4_oval-768x577.png 768w, https:\/\/www.veteranvolvo.hu\/wp-content\/uploads\/2018\/01\/OV4_oval.png 949w\" sizes=\"(max-width: 300px) 100vw, 300px\" \/><\/strong><\/p>\n<p><strong>1927-1944<\/strong><\/p>\n<ul>\n<li><a href=\"http:\/\/demo.charlottesweb.hu\/vv\/wp-content\/uploads\/2018\/01\/Dia3.jpg\">\u00d6V4<\/a> (1927.04.14.)<\/li>\n<li><a href=\"http:\/\/demo.charlottesweb.hu\/vv\/wp-content\/uploads\/2018\/01\/Dia4.jpg\">PV4<\/a> (1927)<\/li>\n<li><a href=\"http:\/\/demo.charlottesweb.hu\/vv\/wp-content\/uploads\/2018\/01\/PV4_Special.jpg\">PV4 Special<\/a> (1928)<\/li>\n<li><a href=\"http:\/\/demo.charlottesweb.hu\/vv\/wp-content\/uploads\/2018\/01\/PV652.jpg\">PV651, 652<\/a> (1930)<\/li>\n<li><a href=\"http:\/\/demo.charlottesweb.hu\/vv\/wp-content\/uploads\/2018\/01\/PV_655.jpg\">PV654, 655<\/a> (1933)<\/li>\n<li><a href=\"http:\/\/demo.charlottesweb.hu\/vv\/wp-content\/uploads\/2018\/01\/PV652.jpg\">PV676 taxi<\/a>(1934)<\/li>\n<li><a href=\"http:\/\/demo.charlottesweb.hu\/vv\/wp-content\/uploads\/2018\/01\/tr701-704.jpg\">TR701<\/a> (1935)<\/li>\n<li><a href=\"http:\/\/demo.charlottesweb.hu\/vv\/wp-content\/uploads\/2018\/01\/1-1.jpg\">PV36<\/a> Carioca (1935)<\/li>\n<li><a href=\"http:\/\/demo.charlottesweb.hu\/vv\/wp-content\/uploads\/2018\/01\/PV51.jpg\">PV51<\/a> (1936)<\/li>\n<li><a href=\"http:\/\/demo.charlottesweb.hu\/vv\/wp-content\/uploads\/2018\/01\/PV56.jpg\">PV56<\/a> (1938)<\/li>\n<li><a href=\"http:\/\/demo.charlottesweb.hu\/vv\/wp-content\/uploads\/2018\/01\/TPV.jpg\">TPV<\/a> (1943)<\/li>\n<li><a href=\"http:\/\/demo.charlottesweb.hu\/vv\/wp-content\/uploads\/2018\/01\/PV_444.jpg\">PV 444A<\/a> (1944)<\/li>\n<\/ul>\n<hr \/>\n<p><strong>1945-1960<\/strong><\/p>\n<ul>\n<li><a href=\"http:\/\/demo.charlottesweb.hu\/vv\/wp-content\/uploads\/2018\/01\/PV60.jpg\">PV60<\/a> (1946)<\/li>\n<li><strong>Elk\u00e9sz\u00fcl a 100 000. aut\u00f3 1949-ben,\u00a0 egy fekete PV 444!<\/strong><\/li>\n<li><a href=\"http:\/\/demo.charlottesweb.hu\/vv\/wp-content\/uploads\/2018\/01\/PV445-Duett.jpg\">PV445<\/a> (1949)<\/li>\n<li><a href=\"http:\/\/demo.charlottesweb.hu\/vv\/wp-content\/uploads\/2018\/01\/PV830.jpg\">PV 830<\/a> (1950)<\/li>\n<li><a href=\"http:\/\/demo.charlottesweb.hu\/vv\/wp-content\/uploads\/2018\/01\/duett_oval.png\">Duett<\/a> (1953)<a href=\"http:\/\/demo.charlottesweb.hu\/vv\/wp-content\/uploads\/2018\/01\/duett_oval.png\"><img decoding=\"async\" class=\"alignright wp-image-253 size-medium\" src=\"http:\/\/demo.charlottesweb.hu\/vv\/wp-content\/uploads\/2018\/01\/duett_oval-300x225.png\" alt=\"\" width=\"300\" height=\"225\" srcset=\"https:\/\/www.veteranvolvo.hu\/wp-content\/uploads\/2018\/01\/duett_oval-300x225.png 300w, https:\/\/www.veteranvolvo.hu\/wp-content\/uploads\/2018\/01\/duett_oval-768x577.png 768w, https:\/\/www.veteranvolvo.hu\/wp-content\/uploads\/2018\/01\/duett_oval.png 949w\" sizes=\"(max-width: 300px) 100vw, 300px\" \/><\/a><\/li>\n<li><a href=\"http:\/\/demo.charlottesweb.hu\/vv\/wp-content\/uploads\/2018\/01\/TP21_Sugga.jpg\">TP21<\/a> (1953)<\/li>\n<li><a href=\"http:\/\/demo.charlottesweb.hu\/vv\/wp-content\/uploads\/2018\/01\/1.jpg\">P1900<\/a> (1956)<\/li>\n<li><a href=\"http:\/\/demo.charlottesweb.hu\/vv\/wp-content\/uploads\/2018\/01\/P130.jpg\">P1200 Amazon<\/a> (1956)<\/li>\n<li><a href=\"http:\/\/demo.charlottesweb.hu\/vv\/wp-content\/uploads\/2018\/01\/PV_544-e1515423103813.jpg\">PV 544<\/a> Sport (1958)<\/li>\n<li><a href=\"http:\/\/demo.charlottesweb.hu\/vv\/wp-content\/uploads\/2018\/01\/prototype.jpg\">P1800<\/a> (1959) <a href=\"http:\/\/demo.charlottesweb.hu\/vv\/wp-content\/uploads\/2018\/01\/P1800.pdf\">pdf.<\/a><\/li>\n<li><a href=\"http:\/\/demo.charlottesweb.hu\/vv\/wp-content\/uploads\/2018\/01\/P210.jpg\">P210 Duett<\/a> (1960)<\/li>\n<\/ul>\n<hr \/>\n<p><strong>1961-1977<\/strong><\/p>\n<ul>\n<li><a href=\"http:\/\/demo.charlottesweb.hu\/vv\/wp-content\/uploads\/2018\/01\/amazon.jpg\">P130 Amazon<\/a> (1961)<\/li>\n<li><a href=\"http:\/\/demo.charlottesweb.hu\/vv\/wp-content\/uploads\/2018\/01\/P220.jpg\">P220 Amazon Estate<\/a> (1962)<\/li>\n<li><a href=\"http:\/\/www.veteranvolvo.hu\/wp-content\/uploads\/2018\/02\/C202.jpg\">C202\/303<\/a> (1963-t\u00f3l)<\/li>\n<li><a href=\"http:\/\/demo.charlottesweb.hu\/vv\/wp-content\/uploads\/2018\/01\/144.jpg\">144<\/a> (1966)<\/li>\n<li><a href=\"http:\/\/demo.charlottesweb.hu\/vv\/wp-content\/uploads\/2018\/01\/142.jpg\">142<\/a>, <a href=\"http:\/\/demo.charlottesweb.hu\/vv\/wp-content\/uploads\/2018\/01\/145_2.jpg\">145 Estate<\/a> (1967)<\/li>\n<li><a href=\"http:\/\/demo.charlottesweb.hu\/vv\/wp-content\/uploads\/2018\/01\/164.jpg\">164<\/a> (1968)<\/li>\n<li><a href=\"http:\/\/demo.charlottesweb.hu\/vv\/wp-content\/uploads\/2018\/01\/p1800.jpg\">P1800E<\/a> (1969)<\/li>\n<li><strong>1970 \u0151sz\u00e9n elhagyja a gy\u00e1rt\u00f3sort 2 milliomodik VOLVO, egy s\u00e1rga 144<a href=\"http:\/\/demo.charlottesweb.hu\/vv\/wp-content\/uploads\/2018\/01\/amazon.jpg\"><img loading=\"lazy\" decoding=\"async\" class=\"wp-image-20 size-thumbnail alignright\" src=\"http:\/\/demo.charlottesweb.hu\/vv\/wp-content\/uploads\/2018\/01\/cropped-amazon-1-150x150.jpg\" alt=\"\" width=\"150\" height=\"150\" srcset=\"https:\/\/www.veteranvolvo.hu\/wp-content\/uploads\/2018\/01\/cropped-amazon-1-150x150.jpg 150w, https:\/\/www.veteranvolvo.hu\/wp-content\/uploads\/2018\/01\/cropped-amazon-1-300x300.jpg 300w, https:\/\/www.veteranvolvo.hu\/wp-content\/uploads\/2018\/01\/cropped-amazon-1-270x270.jpg 270w, https:\/\/www.veteranvolvo.hu\/wp-content\/uploads\/2018\/01\/cropped-amazon-1-192x192.jpg 192w, https:\/\/www.veteranvolvo.hu\/wp-content\/uploads\/2018\/01\/cropped-amazon-1-180x180.jpg 180w, https:\/\/www.veteranvolvo.hu\/wp-content\/uploads\/2018\/01\/cropped-amazon-1-32x32.jpg 32w, https:\/\/www.veteranvolvo.hu\/wp-content\/uploads\/2018\/01\/cropped-amazon-1.jpg 512w\" sizes=\"(max-width: 150px) 100vw, 150px\" \/><\/a>-es!<\/strong><\/li>\n<li><a href=\"http:\/\/demo.charlottesweb.hu\/vv\/wp-content\/uploads\/2018\/01\/21800es.jpg\">1800ES<\/a> (1971)<\/li>\n<li><a href=\"http:\/\/demo.charlottesweb.hu\/vv\/wp-content\/uploads\/2018\/01\/244_es\u0151.bmp\">244<\/a>, <a href=\"http:\/\/demo.charlottesweb.hu\/vv\/wp-content\/uploads\/2018\/01\/245_2.jpg\">245<\/a>, <a href=\"http:\/\/demo.charlottesweb.hu\/vv\/wp-content\/uploads\/2018\/01\/264.jpg\">264<\/a> (1974) <a href=\"http:\/\/demo.charlottesweb.hu\/vv\/wp-content\/uploads\/2018\/01\/240.pdf\">pdf.<\/a><\/li>\n<li><a href=\"http:\/\/demo.charlottesweb.hu\/vv\/wp-content\/uploads\/2018\/01\/66.jpg\">66<\/a> (1975)<\/li>\n<li><a href=\"http:\/\/demo.charlottesweb.hu\/vv\/wp-content\/uploads\/2018\/01\/345_2.jpg\">343<\/a> (1976);<\/li>\n<li><strong>1976 febru\u00e1r 3-\u00e1n egy k\u00e9k 245-\u00f6s lett a 3 milliomodik VOLVO!<\/strong><\/li>\n<li><a href=\"http:\/\/demo.charlottesweb.hu\/vv\/wp-content\/uploads\/2018\/01\/262C.jpg\">262C<\/a>\u00a0Bertone (1977)<\/li>\n<li>1977-ben \u00fcnnepelte <a href=\"http:\/\/demo.charlottesweb.hu\/vv\/wp-content\/uploads\/2018\/01\/50years_volvo.jpg\">50 \u00e9ves fenn\u00e1ll\u00e1s\u00e1t a VOLVO<\/a>.<\/li>\n<\/ul>\n<hr \/>\n<p><strong>1978-1990<a href=\"http:\/\/demo.charlottesweb.hu\/vv\/wp-content\/uploads\/2018\/01\/960_b.bmp\"><img loading=\"lazy\" decoding=\"async\" class=\"size-medium wp-image-112 alignright\" src=\"http:\/\/demo.charlottesweb.hu\/vv\/wp-content\/uploads\/2018\/01\/960_b-300x225.jpg\" alt=\"\" width=\"300\" height=\"225\" srcset=\"https:\/\/www.veteranvolvo.hu\/wp-content\/uploads\/2018\/01\/960_b-300x225.jpg 300w, https:\/\/www.veteranvolvo.hu\/wp-content\/uploads\/2018\/01\/960_b.bmp 640w\" sizes=\"(max-width: 300px) 100vw, 300px\" \/><\/a><\/strong><\/p>\n<ul>\n<li><a href=\"http:\/\/demo.charlottesweb.hu\/vv\/wp-content\/uploads\/2018\/01\/345_2.jpg\">345 Estate<\/a> (1979)<\/li>\n<li><a href=\"http:\/\/demo.charlottesweb.hu\/vv\/wp-content\/uploads\/2018\/01\/vcc.jpg\">Volvo Concept Car<\/a> (1980)<\/li>\n<li><a href=\"http:\/\/demo.charlottesweb.hu\/vv\/wp-content\/uploads\/2018\/01\/740turbo_1990-Large.jpg\">760 GLE<\/a> (1982)<\/li>\n<li><a href=\"http:\/\/demo.charlottesweb.hu\/vv\/wp-content\/uploads\/2018\/01\/lcp.jpg\">LCP koncepci\u00f3aut\u00f3<\/a> (1983)<\/li>\n<li><a href=\"http:\/\/demo.charlottesweb.hu\/vv\/wp-content\/uploads\/2018\/01\/360_4.bmp\">340, 360 Saloon<\/a> (1983)<\/li>\n<li><a href=\"http:\/\/demo.charlottesweb.hu\/vv\/wp-content\/uploads\/2018\/01\/740GL_1991.jpg\">740, 760 Estate<\/a> (1985)<\/li>\n<li><a href=\"http:\/\/demo.charlottesweb.hu\/vv\/wp-content\/uploads\/2018\/01\/480_2.jpg\">480 ES<\/a> (1985)<\/li>\n<li><a href=\"http:\/\/demo.charlottesweb.hu\/vv\/wp-content\/uploads\/2018\/01\/780.jpg\">780<\/a> (1985)<\/li>\n<li><a href=\"http:\/\/demo.charlottesweb.hu\/vv\/wp-content\/uploads\/2018\/01\/440_1.jpg\">440<\/a> (1988)<\/li>\n<li><a href=\"http:\/\/demo.charlottesweb.hu\/vv\/wp-content\/uploads\/2018\/01\/460_2.jpg\">460<\/a> (1989)<\/li>\n<li><a href=\"http:\/\/demo.charlottesweb.hu\/vv\/wp-content\/uploads\/2018\/01\/960_b.bmp\">960<\/a> (1990) a VOLVO-Renault egyes\u00fcl.<\/li>\n<\/ul>\n<hr \/>\n<p><strong>1991-1997<\/strong><\/p>\n<ul>\n<li><a href=\"http:\/\/demo.charlottesweb.hu\/vv\/wp-content\/uploads\/2018\/01\/850.bmp\">850<\/a> (1991)<\/li>\n<li><a href=\"http:\/\/demo.charlottesweb.hu\/vv\/wp-content\/uploads\/2018\/01\/volvo_ECC.jpg\">ECC koncepci\u00f3aut\u00f3<\/a>, az S80 protot\u00edpus (1992)<\/li>\n<li><a href=\"http:\/\/demo.charlottesweb.hu\/vv\/wp-content\/uploads\/2018\/01\/Platinum_T5.jpg\">850 Estate<\/a> (1993) &#8211; megsz\u0171nik a 240-es gy\u00e1rt\u00e1sa 2,8 milli\u00f3 db ut\u00e1n!<\/li>\n<li><a href=\"http:\/\/demo.charlottesweb.hu\/vv\/wp-content\/uploads\/2018\/01\/v40.jpg\">S\/V40<\/a> (1995), ez \u00e9v nyar\u00e1n avatj\u00e1k fel a <a href=\"http:\/\/www.volvomuseum.com\/the-museum\/\">VOLVO M\u00fazeumot<\/a>.<\/li>\n<li><a href=\"http:\/\/demo.charlottesweb.hu\/vv\/wp-content\/uploads\/2018\/01\/C70.jpg\">C70 Coupe<\/a> (1996)<\/li>\n<li><a href=\"http:\/\/demo.charlottesweb.hu\/vv\/wp-content\/uploads\/2018\/01\/S40T4.jpg\">S40 T4<\/a>, <a href=\"http:\/\/demo.charlottesweb.hu\/vv\/wp-content\/uploads\/2018\/01\/C70Convertible.jpg\">C70 Convertible<\/a> (1997)<\/li>\n<\/ul>\n<hr \/>\n<p><strong>1998-<\/strong><\/p>\n<ul>\n<li><a href=\"http:\/\/demo.charlottesweb.hu\/vv\/wp-content\/uploads\/2018\/01\/S80.jpg\">S80<\/a> (1998), elnyeri a &#8222;World&#8217;s safest car&#8221; c\u00edmet.<\/li>\n<li>A VOLVO szem\u00e9lyg\u00e9pkocsi div\u00edzi\u00f3t megveszi a Ford (1999)<\/li>\n<li><a href=\"http:\/\/demo.charlottesweb.hu\/vv\/wp-content\/uploads\/2018\/01\/S60.jpg\">S60<\/a>, <a href=\"http:\/\/demo.charlottesweb.hu\/vv\/wp-content\/uploads\/2018\/01\/V70XC.jpg\">V70XC<\/a> (2000)<\/li>\n<li><a href=\"http:\/\/demo.charlottesweb.hu\/vv\/wp-content\/uploads\/2018\/01\/XC90.jpg\">XC90<\/a> (2001)<\/li>\n<\/ul>\n<hr \/>\n<p>A t\u00edpusok gy\u00e1ri t\u00e1j\u00e9koztat\u00f3 f\u00fczeteinek, bros\u00far\u00e1inak egyik t\u00e1rhelye a <a href=\"http:\/\/www.volvotips.com\/\">VOLVOTIPS.COM<\/a>\u00a0 port\u00e1l. Itt a PV 444-t\u0151l a 850-ig az \u00f6sszes t\u00edpus szerepel, r\u00e9szletes t\u00edpust\u00f6rt\u00e9nettel, sok \u00e9rt\u00e9kes arch\u00edv fot\u00f3val, adattal. K\u00f6telez\u0151 olvasm\u00e1ny minden veter\u00e1nosnak!<\/p>\n<p style=\"text-align: center;\"><iframe title=\"Volvo Cars: History Since 1927\" width=\"640\" height=\"480\" src=\"https:\/\/www.youtube.com\/embed\/KUyq7zWZ8E8?feature=oembed\" frameborder=\"0\" allow=\"accelerometer; autoplay; clipboard-write; encrypted-media; gyroscope; picture-in-picture; web-share\" referrerpolicy=\"strict-origin-when-cross-origin\" allowfullscreen><\/iframe><\/p>\n<hr \/>\n<p>&nbsp;<\/p>\n<hr \/>\n<p style=\"text-align: center;\"><em><span style=\"color: #808080;\">A honlapon szerepl\u0151 anyagok, k\u00e9pek a \u201cVolvo Car Corporation\u201d \u00e9s a magyarorsz\u00e1gi veter\u00e1n Volv\u00f3k tulajdonosainak szellemi tulajdon\u00e1t k\u00e9pezik!<\/span><\/em><\/p>\n<p style=\"text-align: right;\"><a href=\"http:\/\/cicvarekkuckoja.hu\/volvo4xx\/volvok\/weblap-keszites-szerkesztes-es-karbantartas\/\"><span style=\"color: #999999;\">Webmester &#8211; minden, ami port\u00e1l\u00e9p\u00edt\u00e9s!<\/span><\/a><\/p>\n","protected":false},"excerpt":{"rendered":"<p>1927-1944 \u00d6V4 (1927.04.14.) PV4 (1927) PV4 Special (1928) PV651, 652 (1930) PV654, 655 (1933) PV676 taxi(1934) TR701 (1935) PV36 Carioca (1935) PV51 (1936) PV56 (1938) TPV (1943) PV 444A (1944) 1945-1960 PV60 (1946) Elk\u00e9sz\u00fcl a 100 000. aut\u00f3 1949-ben,\u00a0 egy fekete PV 444! PV445 (1949) PV 830 (1950) Duett (1953) TP21 (1953) P1900 (1956) P1200 [&hellip;]<\/p>\n","protected":false},"author":1,"featured_media":0,"parent":0,"menu_order":0,"comment_status":"closed","ping_status":"closed","template":"","meta":{"footnotes":""},"class_list":["post-76","page","type-page","status-publish","hentry"],"_links":{"self":[{"href":"https:\/\/www.veteranvolvo.hu\/index.php?rest_route=\/wp\/v2\/pages\/76","targetHints":{"allow":["GET"]}}],"collection":[{"href":"https:\/\/www.veteranvolvo.hu\/index.php?rest_route=\/wp\/v2\/pages"}],"about":[{"href":"https:\/\/www.veteranvolvo.hu\/index.php?rest_route=\/wp\/v2\/types\/page"}],"author":[{"embeddable":true,"href":"https:\/\/www.veteranvolvo.hu\/index.php?rest_route=\/wp\/v2\/users\/1"}],"replies":[{"embeddable":true,"href":"https:\/\/www.veteranvolvo.hu\/index.php?rest_route=%2Fwp%2Fv2%2Fcomments&post=76"}],"version-history":[{"count":52,"href":"https:\/\/www.veteranvolvo.hu\/index.php?rest_route=\/wp\/v2\/pages\/76\/revisions"}],"predecessor-version":[{"id":4228,"href":"https:\/\/www.veteranvolvo.hu\/index.php?rest_route=\/wp\/v2\/pages\/76\/revisions\/4228"}],"wp:attachment":[{"href":"https:\/\/www.veteranvolvo.hu\/index.php?rest_route=%2Fwp%2Fv2%2Fmedia&parent=76"}],"curies":[{"name":"wp","href":"https:\/\/api.w.org\/{rel}","templated":true}]}}