{"id":668,"date":"2018-01-25T11:01:03","date_gmt":"2018-01-25T10:01:03","guid":{"rendered":"http:\/\/demo.charlottesweb.hu\/vv\/?page_id=668"},"modified":"2019-10-13T21:35:11","modified_gmt":"2019-10-13T19:35:11","slug":"tp21-sugga","status":"publish","type":"page","link":"https:\/\/www.veteranvolvo.hu\/?page_id=668","title":{"rendered":"TP21 Sugga"},"content":{"rendered":"<h2 style=\"text-align: center;\"><em><strong>TP 21 Sugga<\/strong> <\/em><\/h2>\n<p style=\"text-align: center;\">(1953)<\/p>\n<p>Az els\u0151 terepes Volvo a TPV volt, melyet a II. vil\u00e1gh\u00e1bor\u00fa utols\u00f3 el\u0151tti \u00e9v\u00e9ben kezdtek \u00e9p\u00edteni, felhaszn\u00e1lva a PV801-es taxi kasztnij\u00e1t, ez is lett az egyik hib\u00e1ja: a t\u00fal hossz\u00fa tengelyt\u00e1v. \u00d6sszesen&nbsp;210 darabot gy\u00e1rtottak ebb\u0151l a t\u00edpusb\u00f3l. Ezt kik\u00fcsz\u00f6b\u00f6lend\u0151, az \u00fajabb PV831-es taxi (6 216 db.) b\u00f3d\u00e9j\u00e1t felhaszn\u00e1lva k\u00e9sz\u00edtett\u00e9k el a TP21-est, melyb\u0151l alig 720 darab k\u00e9sz\u00fclt a hadsereg megrendel\u00e9s\u00e9re. A sikeres recept: v\u00e9gy egy r\u00f6videbb tengelyt\u00e1v\u00fa, er\u0151s \u00e9s j\u00f3 terepj\u00e1r\u00f3 k\u00e9pess\u00e9g\u0171 aut\u00f3t, egy teheraut\u00f3 alv\u00e1zat \u00e9s egy egyszer\u0171, megb\u00edzhat\u00f3 n\u00e9gyker\u00e9khajt\u00e1st (els\u0151-h\u00e1ts\u00f3 tengelyek diffiz\u00e1rral!), tedd erre r\u00e1 a 831-es kabinj\u00e1t \u00e9s k\u00e9sz is a &#8222;kisterepes&#8221;, a maga szer\u00e9ny 2,9 tonn\u00e1j\u00e1val. A hathengeres, alulvez\u00e9relt, nyom\u00f3rudas motor nyomat\u00e9kos, 3,6 literes, 90 LE-t tudott, igazi benzinnyel\u0151, de ez most kit \u00e9rdekel? Kicsit drab\u00e1lis \u00e9s esetlen lett, nemhi\u00e1ba kapta az anyakoca (Sugga) becenevet. Viszont egy \u00faj j\u00e1rm\u0171form\u00e1t alkottak, a korabeli SUV-ot!&nbsp;<img fetchpriority=\"high\" decoding=\"async\" class=\"wp-image-266 size-full alignleft\" src=\"http:\/\/demo.charlottesweb.hu\/vv\/wp-content\/uploads\/2018\/01\/TP21_Sugga.jpg\" alt=\"\" width=\"478\" height=\"320\" srcset=\"https:\/\/www.veteranvolvo.hu\/wp-content\/uploads\/2018\/01\/TP21_Sugga.jpg 478w, https:\/\/www.veteranvolvo.hu\/wp-content\/uploads\/2018\/01\/TP21_Sugga-300x201.jpg 300w\" sizes=\"(max-width: 478px) 100vw, 478px\" \/>A Totalcar <a href=\"https:\/\/totalcar.hu\/tesztek\/sugga\/\">cikke<\/a> alaposan bemutatja a t\u00edpust; tulajdonosa egy magyar m\u00e1rkamegsz\u00e1llott, az aut\u00f3j\u00e1r\u00f3l \u00edrt cikk m\u00e1rkaf\u00fcgg\u0151knek k\u00f6telez\u0151 olvasm\u00e1ny! Mind\u00f6sszesen h\u00e9tsz\u00e1zh\u00fasz darab k\u00e9sz\u00fclt a sv\u00e9d hadsereg sz\u00e1m\u00e1ra, napjainkra m\u00e1r igazi ritkas\u00e1g lett a t\u00edpus, f\u0151leg az eredeti \u00e1llapotban meg\u0151rz\u00f6ttek.&nbsp; Vannak \u00e1talak\u00edtott V8-as <a href=\"https:\/\/youtu.be\/YWDx8-zvYrk\">offroad<\/a> p\u00e9ld\u00e1nyok, vannak patika\u00e1llapot\u00fa, de a veter\u00e1n min\u0151s\u00edt\u00e9st\u0151l nagyon t\u00e1volra ker\u00fclt, am\u00fagy t\u00e9nyleg ig\u00e9nyesen kivitelezett <a href=\"https:\/\/youtu.be\/KZd-Vq0cVcM\">hobbiaut\u00f3k<\/a> az eur\u00f3pai gy\u0171jt\u0151k kez\u00e9ben. \u00d6r\u00f6k darab, ha a minim\u00e1lis karbantart\u00e1st megkapja!<\/p>\n<p><img decoding=\"async\" class=\"alignnone size-full wp-image-142\" src=\"http:\/\/demo.charlottesweb.hu\/vv\/wp-content\/uploads\/2018\/01\/TP21_Hogster.jpg\" alt=\"\" width=\"800\" height=\"600\" srcset=\"https:\/\/www.veteranvolvo.hu\/wp-content\/uploads\/2018\/01\/TP21_Hogster.jpg 800w, https:\/\/www.veteranvolvo.hu\/wp-content\/uploads\/2018\/01\/TP21_Hogster-300x225.jpg 300w, https:\/\/www.veteranvolvo.hu\/wp-content\/uploads\/2018\/01\/TP21_Hogster-768x576.jpg 768w\" sizes=\"(max-width: 800px) 100vw, 800px\" \/><\/p>\n<hr>\n<p style=\"text-align: center;\"><em><span style=\"color: #808080;\">A honlapon szerepl\u0151 anyagok, k\u00e9pek a \u201cVolvo Car Corporation\u201d \u00e9s a magyarorsz\u00e1gi veter\u00e1n Volv\u00f3k tulajdonosainak szellemi tulajdon\u00e1t k\u00e9pezik!<\/span><\/em><\/p>\n<p style=\"text-align: right;\"><a href=\"http:\/\/cicvarekkuckoja.hu\/volvo4xx\/volvok\/weblap-keszites-szerkesztes-es-karbantartas\/\"><span style=\"color: #999999;\">Webmester &#8211; minden, ami port\u00e1l\u00e9p\u00edt\u00e9s!<\/span><\/a><\/p>\n<p>&nbsp;<\/p>\n","protected":false},"excerpt":{"rendered":"<p>TP 21 Sugga (1953) Az els\u0151 terepes Volvo a TPV volt, melyet a II. vil\u00e1gh\u00e1bor\u00fa utols\u00f3 el\u0151tti \u00e9v\u00e9ben kezdtek \u00e9p\u00edteni, felhaszn\u00e1lva a PV801-es taxi kasztnij\u00e1t, ez is lett az egyik hib\u00e1ja: a t\u00fal hossz\u00fa tengelyt\u00e1v. \u00d6sszesen&nbsp;210 darabot gy\u00e1rtottak ebb\u0151l a t\u00edpusb\u00f3l. Ezt kik\u00fcsz\u00f6b\u00f6lend\u0151, az \u00fajabb PV831-es taxi (6 216 db.) b\u00f3d\u00e9j\u00e1t felhaszn\u00e1lva k\u00e9sz\u00edtett\u00e9k el a [&hellip;]<\/p>\n","protected":false},"author":1,"featured_media":0,"parent":76,"menu_order":0,"comment_status":"closed","ping_status":"closed","template":"","meta":{"footnotes":""},"class_list":["post-668","page","type-page","status-publish","hentry"],"_links":{"self":[{"href":"https:\/\/www.veteranvolvo.hu\/index.php?rest_route=\/wp\/v2\/pages\/668","targetHints":{"allow":["GET"]}}],"collection":[{"href":"https:\/\/www.veteranvolvo.hu\/index.php?rest_route=\/wp\/v2\/pages"}],"about":[{"href":"https:\/\/www.veteranvolvo.hu\/index.php?rest_route=\/wp\/v2\/types\/page"}],"author":[{"embeddable":true,"href":"https:\/\/www.veteranvolvo.hu\/index.php?rest_route=\/wp\/v2\/users\/1"}],"replies":[{"embeddable":true,"href":"https:\/\/www.veteranvolvo.hu\/index.php?rest_route=%2Fwp%2Fv2%2Fcomments&post=668"}],"version-history":[{"count":5,"href":"https:\/\/www.veteranvolvo.hu\/index.php?rest_route=\/wp\/v2\/pages\/668\/revisions"}],"predecessor-version":[{"id":5574,"href":"https:\/\/www.veteranvolvo.hu\/index.php?rest_route=\/wp\/v2\/pages\/668\/revisions\/5574"}],"up":[{"embeddable":true,"href":"https:\/\/www.veteranvolvo.hu\/index.php?rest_route=\/wp\/v2\/pages\/76"}],"wp:attachment":[{"href":"https:\/\/www.veteranvolvo.hu\/index.php?rest_route=%2Fwp%2Fv2%2Fmedia&parent=668"}],"curies":[{"name":"wp","href":"https:\/\/api.w.org\/{rel}","templated":true}]}}