{"id":4788,"date":"2018-11-03T16:42:26","date_gmt":"2018-11-03T15:42:26","guid":{"rendered":"http:\/\/www.veteranvolvo.hu\/?page_id=4788"},"modified":"2018-11-03T16:50:22","modified_gmt":"2018-11-03T15:50:22","slug":"eromero-volvo-940-gle","status":"publish","type":"page","link":"https:\/\/www.veteranvolvo.hu\/?page_id=4788","title":{"rendered":"Er\u0151m\u00e9r\u0151: Volvo 940 GLE"},"content":{"rendered":"<h2 class=\"cim\">A Volvo amit csak im\u00e1dni lehet<\/h2>\n<div class=\"cikk-header-container \">\n<div class=\"cover-container\">\n<div class=\"container cikk-header\">\n<div class=\"content-title\">\n<p class=\"alcim\">Totalcar Er\u0151m\u00e9r\u0151: Volvo 940 GLE \u2013 1991.<\/p>\n<p><em>&#8222;Az <a href=\"http:\/\/www.autokorbel.hu\/\">Aut\u00f3korbeln\u00e9l<\/a> ahol <a href=\"http:\/\/totalcar.hu\/magazin\/technika\/2017\/06\/30\/mennyi_ero_maradt_az_autodban\/\"> az olvas\u00f3k aut\u00f3inak teljes\u00edtm\u00e9ny\u00e9t m\u00e9rj\u00fcnk<\/a>, ism\u00e9t egy j\u00f3 \u00e1llapot\u00fa youngtimer a szt\u00e1r. P\u00e1rj\u00e1t ritk\u00edtja ez a Volvo, \u00e9s nem csak a kora, hanem felszerelts\u00e9ge miatt is. Vajon a motorja mennyire b\u00edrta az elm\u00falt majdnem harminc \u00e9vet?&#8221;<\/em><\/p>\n<p><a href=\"https:\/\/totalcar.hu\/magazin\/technika\/2018\/10\/26\/eromero_volvo_940_gle_1991\/?utm_source=index.hu&amp;utm_medium=doboz&amp;utm_campaign=link&amp;fbclid=IwAR08T6czgs3FafE-AR1wIaWhbQfWbAQMXFB7d3hGCZFXS46hC-2p9DDtQHA\">Tov\u00e1bb a cikkhez.<\/a><\/p>\n<p><iframe title=\"Totalcar Er\u0151m\u00e9r\u0151: A Volvo amit csak im\u00e1dni lehet\" width=\"640\" height=\"360\" src=\"https:\/\/www.youtube.com\/embed\/jpqY5n9Iu6c?feature=oembed\" frameborder=\"0\" allow=\"accelerometer; autoplay; clipboard-write; encrypted-media; gyroscope; picture-in-picture; web-share\" referrerpolicy=\"strict-origin-when-cross-origin\" allowfullscreen><\/iframe><\/p>\n<\/div>\n<\/div>\n<\/div>\n<\/div>\n","protected":false},"excerpt":{"rendered":"<p>A Volvo amit csak im\u00e1dni lehet Totalcar Er\u0151m\u00e9r\u0151: Volvo 940 GLE \u2013 1991. &#8222;Az Aut\u00f3korbeln\u00e9l ahol az olvas\u00f3k aut\u00f3inak teljes\u00edtm\u00e9ny\u00e9t m\u00e9rj\u00fcnk, ism\u00e9t egy j\u00f3 \u00e1llapot\u00fa youngtimer a szt\u00e1r. P\u00e1rj\u00e1t ritk\u00edtja ez a Volvo, \u00e9s nem csak a kora, hanem felszerelts\u00e9ge miatt is. Vajon a motorja mennyire b\u00edrta az elm\u00falt majdnem harminc \u00e9vet?&#8221; Tov\u00e1bb a cikkhez.<\/p>\n","protected":false},"author":5,"featured_media":0,"parent":3684,"menu_order":0,"comment_status":"closed","ping_status":"closed","template":"","meta":{"footnotes":""},"class_list":["post-4788","page","type-page","status-publish","hentry"],"_links":{"self":[{"href":"https:\/\/www.veteranvolvo.hu\/index.php?rest_route=\/wp\/v2\/pages\/4788","targetHints":{"allow":["GET"]}}],"collection":[{"href":"https:\/\/www.veteranvolvo.hu\/index.php?rest_route=\/wp\/v2\/pages"}],"about":[{"href":"https:\/\/www.veteranvolvo.hu\/index.php?rest_route=\/wp\/v2\/types\/page"}],"author":[{"embeddable":true,"href":"https:\/\/www.veteranvolvo.hu\/index.php?rest_route=\/wp\/v2\/users\/5"}],"replies":[{"embeddable":true,"href":"https:\/\/www.veteranvolvo.hu\/index.php?rest_route=%2Fwp%2Fv2%2Fcomments&post=4788"}],"version-history":[{"count":1,"href":"https:\/\/www.veteranvolvo.hu\/index.php?rest_route=\/wp\/v2\/pages\/4788\/revisions"}],"predecessor-version":[{"id":4789,"href":"https:\/\/www.veteranvolvo.hu\/index.php?rest_route=\/wp\/v2\/pages\/4788\/revisions\/4789"}],"up":[{"embeddable":true,"href":"https:\/\/www.veteranvolvo.hu\/index.php?rest_route=\/wp\/v2\/pages\/3684"}],"wp:attachment":[{"href":"https:\/\/www.veteranvolvo.hu\/index.php?rest_route=%2Fwp%2Fv2%2Fmedia&parent=4788"}],"curies":[{"name":"wp","href":"https:\/\/api.w.org\/{rel}","templated":true}]}}