{"id":4618,"date":"2018-10-24T17:09:45","date_gmt":"2018-10-24T15:09:45","guid":{"rendered":"http:\/\/www.veteranvolvo.hu\/?page_id=4618"},"modified":"2019-02-24T22:09:00","modified_gmt":"2019-02-24T21:09:00","slug":"alkatresz-ellatas","status":"publish","type":"page","link":"https:\/\/www.veteranvolvo.hu\/?page_id=4618","title":{"rendered":"Alkatr\u00e9sz ell\u00e1t\u00e1s"},"content":{"rendered":"<h3 style=\"text-align: left;\"><span style=\"color: #000080;\"><em>Bontott \u00e9s esetlegesen \u00faj alkatr\u00e9szek<\/em><\/span><strong><span style=\"color: #800000;\"><br \/>\n<\/span><\/strong><\/h3>\n<p style=\"text-align: left;\"><strong><span style=\"color: #800000;\"><br \/>\n<\/span><\/strong><strong><span style=\"color: #800000;\">Budapest.<br \/>\n<\/span><\/strong><span style=\"color: #000000;\">200, 700, 900-as sz\u00e9ri\u00e1k<\/span><strong><span style=\"color: #800000;\"><br \/>\n<\/span><\/strong><span style=\"color: #000000;\">Sur\u00e1nyi Gerg\u0151 <span class=\"_5yl5\">06 30 623 9326<\/span><br \/>\n<span class=\"_5yl5\">suranyi.gergo@gmail.com<\/span><\/span><\/p>\n<p><strong><span style=\"color: #800000;\"><br \/>\n\u00c9rd.<br \/>\n<\/span><\/strong><span style=\"color: #000000;\">700-as, 900-as, \u00e9s kisebb mennyis\u00e9gben 200-as sz\u00e9ri\u00e1khoz<\/span><strong><span style=\"color: #800000;\">.<br \/>\n<\/span><\/strong><span style=\"color: #800000;\"><span style=\"color: #000000;\">Barna L\u00e1szl\u00f3<\/span><\/span><strong><span style=\"color: #800000;\"><br \/>\n<\/span><\/strong><\/p>\n<p style=\"text-align: left;\"><span style=\"color: #800000;\"><strong>Hatvan.<\/strong><\/span><br \/>\n700-as 900-as sz\u00e9ri\u00e1k<br \/>\nKoncz Szilveszter <span class=\"_5yl5\">30\/528-75-75<br \/>\n<\/span><span class=\"_5yl5\">no_para@mailbox.hu<\/span><\/p>\n<p><span style=\"color: #800000;\"><strong>Debrecen<\/strong><\/span><br \/>\n700-as, 900-as sz\u00e9ri\u00e1k<br \/>\nSas J\u00f3zsef R\u00f3me\u00f3 <span class=\"_5yl5\">30\/3902083<br \/>\n<\/span><span class=\"_5yl5\">romeo.sas@freemail.hu<\/span><\/p>\n<h4><span style=\"color: #000080;\"><strong><em>Gener\u00e1tor, \u00f6nind\u00edt\u00f3 fel\u00faj\u00edt\u00e1s:<\/em><\/strong><\/span><\/h4>\n<p><strong><span style=\"color: #800000;\"><em>Budapest.<\/em><\/span><\/strong><\/p>\n<p><span class=\" UFICommentActorAndBody\"><span data-ft=\"{&quot;tn&quot;:&quot;K&quot;}\"><span class=\"UFICommentBody _1n4g\">Fer-Vill Kft<br \/>\n1107 Fert\u0151 u. 14.,<br \/>\n(1) 264 2044<br \/>\nhttp:\/\/www.fervill.hu\/<br \/>\nAz orsz\u00e1g t\u00f6bb ter\u00fclet\u00e9n el\u00e9rhet\u0151.<br \/>\n<a class=\"\" dir=\"ltr\" href=\"https:\/\/goo.gl\/maps\/BVStP3cg8dF2?fbclid=IwAR0Hfh40mOhL4FqVOwmI-V3n8FqHRrSRlCmj-ta7a9qQ7eH2yH1UJ2cwP0I\" target=\"_blank\" rel=\"nofollow noopener\" data-lynx-mode=\"hover\" data-lynx-uri=\"https:\/\/l.facebook.com\/l.php?u=https%3A%2F%2Fgoo.gl%2Fmaps%2FBVStP3cg8dF2%3Ffbclid%3DIwAR0Hfh40mOhL4FqVOwmI-V3n8FqHRrSRlCmj-ta7a9qQ7eH2yH1UJ2cwP0I&amp;h=AT3ZFx4JYhn_u_ZGB5s9uM7TojhyYrWMNeeprUhtG7e13a__lQfJAsdtMo-N5AttXSEh6itEVXIvIfbRFfFSWEWvNLqaj2Qu4djSbC4aVaEdpeQF8ZUqwR3B\">https:\/\/goo.gl\/maps\/BVStP3cg8dF2<\/a><\/span><\/span><\/span><\/p>\n<p><span style=\"color: #800000;\"><em><strong>Buda\u00f6rs.<\/strong><\/em><\/span><\/p>\n<p><span style=\"color: #000000;\">Kelle Familia Kft.<\/span><em><strong><br \/>\n<\/strong><span style=\"color: #000000;\">2040 Buda\u00f6rs iparos utca 1<\/span><strong><br \/>\n<\/strong><\/em><span style=\"color: #000000;\">06-23-430-000<\/span><br \/>\n<span style=\"color: #000000;\">06-23-430-030<\/span><br \/>\n<a href=\"http:\/\/www.kelle.hu\/\">http:\/\/www.kelle.hu\/<\/a><br \/>\n<span style=\"color: #000000;\">kelle@kelle.hu<\/span><\/p>\n<p><span style=\"color: #800000;\">Web oldalak:<\/span><\/p>\n<p>https:\/\/shop.nordicar.com\/en-gb\/volvo-parts\/<\/p>\n<p><strong><span style=\"color: #800000;\">Volvo Jelv\u00e9nyek,<\/span><span style=\"color: #800000;\"> feliratok:<\/span><\/strong><br \/>\nhttps:\/\/shop.nordicar.com\/en-gb\/volvo-parts\/volvo-car-body.html#q=&#038;idx=volvo_en_products&#038;p=1&#038;hFR%5Bcategories.level0%5D%5B0%5D=Car%20body&#038;is_v=1<\/p>\n<p><span style=\"color: #800000;\"><strong>Skandix<\/strong><\/span><br \/>\n<span style=\"color: #800000;\"><span style=\"color: #000000;\">http:\/\/www.skandix.de\/en<\/span><\/span><\/p>\n<p><em><span style=\"color: #800000;\"><strong>Tradera<\/strong><\/span><br \/>\n<span style=\"color: #000000;\">https:\/\/www.tradera.com\/search?q=volvo%20740&amp;categoryId=0<\/span><\/em><\/p>\n","protected":false},"excerpt":{"rendered":"<p>Bontott \u00e9s esetlegesen \u00faj alkatr\u00e9szek Budapest. 200, 700, 900-as sz\u00e9ri\u00e1k Sur\u00e1nyi Gerg\u0151 06 30 623 9326 suranyi.gergo@gmail.com \u00c9rd. 700-as, 900-as, \u00e9s kisebb mennyis\u00e9gben 200-as sz\u00e9ri\u00e1khoz. Barna L\u00e1szl\u00f3 Hatvan. 700-as 900-as sz\u00e9ri\u00e1k Koncz Szilveszter 30\/528-75-75 no_para@mailbox.hu Debrecen 700-as, 900-as sz\u00e9ri\u00e1k Sas J\u00f3zsef R\u00f3me\u00f3 30\/3902083 romeo.sas@freemail.hu Gener\u00e1tor, \u00f6nind\u00edt\u00f3 fel\u00faj\u00edt\u00e1s: Budapest. Fer-Vill Kft 1107 Fert\u0151 u. 14., (1) [&hellip;]<\/p>\n","protected":false},"author":5,"featured_media":0,"parent":354,"menu_order":0,"comment_status":"closed","ping_status":"closed","template":"","meta":{"footnotes":""},"class_list":["post-4618","page","type-page","status-publish","hentry"],"_links":{"self":[{"href":"https:\/\/www.veteranvolvo.hu\/index.php?rest_route=\/wp\/v2\/pages\/4618","targetHints":{"allow":["GET"]}}],"collection":[{"href":"https:\/\/www.veteranvolvo.hu\/index.php?rest_route=\/wp\/v2\/pages"}],"about":[{"href":"https:\/\/www.veteranvolvo.hu\/index.php?rest_route=\/wp\/v2\/types\/page"}],"author":[{"embeddable":true,"href":"https:\/\/www.veteranvolvo.hu\/index.php?rest_route=\/wp\/v2\/users\/5"}],"replies":[{"embeddable":true,"href":"https:\/\/www.veteranvolvo.hu\/index.php?rest_route=%2Fwp%2Fv2%2Fcomments&post=4618"}],"version-history":[{"count":12,"href":"https:\/\/www.veteranvolvo.hu\/index.php?rest_route=\/wp\/v2\/pages\/4618\/revisions"}],"predecessor-version":[{"id":4947,"href":"https:\/\/www.veteranvolvo.hu\/index.php?rest_route=\/wp\/v2\/pages\/4618\/revisions\/4947"}],"up":[{"embeddable":true,"href":"https:\/\/www.veteranvolvo.hu\/index.php?rest_route=\/wp\/v2\/pages\/354"}],"wp:attachment":[{"href":"https:\/\/www.veteranvolvo.hu\/index.php?rest_route=%2Fwp%2Fv2%2Fmedia&parent=4618"}],"curies":[{"name":"wp","href":"https:\/\/api.w.org\/{rel}","templated":true}]}}