{"id":4198,"date":"2018-03-18T15:39:01","date_gmt":"2018-03-18T14:39:01","guid":{"rendered":"http:\/\/www.veteranvolvo.hu\/?page_id=4198"},"modified":"2018-03-18T16:00:11","modified_gmt":"2018-03-18T15:00:11","slug":"monsters-truck-os-zuzas","status":"publish","type":"page","link":"https:\/\/www.veteranvolvo.hu\/?page_id=4198","title":{"rendered":"Monsters Truck-os z\u00faz\u00e1s"},"content":{"rendered":"<p><a href=\"http:\/\/www.veteranvolvo.hu\/?attachment_id=4199\" rel=\"attachment wp-att-4199\"><img fetchpriority=\"high\" decoding=\"async\" class=\"alignnone size-full wp-image-4199\" src=\"http:\/\/www.veteranvolvo.hu\/wp-content\/uploads\/2018\/03\/volvo-55575f4f0da38.jpg\" alt=\"\" width=\"700\" height=\"968\" srcset=\"https:\/\/www.veteranvolvo.hu\/wp-content\/uploads\/2018\/03\/volvo-55575f4f0da38.jpg 700w, https:\/\/www.veteranvolvo.hu\/wp-content\/uploads\/2018\/03\/volvo-55575f4f0da38-217x300.jpg 217w\" sizes=\"(max-width: 700px) 100vw, 700px\" \/><\/a><\/p>\n<h4 style=\"text-align: center;\"><em><strong>A k\u00e9p sz\u00f6vege:<\/strong><\/em><\/h4>\n<p><em><span class=\" UFICommentActorAndBody\"><span class=\"UFICommentBody _1n4g\"> Felismered a Volv\u00f3t?<\/span><\/span><\/em><\/p>\n<p>1990. j\u00fanius 12-\u00e9n a Volvo t\u00f6nkretett egy egy\u00e9bk\u00e9nt t\u00f6k\u00e9letes aut\u00f3t\u00f6r\u0151 ki\u00e1ll\u00edt\u00e1st.<br \/>\nFred Shafer, sz\u00f6rnyeteg teherg\u00e9pkocsi-vezet\u0151 szerint &#8222;mindent megpr\u00f3b\u00e1ltam. Az az \u00e1tkozott dolog nem adta meg mag\u00e1t.&#8221; Nem is k\u00e9rhetn\u00e9nk jobb j\u00f3v\u00e1hagy\u00e1st , ez Volvo..<\/p>\n<p><iframe title=\"Volvo Monster Truck\" src=\"https:\/\/player.vimeo.com\/video\/69567149?dnt=1&amp;app_id=122963\" width=\"640\" height=\"427\" frameborder=\"0\" allow=\"autoplay; fullscreen; picture-in-picture; clipboard-write; encrypted-media\"><\/iframe><\/p>\n","protected":false},"excerpt":{"rendered":"<p>A k\u00e9p sz\u00f6vege: Felismered a Volv\u00f3t? 1990. j\u00fanius 12-\u00e9n a Volvo t\u00f6nkretett egy egy\u00e9bk\u00e9nt t\u00f6k\u00e9letes aut\u00f3t\u00f6r\u0151 ki\u00e1ll\u00edt\u00e1st. Fred Shafer, sz\u00f6rnyeteg teherg\u00e9pkocsi-vezet\u0151 szerint &#8222;mindent megpr\u00f3b\u00e1ltam. Az az \u00e1tkozott dolog nem adta meg mag\u00e1t.&#8221; Nem is k\u00e9rhetn\u00e9nk jobb j\u00f3v\u00e1hagy\u00e1st , ez Volvo..<\/p>\n","protected":false},"author":5,"featured_media":0,"parent":3684,"menu_order":0,"comment_status":"closed","ping_status":"closed","template":"","meta":{"footnotes":""},"class_list":["post-4198","page","type-page","status-publish","hentry"],"_links":{"self":[{"href":"https:\/\/www.veteranvolvo.hu\/index.php?rest_route=\/wp\/v2\/pages\/4198","targetHints":{"allow":["GET"]}}],"collection":[{"href":"https:\/\/www.veteranvolvo.hu\/index.php?rest_route=\/wp\/v2\/pages"}],"about":[{"href":"https:\/\/www.veteranvolvo.hu\/index.php?rest_route=\/wp\/v2\/types\/page"}],"author":[{"embeddable":true,"href":"https:\/\/www.veteranvolvo.hu\/index.php?rest_route=\/wp\/v2\/users\/5"}],"replies":[{"embeddable":true,"href":"https:\/\/www.veteranvolvo.hu\/index.php?rest_route=%2Fwp%2Fv2%2Fcomments&post=4198"}],"version-history":[{"count":4,"href":"https:\/\/www.veteranvolvo.hu\/index.php?rest_route=\/wp\/v2\/pages\/4198\/revisions"}],"predecessor-version":[{"id":4215,"href":"https:\/\/www.veteranvolvo.hu\/index.php?rest_route=\/wp\/v2\/pages\/4198\/revisions\/4215"}],"up":[{"embeddable":true,"href":"https:\/\/www.veteranvolvo.hu\/index.php?rest_route=\/wp\/v2\/pages\/3684"}],"wp:attachment":[{"href":"https:\/\/www.veteranvolvo.hu\/index.php?rest_route=%2Fwp%2Fv2%2Fmedia&parent=4198"}],"curies":[{"name":"wp","href":"https:\/\/api.w.org\/{rel}","templated":true}]}}