{"id":395,"date":"2018-01-11T08:23:18","date_gmt":"2018-01-11T07:23:18","guid":{"rendered":"http:\/\/demo.charlottesweb.hu\/vv\/?page_id=395"},"modified":"2018-02-20T12:50:15","modified_gmt":"2018-02-20T11:50:15","slug":"linkek","status":"publish","type":"page","link":"https:\/\/www.veteranvolvo.hu\/?page_id=395","title":{"rendered":"Linkek"},"content":{"rendered":"<ul>\n<li><strong><a href=\"https:\/\/www.volvoclub.org.uk\/\">The VOLVO Owners&#8217; Club<\/a><\/strong> (az \u00f6sszes t\u00edpus gy\u0171jt\u0151port\u00e1lja, GB)<\/li>\n<li><a href=\"https:\/\/www.volvobertone.com\/volvolinks.html\"><strong>Volvo Car Corporation worldwide web sites <\/strong><\/a>(klubok, t\u00edpusok linkjei)<\/li>\n<li><a href=\"http:\/\/minvolvo.blogspot.hu\/2016\/04\/volvo-740-brochure-de.html\"><strong>My world of Volvo<\/strong><\/a> (beszkennelt gy\u00e1ri prospektusok, 140, 400, 700, 900, 850, S\/V90)<\/li>\n<\/ul>\n<hr \/>\n<p><strong>VOLVO Webshopok<\/strong><\/p>\n<ul>\n<li><strong><a href=\"http:\/\/www.skandix.com\/#1\">Scandix\u00a0<\/a><\/strong><\/li>\n<li><strong><a href=\"http:\/\/www.scantechproducts.com\/\">Scantech<\/a><\/strong><\/li>\n<li><strong><a href=\"http:\/\/www.cvi-automotive.se\/en\">CVI Automotive<\/a><\/strong><\/li>\n<li><strong><a href=\"https:\/\/www.volvoonderdelen.net\/en\/\">Volvoonderdelen<\/a><\/strong><\/li>\n<li><strong><a href=\"http:\/\/www.vp-autoparts.com\/main.aspx?page=Main_FirstPage\">VP Autoparts<\/a><\/strong><\/li>\n<\/ul>\n<hr \/>\n<ul>\n<li>140-160:\u00a0<a href=\"http:\/\/www.140-klubben.org\/en\/\">Svenska Volvo 140-klubben<\/a>\u00a0(S)<\/li>\n<li>240-260:\u00a0<a href=\"http:\/\/www.volvo240-260register.nl\/PROD\/\">Register<\/a> (NL)<\/li>\n<li>340-360: <a href=\"http:\/\/www.volvo300mania.com\/uk\/\">Volvo300mania.com<\/a><\/li>\n<li>480-440-460: <a href=\"http:\/\/cicvarekkuckoja.hu\/volvo4xx\/\">Volvo4xx.hu<\/a>, <a href=\"http:\/\/www.volvo-480-europe.org\/index.php\">Volvo480 Club Europe<\/a><\/li>\n<li>740-760-940-960: <a href=\"https:\/\/volvo700vereniging.nl\/\">Volvo 700 Vereniging<\/a> (NL)<\/li>\n<li>850: <a href=\"https:\/\/www.volvo850club.nl\/pages\/1\/Home\/\">Volvo 850 Club Nederland<\/a> (NL)<\/li>\n<\/ul>\n<p><img fetchpriority=\"high\" decoding=\"async\" class=\"aligncenter wp-image-24 size-full\" src=\"http:\/\/demo.charlottesweb.hu\/vv\/wp-content\/uploads\/2018\/01\/volvo.jpg\" alt=\"\" width=\"600\" height=\"130\" srcset=\"https:\/\/www.veteranvolvo.hu\/wp-content\/uploads\/2018\/01\/volvo.jpg 600w, https:\/\/www.veteranvolvo.hu\/wp-content\/uploads\/2018\/01\/volvo-300x65.jpg 300w\" sizes=\"(max-width: 600px) 100vw, 600px\" \/><\/p>\n<p>&nbsp;<\/p>\n<hr \/>\n<p style=\"text-align: center;\"><em><span style=\"color: #808080;\">A honlapon szerepl\u0151 anyagok, k\u00e9pek a \u201cVolvo Car Corporation\u201d \u00e9s a magyarorsz\u00e1gi veter\u00e1n Volv\u00f3k tulajdonosainak szellemi tulajdon\u00e1t k\u00e9pezik!<\/span><\/em><\/p>\n<p style=\"text-align: right;\"><a href=\"http:\/\/cicvarekkuckoja.hu\/volvo4xx\/volvok\/weblap-keszites-szerkesztes-es-karbantartas\/\"><span style=\"color: #999999;\">Webmester &#8211; minden, ami port\u00e1l\u00e9p\u00edt\u00e9s!<\/span><\/a><\/p>\n","protected":false},"excerpt":{"rendered":"<p>The VOLVO Owners&#8217; Club (az \u00f6sszes t\u00edpus gy\u0171jt\u0151port\u00e1lja, GB) Volvo Car Corporation worldwide web sites (klubok, t\u00edpusok linkjei) My world of Volvo (beszkennelt gy\u00e1ri prospektusok, 140, 400, 700, 900, 850, S\/V90) VOLVO Webshopok Scandix\u00a0 Scantech CVI Automotive Volvoonderdelen VP Autoparts 140-160:\u00a0Svenska Volvo 140-klubben\u00a0(S) 240-260:\u00a0Register (NL) 340-360: Volvo300mania.com 480-440-460: Volvo4xx.hu, Volvo480 Club Europe 740-760-940-960: Volvo 700 [&hellip;]<\/p>\n","protected":false},"author":1,"featured_media":0,"parent":354,"menu_order":0,"comment_status":"closed","ping_status":"closed","template":"","meta":{"footnotes":""},"class_list":["post-395","page","type-page","status-publish","hentry"],"_links":{"self":[{"href":"https:\/\/www.veteranvolvo.hu\/index.php?rest_route=\/wp\/v2\/pages\/395","targetHints":{"allow":["GET"]}}],"collection":[{"href":"https:\/\/www.veteranvolvo.hu\/index.php?rest_route=\/wp\/v2\/pages"}],"about":[{"href":"https:\/\/www.veteranvolvo.hu\/index.php?rest_route=\/wp\/v2\/types\/page"}],"author":[{"embeddable":true,"href":"https:\/\/www.veteranvolvo.hu\/index.php?rest_route=\/wp\/v2\/users\/1"}],"replies":[{"embeddable":true,"href":"https:\/\/www.veteranvolvo.hu\/index.php?rest_route=%2Fwp%2Fv2%2Fcomments&post=395"}],"version-history":[{"count":23,"href":"https:\/\/www.veteranvolvo.hu\/index.php?rest_route=\/wp\/v2\/pages\/395\/revisions"}],"predecessor-version":[{"id":1919,"href":"https:\/\/www.veteranvolvo.hu\/index.php?rest_route=\/wp\/v2\/pages\/395\/revisions\/1919"}],"up":[{"embeddable":true,"href":"https:\/\/www.veteranvolvo.hu\/index.php?rest_route=\/wp\/v2\/pages\/354"}],"wp:attachment":[{"href":"https:\/\/www.veteranvolvo.hu\/index.php?rest_route=%2Fwp%2Fv2%2Fmedia&parent=395"}],"curies":[{"name":"wp","href":"https:\/\/api.w.org\/{rel}","templated":true}]}}