{"id":3856,"date":"2018-03-05T22:16:03","date_gmt":"2018-03-05T21:16:03","guid":{"rendered":"http:\/\/www.veteranvolvo.hu\/?page_id=3856"},"modified":"2019-10-13T21:27:25","modified_gmt":"2019-10-13T19:27:25","slug":"hadi-es-megkulonboztetett-jarmuvek","status":"publish","type":"page","link":"https:\/\/www.veteranvolvo.hu\/?page_id=3856","title":{"rendered":"Hadi \u00e9s megk\u00fcl\u00f6nb\u00f6ztetett j\u00e1rm\u0171vek"},"content":{"rendered":"<h3 style=\"text-align: center;\"><strong><em>Volvo C202<\/em><\/strong><\/h3>\n<p>&nbsp;<\/p>\n<hr>\n<h3 style=\"text-align: center;\"><strong><em>Volvo C306<\/em><\/strong><\/h3>\n<hr>\n<p>&nbsp;<\/p>\n","protected":false},"excerpt":{"rendered":"<p>Volvo C202 &nbsp; Volvo C306 &nbsp;<\/p>\n","protected":false},"author":5,"featured_media":0,"parent":0,"menu_order":0,"comment_status":"closed","ping_status":"closed","template":"","meta":{"footnotes":""},"class_list":["post-3856","page","type-page","status-publish","hentry"],"_links":{"self":[{"href":"https:\/\/www.veteranvolvo.hu\/index.php?rest_route=\/wp\/v2\/pages\/3856","targetHints":{"allow":["GET"]}}],"collection":[{"href":"https:\/\/www.veteranvolvo.hu\/index.php?rest_route=\/wp\/v2\/pages"}],"about":[{"href":"https:\/\/www.veteranvolvo.hu\/index.php?rest_route=\/wp\/v2\/types\/page"}],"author":[{"embeddable":true,"href":"https:\/\/www.veteranvolvo.hu\/index.php?rest_route=\/wp\/v2\/users\/5"}],"replies":[{"embeddable":true,"href":"https:\/\/www.veteranvolvo.hu\/index.php?rest_route=%2Fwp%2Fv2%2Fcomments&post=3856"}],"version-history":[{"count":2,"href":"https:\/\/www.veteranvolvo.hu\/index.php?rest_route=\/wp\/v2\/pages\/3856\/revisions"}],"predecessor-version":[{"id":5563,"href":"https:\/\/www.veteranvolvo.hu\/index.php?rest_route=\/wp\/v2\/pages\/3856\/revisions\/5563"}],"wp:attachment":[{"href":"https:\/\/www.veteranvolvo.hu\/index.php?rest_route=%2Fwp%2Fv2%2Fmedia&parent=3856"}],"curies":[{"name":"wp","href":"https:\/\/api.w.org\/{rel}","templated":true}]}}