{"id":3691,"date":"2018-03-04T00:13:22","date_gmt":"2018-03-03T23:13:22","guid":{"rendered":"http:\/\/www.veteranvolvo.hu\/?page_id=3691"},"modified":"2018-03-04T23:28:00","modified_gmt":"2018-03-04T22:28:00","slug":"veteranos-tars-oldalak","status":"publish","type":"page","link":"https:\/\/www.veteranvolvo.hu\/?page_id=3691","title":{"rendered":"Veter\u00e1nos t\u00e1rs oldalak, klubok"},"content":{"rendered":"<p><span style=\"color: #3366ff;\"><a style=\"color: #3366ff;\" href=\"https:\/\/saab900.hu\/\"><strong><em>Saab 900<\/em> <\/strong><\/a><\/span><\/p>\n<p><a href=\"http:\/\/trabantklub.hu\/\"><em><strong><span style=\"color: #3366ff;\">Trabant-Wartburg Klub<\/span><\/strong><\/em><\/a><\/p>\n<p><span style=\"color: #3366ff;\"><a style=\"color: #3366ff;\" href=\"https:\/\/www.veteranzsiguli.hu\/\"><strong><em>Veter\u00e1n Zsiguli<\/em><\/strong><\/a><\/span><\/p>\n<p class=\"r\"><span style=\"color: #3366ff;\"><em><strong><a style=\"color: #3366ff;\" href=\"http:\/\/magyarzsigulilada.hu\" data-cthref=\"\/url?sa=t&amp;rct=j&amp;q=&amp;esrc=s&amp;source=web&amp;cd=3&amp;cad=rja&amp;uact=8&amp;ved=0ahUKEwiCp-u6pNHZAhUMPFAKHdTOBioQFgg9MAI&amp;url=http%3A%2F%2Fmagyarzsigulilada.hu%2F&amp;usg=AOvVaw0LGyitViCzu8U5GR4Acl8q\">Magyarorsz\u00e1gi Veter\u00e1n Zsiguli \u00e9s Lada Egyes\u00fclet <\/a><\/strong><\/em><\/span><\/p>\n<p><a href=\"http:\/\/zsiguli.hu\/\"><span style=\"color: #3366ff;\"><em><strong>Lada Bar\u00e1ti K\u00f6r<\/strong><\/em><\/span><\/a><\/p>\n<p class=\"r\"><a href=\"http:\/\/zaporozsec.com\/\" data-cthref=\"\/url?sa=t&amp;rct=j&amp;q=&amp;esrc=s&amp;source=web&amp;cd=1&amp;cad=rja&amp;uact=8&amp;ved=0ahUKEwjCoLvCptHZAhWIJlAKHUVkA0wQFggmMAA&amp;url=http%3A%2F%2Fzaporozsec.com%2F&amp;usg=AOvVaw1y0gkjJqU0UaSKX8QWTyyX\"><span style=\"color: #3366ff;\"><em><strong>Zaporozsec Klub<\/strong><\/em><\/span><\/a><\/p>\n<p><a href=\"http:\/\/www.uaz4x4.hu\/\"><span style=\"color: #3366ff;\"><em><strong>UAZ Klub Hungary<\/strong><\/em><\/span><\/a><\/p>\n<p class=\"r\"><a href=\"http:\/\/www.mbcm.hu\"><em><strong><span style=\"color: #3366ff;\">Mercedes Benz Classic Magyarorsz\u00e1g<\/span><\/strong><\/em><\/a><\/p>\n<p><em><strong>Magyar Veter\u00e1naut\u00f3s \u00e9s Motoros Sz\u00f6vets\u00e9g<\/strong><\/em><img decoding=\"async\" class=\"size-full wp-image-3701 alignleft\" src=\"http:\/\/www.veteranvolvo.hu\/wp-content\/uploads\/2018\/03\/Fivaemb.jpg\" alt=\"\" width=\"150\" height=\"149\" srcset=\"https:\/\/www.veteranvolvo.hu\/wp-content\/uploads\/2018\/03\/Fivaemb.jpg 150w, https:\/\/www.veteranvolvo.hu\/wp-content\/uploads\/2018\/03\/Fivaemb-100x100.jpg 100w\" sizes=\"(max-width: 150px) 100vw, 150px\" \/><br \/>\na F.I.V.A. tagja<img decoding=\"async\" class=\"size-full wp-image-3702 alignright\" src=\"http:\/\/www.veteranvolvo.hu\/wp-content\/uploads\/2018\/03\/emblema-copy.jpg\" alt=\"\" width=\"150\" height=\"149\" srcset=\"https:\/\/www.veteranvolvo.hu\/wp-content\/uploads\/2018\/03\/emblema-copy.jpg 150w, https:\/\/www.veteranvolvo.hu\/wp-content\/uploads\/2018\/03\/emblema-copy-100x100.jpg 100w\" sizes=\"(max-width: 150px) 100vw, 150px\" \/><br \/>\nH-1134 Budapest, Szabolcs u. 32-34<br \/>\nTel: +36-1-320-2057 Fax: +36-1-320-2050<br \/>\nMobil: +36-309-904-817<br \/>\nE-mail: <a href=\"mailto:mavamsz@compute.hu\"><span style=\"color: #3366ff;\">mavamsz@compute.hu<\/span><\/a><br \/>\nInternet:<span style=\"color: #3366ff;\"> <a style=\"color: #3366ff;\" href=\"http:\/\/www.mavamsz.hu\" target=\"_blank\" rel=\"noopener\">www.mavamsz.hu<\/a><\/span><\/p>\n<p class=\"r\"><a href=\"http:\/\/mavamsz.hu\/magyar-nosztalgia-es-hobbijarmu-regiszter-mnhj\" data-cthref=\"\/url?sa=t&amp;rct=j&amp;q=&amp;esrc=s&amp;source=web&amp;cd=8&amp;cad=rja&amp;uact=8&amp;ved=0ahUKEwjhqKz0qNHZAhWCkywKHc_zAhsQFgg7MAc&amp;url=http%3A%2F%2Fmavamsz.hu%2Fmagyar-nosztalgia-es-hobbijarmu-regiszter-mnhjr&amp;usg=AOvVaw2bGvXmq0GnsphOzq8yrlKi\"><span style=\"color: #3366ff;\"><em><strong>Magyar Nosztalgia- \u00e9s Hobbij\u00e1rm\u0171 Regiszter<\/strong><\/em><\/span><\/a><\/p>\n<p><span style=\"color: #3366ff;\"><a style=\"color: #3366ff;\" href=\"http:\/\/www.kedvezmenyesbiztositas.hu\/\"><em><strong>Kedvezm\u00e9nyes Bizto\u00edt\u00e1s<\/strong><\/em><\/a><\/span><\/p>\n","protected":false},"excerpt":{"rendered":"<p>Saab 900 Trabant-Wartburg Klub Veter\u00e1n Zsiguli Magyarorsz\u00e1gi Veter\u00e1n Zsiguli \u00e9s Lada Egyes\u00fclet Lada Bar\u00e1ti K\u00f6r Zaporozsec Klub UAZ Klub Hungary Mercedes Benz Classic Magyarorsz\u00e1g Magyar Veter\u00e1naut\u00f3s \u00e9s Motoros Sz\u00f6vets\u00e9g a F.I.V.A. tagja H-1134 Budapest, Szabolcs u. 32-34 Tel: +36-1-320-2057 Fax: +36-1-320-2050 Mobil: +36-309-904-817 E-mail: mavamsz@compute.hu Internet: www.mavamsz.hu Magyar Nosztalgia- \u00e9s Hobbij\u00e1rm\u0171 Regiszter Kedvezm\u00e9nyes Bizto\u00edt\u00e1s<\/p>\n","protected":false},"author":5,"featured_media":0,"parent":354,"menu_order":0,"comment_status":"closed","ping_status":"closed","template":"","meta":{"footnotes":""},"class_list":["post-3691","page","type-page","status-publish","hentry"],"_links":{"self":[{"href":"https:\/\/www.veteranvolvo.hu\/index.php?rest_route=\/wp\/v2\/pages\/3691","targetHints":{"allow":["GET"]}}],"collection":[{"href":"https:\/\/www.veteranvolvo.hu\/index.php?rest_route=\/wp\/v2\/pages"}],"about":[{"href":"https:\/\/www.veteranvolvo.hu\/index.php?rest_route=\/wp\/v2\/types\/page"}],"author":[{"embeddable":true,"href":"https:\/\/www.veteranvolvo.hu\/index.php?rest_route=\/wp\/v2\/users\/5"}],"replies":[{"embeddable":true,"href":"https:\/\/www.veteranvolvo.hu\/index.php?rest_route=%2Fwp%2Fv2%2Fcomments&post=3691"}],"version-history":[{"count":8,"href":"https:\/\/www.veteranvolvo.hu\/index.php?rest_route=\/wp\/v2\/pages\/3691\/revisions"}],"predecessor-version":[{"id":3704,"href":"https:\/\/www.veteranvolvo.hu\/index.php?rest_route=\/wp\/v2\/pages\/3691\/revisions\/3704"}],"up":[{"embeddable":true,"href":"https:\/\/www.veteranvolvo.hu\/index.php?rest_route=\/wp\/v2\/pages\/354"}],"wp:attachment":[{"href":"https:\/\/www.veteranvolvo.hu\/index.php?rest_route=%2Fwp%2Fv2%2Fmedia&parent=3691"}],"curies":[{"name":"wp","href":"https:\/\/api.w.org\/{rel}","templated":true}]}}