{"id":3684,"date":"2018-03-04T00:05:02","date_gmt":"2018-03-03T23:05:02","guid":{"rendered":"http:\/\/www.veteranvolvo.hu\/?page_id=3684"},"modified":"2019-09-28T23:43:10","modified_gmt":"2019-09-28T21:43:10","slug":"erdekessegek","status":"publish","type":"page","link":"https:\/\/www.veteranvolvo.hu\/?page_id=3684","title":{"rendered":"\u00c9rdekess\u00e9gek By Volvo"},"content":{"rendered":"<h3 class=\"title\" style=\"text-align: left;\"><a class=\"title\" href=\"http:\/\/volvo.blog.hu\/2016\/09\/02\/10_erdekes_dolog_amit_nem_tudtal_a_60_eves_volvo_amazonrol\"><span style=\"color: #800000;\">10 \u00e9rdekes dolog, amit nem tudt\u00e1l a 60 \u00e9ves Volvo Amazonr\u00f3l<\/span><\/a><a class=\"title\" href=\"http:\/\/volvo.blog.hu\/2016\/09\/02\/10_erdekes_dolog_amit_nem_tudtal_a_60_eves_volvo_amazonrol\"><img fetchpriority=\"high\" decoding=\"async\" class=\"imgnotext open-in-modal alignnone\" src=\"http:\/\/1.1.1.2\/bmi\/m.blog.hu\/vo\/volvo\/image\/195264_volvo_121_amazon.jpg\" alt=\"195264_volvo_121_amazon.jpg\" width=\"2766\" height=\"1929\"><\/a><\/h3>\n<hr>\n<p>buyers_profile<\/p>\n<figure id=\"attachment_4176\" aria-describedby=\"caption-attachment-4176\" style=\"width: 150px\" class=\"wp-caption alignnone\"><a href=\"http:\/\/www.veteranvolvo.hu\/?page_id=4207\" rel=\"attachment wp-att-4176\"><img decoding=\"async\" class=\"wp-image-4176 size-thumbnail\" src=\"http:\/\/www.veteranvolvo.hu\/wp-content\/uploads\/2018\/03\/28235622_1907545129264172_1446614200756037242_o-150x150.jpg\" alt=\"940 By Tuning\" width=\"150\" height=\"150\" srcset=\"https:\/\/www.veteranvolvo.hu\/wp-content\/uploads\/2018\/03\/28235622_1907545129264172_1446614200756037242_o-150x150.jpg 150w, https:\/\/www.veteranvolvo.hu\/wp-content\/uploads\/2018\/03\/28235622_1907545129264172_1446614200756037242_o-400x400.jpg 400w, https:\/\/www.veteranvolvo.hu\/wp-content\/uploads\/2018\/03\/28235622_1907545129264172_1446614200756037242_o-100x100.jpg 100w\" sizes=\"(max-width: 150px) 100vw, 150px\" \/><\/a><figcaption id=\"caption-attachment-4176\" class=\"wp-caption-text\">940 By Tuning<\/figcaption><\/figure>\n<hr>\n<figure id=\"attachment_4199\" aria-describedby=\"caption-attachment-4199\" style=\"width: 150px\" class=\"wp-caption alignnone\"><a href=\"http:\/\/www.veteranvolvo.hu\/?page_id=4198\" rel=\"attachment wp-att-4199\"><img decoding=\"async\" class=\"wp-image-4199 size-thumbnail\" src=\"http:\/\/www.veteranvolvo.hu\/wp-content\/uploads\/2018\/03\/volvo-55575f4f0da38-150x150.jpg\" alt=\"Monster Truck-os z\u00faz\u00e1s\" width=\"150\" height=\"150\" srcset=\"https:\/\/www.veteranvolvo.hu\/wp-content\/uploads\/2018\/03\/volvo-55575f4f0da38-150x150.jpg 150w, https:\/\/www.veteranvolvo.hu\/wp-content\/uploads\/2018\/03\/volvo-55575f4f0da38-400x400.jpg 400w, https:\/\/www.veteranvolvo.hu\/wp-content\/uploads\/2018\/03\/volvo-55575f4f0da38-100x100.jpg 100w\" sizes=\"(max-width: 150px) 100vw, 150px\" \/><\/a><figcaption id=\"caption-attachment-4199\" class=\"wp-caption-text\">Monster Truck-os z\u00faz\u00e1s<\/figcaption><\/figure><p><\/p>\n<hr>\n<h3 class=\"LC20lb\"><span style=\"color: #800000;\"><em><a href=\"http:\/\/www.veteranvolvo.hu\/?page_id=4791\"><span style=\"color: #800000;\">Klasszikus aut\u00f3k nyom\u00e1ban (Chasing Classic Cars)<\/span><\/a><br><\/em><\/span><\/h3>\n<p class=\"LC20lb\"><span style=\"color: #339966;\"><em>&nbsp;PV 544&nbsp; 4 m\u00e9rf\u00f6lddel (6 km) vadonat \u00fajonnan<\/em><\/span><\/p>\n<p><a href=\"http:\/\/www.veteranvolvo.hu\/?attachment_id=4798\" rel=\"attachment wp-att-4798\"><img loading=\"lazy\" decoding=\"async\" class=\"alignnone size-thumbnail wp-image-4798\" src=\"http:\/\/www.veteranvolvo.hu\/wp-content\/uploads\/2018\/11\/4-m\u00e9rf\u00f6ldes-PV-544-150x150.png\" alt=\"\" width=\"150\" height=\"150\" srcset=\"https:\/\/www.veteranvolvo.hu\/wp-content\/uploads\/2018\/11\/4-m\u00e9rf\u00f6ldes-PV-544-150x150.png 150w, https:\/\/www.veteranvolvo.hu\/wp-content\/uploads\/2018\/11\/4-m\u00e9rf\u00f6ldes-PV-544-100x100.png 100w\" sizes=\"(max-width: 150px) 100vw, 150px\" \/><\/a><\/p>\n<hr>\n<div class=\"cikk-header-container \">\n<div class=\"cover-container\">\n<div class=\"container cikk-header\">\n<div class=\"content-title\">\n<h3 class=\"cim\"><a href=\"http:\/\/www.veteranvolvo.hu\/?page_id=4788\"><em><span style=\"color: #800000;\">Er\u0151m\u00e9r\u0151: Volvo 940 GLE By Totalcar<\/span><\/em><\/a><\/h3>\n<p><a href=\"http:\/\/www.veteranvolvo.hu\/?attachment_id=4796\" rel=\"attachment wp-att-4796\"><img loading=\"lazy\" decoding=\"async\" class=\"alignnone size-thumbnail wp-image-4796\" src=\"http:\/\/www.veteranvolvo.hu\/wp-content\/uploads\/2018\/11\/21220508_cad5a88c82afa176b6668a91f0649cd6_wm-150x150.jpg\" alt=\"\" width=\"150\" height=\"150\" srcset=\"https:\/\/www.veteranvolvo.hu\/wp-content\/uploads\/2018\/11\/21220508_cad5a88c82afa176b6668a91f0649cd6_wm-150x150.jpg 150w, https:\/\/www.veteranvolvo.hu\/wp-content\/uploads\/2018\/11\/21220508_cad5a88c82afa176b6668a91f0649cd6_wm-400x400.jpg 400w, https:\/\/www.veteranvolvo.hu\/wp-content\/uploads\/2018\/11\/21220508_cad5a88c82afa176b6668a91f0649cd6_wm-100x100.jpg 100w\" sizes=\"(max-width: 150px) 100vw, 150px\" \/><\/a><\/p>\n<hr>\n<p><em><strong><span style=\"color: #800000;\">&nbsp;Volvo 244 Rallye<\/span><\/strong><\/em><\/p>\n<\/div>\n<div>&nbsp;<\/div>\n<\/div>\n<\/div>\n<\/div>\n<div class=\"container border cikk-torzs-container kateg_hasznaltauto\">\n<div class=\"author-share-date-container\">\n<div class=\"author-share-date\">\n<div class=\"bal-hasab\">\n<p>&nbsp;<a href=\"https:\/\/www.grumblo.com\/video\/18509?fbclid=IwAR2_UO5TjTAlbrUlxq6NHAlPwGzQVruV31gD583FZnOITIwbD7szt3wdUt8\">Volvo 244 Racing<\/a><\/p>\n<p><\/p>\n<hr><\/div>\n<\/div>\n<\/div>\n<\/div>\n<h3 style=\"text-align: center;\"><span style=\"color: #993300;\"><em>Egy kis \u00e9rdekess\u00e9g a Skandixr\u00f3l! \ud83d\ude42<\/em><\/span><\/h3>\n<p><a href=\"http:\/\/www.veteranvolvo.hu\/?attachment_id=4888\" rel=\"attachment wp-att-4888\"><img loading=\"lazy\" decoding=\"async\" class=\"alignnone wp-image-4888 size-medium\" src=\"http:\/\/www.veteranvolvo.hu\/wp-content\/uploads\/2019\/01\/volvo-740-kettcar-1-300x200.jpg\" alt=\"\" width=\"300\" height=\"200\" srcset=\"https:\/\/www.veteranvolvo.hu\/wp-content\/uploads\/2019\/01\/volvo-740-kettcar-1-300x200.jpg 300w, https:\/\/www.veteranvolvo.hu\/wp-content\/uploads\/2019\/01\/volvo-740-kettcar-1.jpg 600w\" sizes=\"(max-width: 300px) 100vw, 300px\" \/><\/a><\/p>\n<p style=\"text-align: center;\"><a href=\"http:\/\/www.skandix.de\/de\/aktuell\/das-volvo-740-kettcar\/1681\/?fbclid=IwAR1oZk41Xoadcg48uiH_UZWAosmTlLCDkeiAhi6rj5qCDLQIlQkRh4Ce26E\">http:\/\/www.skandix.de\/de\/aktuell\/das-volvo-740-kettcar\/1681\/?fbclid=IwAR1oZk41Xoadcg48uiH_UZWAosmTlLCDkeiAhi6rj5qCDLQIlQkRh4Ce26E<br><\/a><\/p>\n<hr>\n<h3 style=\"text-align: center;\"><span style=\"color: #800000;\"><strong><em>Gar\u00e1zs Var\u00e1zs (Volvo Amazon)<\/em><\/strong><\/span><\/h3>\n<p><a href=\"https:\/\/www.youtube.com\/watch?v=iem8QeLT55I&#038;feature=youtu.be&#038;fbclid=IwAR1qFjQIz9Qu_GqWtCSo5kYXOYfAnSjlU0aJUZFEbUkQF2-0DmM0qCwO3WE\">https:\/\/www.youtube.com\/watch?v=iem8QeLT55I&amp;feature=youtu.be&amp;fbclid=IwAR1qFjQIz9Qu_GqWtCSo5kYXOYfAnSjlU0aJUZFEbUkQF2-0DmM0qCwO3WE<\/a><\/p>\n<hr>\n<p style=\"text-align: center;\"><\/p>\n\n\n<pre class=\"wp-block-preformatted\"><\/pre>\n\n\n\n<h2 class=\"wp-block-heading\"><\/h2>\n\n\n<h2 class=\"block-editor-rich-text__editable editor-rich-text__editable\" style=\"text-align: left;\" role=\"textbox\" contenteditable=\"true\" aria-multiline=\"true\" data-is-placeholder-visible=\"false\" aria-label=\"\u00cdrjunk c\u00edmsort\u2026\" aria-autocomplete=\"list\"><strong><span style=\"color: #800000;\">Ritka mint \u0171rben a f\u00fcttysz\u00f3 \u2013 Volvo 243<\/span><\/strong><\/h2>\n\n\n<p style=\"text-align:center\"> 1982. Harminc rejt\u00e9lyes Volvo g\u00f6rd\u00fclt le a gy\u00e1rt\u00f3sorokr\u00f3l. El\u0151tte \u00e9s ut\u00e1na se k\u00e9sz\u00fclt hasonl\u00f3 az aut\u00f3gy\u00e1rt\u00e1s t\u00f6rt\u00e9net\u00e9ben. <\/p>\n\n\n\n<p>A Volvo nem az a m\u00e1rka, ami a hihetetlen alacsony p\u00e9ld\u00e1nysz\u00e1mban \nlegy\u00e1rtott ritkas\u00e1gair\u00f3l lenne h\u00edres. Pedig akad a sv\u00e9d gy\u00e1rt\u00f3 \nt\u00f6rt\u00e9net\u00e9ben egy olyan kevesek \u00e1ltal ismert fejezet, amihez nem tal\u00e1lunk\n hasonl\u00f3t a n\u00e9gykerek\u0171ek vil\u00e1g\u00e1ban.<\/p>\n\n\n\n<p>A 200-as sorozat klasszikus  t\u00e9gl\u00e1ja nagy n\u00e9pszer\u0171s\u00e9gnek \u00f6rvend a veter\u00e1nosok k\u00f6r\u00e9ben, a tulajdonosok  az elpuszt\u00edthatatlans\u00e1g szimb\u00f3lumak\u00e9nt tekintenek g\u00e9peikre. A legt\u00f6bb  kombi, \u00e9s n\u00e9gyajt\u00f3s, a k\u00e9tajt\u00f3s verzi\u00f3 m\u00e1r igazi ny\u00e1lelv\u00e1laszt\u00e1st  gerjeszt\u0151 csemege, nem terem minden bokorban.<br><\/p>\n\n\n\n<figure class=\"wp-block-image\"><img loading=\"lazy\" decoding=\"async\" width=\"700\" height=\"467\" src=\"http:\/\/www.veteranvolvo.hu\/wp-content\/uploads\/2019\/09\/9b71a20a-5664-414d-b331-8c3697338160-700x467.png\" alt=\"\" class=\"wp-image-5386\" srcset=\"https:\/\/www.veteranvolvo.hu\/wp-content\/uploads\/2019\/09\/9b71a20a-5664-414d-b331-8c3697338160-700x467.png 700w, https:\/\/www.veteranvolvo.hu\/wp-content\/uploads\/2019\/09\/9b71a20a-5664-414d-b331-8c3697338160-700x467-300x200.png 300w\" sizes=\"(max-width: 700px) 100vw, 700px\" \/><\/figure>\n\n\n\n<p style=\"text-align:left\"> T\u00f6bb verzi\u00f3 is l\u00e9tezik. Az els\u0151 szerint hib\u00e1ztak a belgiumi gy\u00e1rt\u00f3soron,  \u00e9s a v\u00e9letlen m\u0171ve az eg\u00e9sz, de a Volvo nem hagyta veszni a harminc  k\u00e9sz aut\u00f3t \u00e9s az akkor Szovjetuni\u00f3hoz tartoz\u00f3 \u00c9sztorsz\u00e1gba export\u00e1lta  azokat, teljes gy\u00e1ri garanci\u00e1val.   M\u00e1s v\u00e9lem\u00e9nyek szerint a sv\u00e9d rend\u0151rs\u00e9g rendelte az egyedi kasztnit,  hogy a rosszfi\u00fak h\u00e1tul csak egy \u00faton tudjanak menek\u00fclni. A harmadik  verzi\u00f3 szerint kacsa az eg\u00e9sz, csak \u00e9szt lakatosmesterek \u0171znek tr\u00e9f\u00e1t az  aut\u00f3s t\u00e1rsadalommal. <\/p>\n\n\n\n<p>Tov\u00e1bb az eredeti <a href=\"https:\/\/www.vezess.hu\/vezetunk\/2019\/09\/28\/ritka-mint-urben-a-futtyszo-volvo-243\/?fbclid=IwAR0ZWjwNSL1LAY2VqMLaiZ3OgZFwFf2bMvuOSivIipd8ezp5VduCSP7Fpuw\">cikkhez &#8211;&gt;&gt;<\/a><br>A cikk eredeti nyelven: <br>1, <a href=\"https:\/\/jalopnik.com\/ultra-rare-or-ultra-custom-1982-volvo-243-3-door-crossb-5148730?fbclid=IwAR2gSFgrzzNHkYM4B4Pazfl8soJgR_4AZJT4prg9NLG5ohODN-s1tJ8xZmU\">&#8212;&gt;&gt;<\/a><br>2, <a href=\"https:\/\/jalopnik.com\/ultra-rare-or-ultra-custom-1982-volvo-243-3-door-crossb-5148730?fbclid=IwAR2gSFgrzzNHkYM4B4Pazfl8soJgR_4AZJT4prg9NLG5ohODN-s1tJ8xZmU\">&#8212;&gt;&gt;<\/a><br><\/p>\n","protected":false},"excerpt":{"rendered":"<p>10 \u00e9rdekes dolog, amit nem tudt\u00e1l a 60 \u00e9ves Volvo Amazonr\u00f3l buyers_profile Klasszikus aut\u00f3k nyom\u00e1ban (Chasing Classic Cars) &nbsp;PV 544&nbsp; 4 m\u00e9rf\u00f6lddel (6 km) vadonat \u00fajonnan Er\u0151m\u00e9r\u0151: Volvo 940 GLE By Totalcar &nbsp;Volvo 244 Rallye &nbsp; &nbsp;Volvo 244 Racing Egy kis \u00e9rdekess\u00e9g a Skandixr\u00f3l! \ud83d\ude42 http:\/\/www.skandix.de\/de\/aktuell\/das-volvo-740-kettcar\/1681\/?fbclid=IwAR1oZk41Xoadcg48uiH_UZWAosmTlLCDkeiAhi6rj5qCDLQIlQkRh4Ce26E Gar\u00e1zs Var\u00e1zs (Volvo Amazon) Ritka mint \u0171rben a f\u00fcttysz\u00f3 [&hellip;]<\/p>\n","protected":false},"author":5,"featured_media":0,"parent":354,"menu_order":0,"comment_status":"closed","ping_status":"closed","template":"","meta":{"footnotes":""},"class_list":["post-3684","page","type-page","status-publish","hentry"],"_links":{"self":[{"href":"https:\/\/www.veteranvolvo.hu\/index.php?rest_route=\/wp\/v2\/pages\/3684","targetHints":{"allow":["GET"]}}],"collection":[{"href":"https:\/\/www.veteranvolvo.hu\/index.php?rest_route=\/wp\/v2\/pages"}],"about":[{"href":"https:\/\/www.veteranvolvo.hu\/index.php?rest_route=\/wp\/v2\/types\/page"}],"author":[{"embeddable":true,"href":"https:\/\/www.veteranvolvo.hu\/index.php?rest_route=\/wp\/v2\/users\/5"}],"replies":[{"embeddable":true,"href":"https:\/\/www.veteranvolvo.hu\/index.php?rest_route=%2Fwp%2Fv2%2Fcomments&post=3684"}],"version-history":[{"count":35,"href":"https:\/\/www.veteranvolvo.hu\/index.php?rest_route=\/wp\/v2\/pages\/3684\/revisions"}],"predecessor-version":[{"id":5404,"href":"https:\/\/www.veteranvolvo.hu\/index.php?rest_route=\/wp\/v2\/pages\/3684\/revisions\/5404"}],"up":[{"embeddable":true,"href":"https:\/\/www.veteranvolvo.hu\/index.php?rest_route=\/wp\/v2\/pages\/354"}],"wp:attachment":[{"href":"https:\/\/www.veteranvolvo.hu\/index.php?rest_route=%2Fwp%2Fv2%2Fmedia&parent=3684"}],"curies":[{"name":"wp","href":"https:\/\/api.w.org\/{rel}","templated":true}]}}