{"id":354,"date":"2018-01-10T10:18:02","date_gmt":"2018-01-10T09:18:02","guid":{"rendered":"http:\/\/demo.charlottesweb.hu\/vv\/?page_id=354"},"modified":"2026-01-12T12:10:47","modified_gmt":"2026-01-12T11:10:47","slug":"vv-fanatik","status":"publish","type":"page","link":"https:\/\/www.veteranvolvo.hu\/","title":{"rendered":"Veter\u00e1n Volvo Fanatik"},"content":{"rendered":"<p style=\"text-align: center;\"><strong>F\u00a0 I\u00a0 G\u00a0 Y\u00a0 E\u00a0 L\u00a0 E\u00a0 M\u00a0<\/strong><\/p>\n<p style=\"text-align: center;\"><strong>2026.01.12-T\u0150L KEZD\u0150D\u0150EN A WEBOLDAL JELENLEG KARBANTART\u00c1S- \u00c9S FEJLESZT\u00c9S ALATT \u00c1LL<\/strong><\/p>\n<p style=\"text-align: center;\"><strong>T\u00dcRELM\u00dcKET K\u00d6SZ\u00d6NJ\u00dcK<\/strong><\/p>\n<p>A port\u00e1lt a <em><span style=\"color: #333399;\"><a style=\"color: #333399;\" href=\"https:\/\/www.veteran.hu\/hirek\/122-volvo-klub-alakult\"><strong>Veter\u00e1n Volvo Klub Magyarorsz\u00e1g Egyes\u00fclet<\/strong><\/a> <\/span><\/em>hozta l\u00e9tre azzal a c\u00e9llal hogy, n\u00e9pszer\u0171s\u00edtse a veter\u00e1n Volvo j\u00e1rm\u0171veket haz\u00e1nkban, <em><strong>egy k\u00f6z\u00f6s gy\u0171jt\u0151pont<\/strong><\/em> \u00e9s <em><strong>virtu\u00e1lis tal\u00e1lkoz\u00f3hely<\/strong><\/em> legyen <strong>a rajong\u00f3k sz\u00e1m\u00e1ra<\/strong>.<img fetchpriority=\"high\" decoding=\"async\" class=\"alignleft wp-image-414 size-full\" src=\"https:\/\/www.veteranvolvo.hu\/wp-content\/uploads\/2018\/01\/vvfanatic-1.jpg\" alt=\"\" width=\"585\" height=\"262\" srcset=\"https:\/\/www.veteranvolvo.hu\/wp-content\/uploads\/2018\/01\/vvfanatic-1.jpg 585w, https:\/\/www.veteranvolvo.hu\/wp-content\/uploads\/2018\/01\/vvfanatic-1-300x134.jpg 300w\" sizes=\"(max-width: 585px) 100vw, 585px\" \/><br \/>&#8222;<em>&#8230;becs\u00fclsz valakiket, akiket m\u00e9g csak bet\u0171ikben ismersz, h\u00e1l\u00e1t \u00e9rzel, er\u0151s tiszteletet egy k\u00f6z\u00f6ss\u00e9g ir\u00e1nt, akik \u00e9rdek n\u00e9lk\u00fcl sz\u00f3lnak ember\u00fcl hozz\u00e1d \u00e9s seg\u00edtenek, olykor hamarabb, mint k\u00e9rhetn\u00e9d. Tartozol hozz\u00e1juk, hiheted, pedig nem is l\u00e1ttak, bizalmukat \u00e9lvezed s ennek b\u00e1rhogy is, meg akarsz felelni&#8230;.<\/em> &#8211; <em>Pete &#8211; ex-Volvo 245 tulajdonos<\/em>&#8222;<\/p>\n<p><strong>Oldalaink<\/strong> c\u00e9lja, hogy a r\u00e9gi \u00e9s \u00faj Volvokat haszn\u00e1l\u00f3 tulajdonosoknak egy hasznos \u00e9s egyben sz\u00f3rakoztat\u00f3, a m\u00e1rk\u00e1t \u00e9s t\u00edpusait r\u00e9szletesen <em><strong>bemutat\u00f3 tal\u00e1lkahelyet biztos\u00edtson<\/strong><\/em>. Ehhez term\u00e9szetesen egy korszer\u0171, napjaink eszk\u00f6zein (legyen az tablet, okostelefon, laptop vagy pc) megjelen\u00edthet\u0151, saj\u00e1t f\u00f3rummal rendelkez\u0151 port\u00e1lra van sz\u00fcks\u00e9g, amely a Facebook fel\u00fclet\u00e9n szervez\u0151d\u0151 Volvos k\u00f6z\u00f6ss\u00e9geket is t\u00e1mogatni tudja. A &#8222;<span style=\"color: #ff0000;\"><a style=\"color: #ff0000;\" href=\"http:\/\/demo.charlottesweb.hu\/vv\/forum\/\"><strong>F\u00f3rumon<\/strong><\/a><\/span>&#8221; lehet\u0151s\u00e9g van ismerkedni egym\u00e1ssal, az aut\u00f3kkal, megold\u00e1st tal\u00e1lni a felmer\u00fclt szerel\u00e9si probl\u00e9m\u00e1kra.<\/p>\n<hr \/>\n<h1 style=\"text-align: center;\"><em>Aktu\u00e1lis h\u00edrek:<\/em><\/h1>\n<h3 style=\"text-align: center;\">\u00a0<\/h3>\n<hr \/>\n<h4><span style=\"color: #4b7c99;\"><em>Kedves Rajong\u00f3k!<br \/><\/em><em>\u00d6r\u00f6mmel jelentj\u00fck, hogy honlapunk \u00e9s F\u00f3rumunk ism\u00e9t \u00fatj\u00e1ra indult<\/em><em>.\u00a0 V\u00e1runk szeretettel mindenkit f\u00f3rumunk has\u00e1bjain. Regisztr\u00e1ci\u00f3 ut\u00e1n a tov\u00e1bbi jelsz\u00f3\u00e9rt k\u00e9rj\u00fck a <a style=\"color: #4b7c99;\" href=\"mailto:veteranvolvo@hotmail.com\">veteranvolvo@hotmail.com<\/a> -on jelentkezni<\/em><\/span><span style=\"color: #6482de;\"><span style=\"color: #4b7c99;\">. Az oldalon val\u00f3 navig\u00e1l\u00e1sban a men\u00fc ny\u00fajt seg\u00edts\u00e9get melyet a jobb fels\u0151 sarokban l\u00e9v\u0151 3 piros v\u00edzszintes cs\u00edkra val\u00f3 kattint\u00e1ssal lehet el\u00e9rni. Minden egy\u00e9b k\u00e9rd\u00e9sre a<\/span> <\/span><span style=\"color: #ff0000;\">GYIK<\/span><span style=\"color: #6482de;\"><span style=\"color: #4b7c99;\">-ban (<\/span><span style=\"color: #ff0000;\">GY<\/span><span style=\"color: #4b7c99;\">akran<\/span> <span style=\"color: #ff0000;\">I<\/span><span style=\"color: #4b7c99;\">sm\u00e9telt<\/span> <span style=\"color: #ff0000;\">K<\/span><span style=\"color: #4b7c99;\">\u00e9rd\u00e9sek) tal\u00e1lhat\u00f3 v\u00e1lasz.<\/span><\/span><span style=\"color: #4b7c99;\"> <em>K\u00f6sz\u00f6nj\u00fck a figyelmet!<\/em><\/span><\/h4>\n<div class=\"text-wrap tlid-copy-target\">\n<h4 class=\"result-shield-container tlid-copy-target\" tabindex=\"0\"><span style=\"color: #666699;\"><em><span class=\"tlid-translation translation\" lang=\"en\"><span class=\"\" style=\"color: #666699;\" title=\"\">Dear Fans!<\/span><br \/><span style=\"color: #666699;\"><span class=\"\" title=\"\">We are pleased to announce that our website and our Forum have been launched again.<\/span> <span class=\"\" title=\"\">We look forward to welcoming everyone to our forum columns.<\/span> <span title=\"\">After registration, please contact veteranvolvo@hotmail.com for further password.<\/span> <span title=\"\">Navigate the page by clicking on the 3 red horizontal stripes in the upper right corner of the menu.<\/span> <\/span><span title=\"\"><span style=\"color: #666699;\">All other questions are answered in the<\/span> <span style=\"color: #ff0000;\">FAQ<\/span> (<span style=\"color: #ff0000;\">F<\/span>requently <span style=\"color: #ff0000;\">A<\/span>sked <span style=\"color: #ff0000;\">Q<\/span>uestions).<\/span> <span title=\"\">Thank you for your attention!<\/span><\/span><\/em><\/span><\/h4>\n<\/div>\n<div class=\"tlid-result-transliteration-container result-transliteration-container transliteration-container\">\n<div class=\"tlid-transliteration-content transliteration-content full\">\u00a0<\/div>\n<\/div>\n<h4 id=\"tw-target-text\" class=\"tw-data-text tw-ta tw-text-small\" dir=\"ltr\" data-placeholder=\"Ford\u00edt\u00e1s\"><span lang=\"en\"><span style=\"color: #4b7c99;\">\u00a0<\/span><\/span><\/h4>\n<h4><strong>\u00a0<\/strong><\/h4>\n<hr \/>\n<p><a href=\"http:\/\/demo.charlottesweb.hu\/vv\/wp-content\/uploads\/2018\/01\/Historical_line_up_of_Volvo_estates_rs.jpg\"><img decoding=\"async\" class=\"aligncenter wp-image-308 size-full\" src=\"https:\/\/www.veteranvolvo.hu\/wp-content\/uploads\/2018\/01\/Historical_line_up_of_Volvo_estates_rs-e1516631452883.jpg\" alt=\"\" width=\"1200\" height=\"237\" \/><\/a><\/p>\n<p style=\"text-align: center;\"><strong>Sz\u00f3lj hozz\u00e1, \u00edrj bejegyz\u00e9st, jelentkezz a f\u00f3rumunkba!<br \/>F\u00f3rumunk megtal\u00e1lhat\u00f3 itt: <a href=\"http:\/\/www.veteranvolvo.hu\/?page_id=431\"><span style=\"color: #33cccc;\">http:\/\/www.veteranvolvo.hu\/?page_id=431<\/span><\/a><br \/><\/strong><strong>Kellemes id\u0151t\u00f6lt\u00e9st k\u00edv\u00e1nunk!<\/strong><\/p>\n<p style=\"text-align: center;\"><a href=\"http:\/\/demo.charlottesweb.hu\/vv\/wp-content\/uploads\/2018\/01\/logo_evolution.jpg\"><img decoding=\"async\" class=\"alignnone wp-image-387 size-full\" src=\"https:\/\/www.veteranvolvo.hu\/wp-content\/uploads\/2018\/01\/logo_evolution.jpg\" alt=\"\" width=\"638\" height=\"354\" srcset=\"https:\/\/www.veteranvolvo.hu\/wp-content\/uploads\/2018\/01\/logo_evolution.jpg 638w, https:\/\/www.veteranvolvo.hu\/wp-content\/uploads\/2018\/01\/logo_evolution-300x166.jpg 300w\" sizes=\"(max-width: 638px) 100vw, 638px\" \/><\/a><\/p>\n<hr \/>\n<p style=\"text-align: center;\">https:\/\/youtu.be\/Sae9S2yjKCs<\/p>\n<hr \/>\n<p style=\"text-align: center;\"><em><span style=\"color: #808080;\">A honlapon szerepl\u0151 anyagok, k\u00e9pek a \u201cVolvo Car Corporation\u201d \u00e9s a magyarorsz\u00e1gi veter\u00e1n Volv\u00f3k tulajdonosainak szellemi tulajdon\u00e1t k\u00e9pezik!<\/span><\/em><\/p>\n<p style=\"text-align: right;\"><a href=\"http:\/\/cicvarekkuckoja.hu\/volvo4xx\/volvok\/weblap-keszites-szerkesztes-es-karbantartas\/\"><span style=\"color: #999999;\">Webmester &#8211; minden, ami port\u00e1l\u00e9p\u00edt\u00e9s!<\/span><\/a><\/p>\n<hr \/>\n<h4 style=\"text-align: center;\"><em>Arch\u00edv H\u00edrek:<\/em><\/h4>\n<h3><em><a href=\"https:\/\/www.volvobeurs.nl\/\"><img loading=\"lazy\" decoding=\"async\" class=\"alignnone wp-image-5372 size-full\" src=\"http:\/\/www.veteranvolvo.hu\/wp-content\/uploads\/2019\/09\/volvo-beurs-2019_2.jpg\" alt=\"\" width=\"1152\" height=\"383\" srcset=\"https:\/\/www.veteranvolvo.hu\/wp-content\/uploads\/2019\/09\/volvo-beurs-2019_2.jpg 1152w, https:\/\/www.veteranvolvo.hu\/wp-content\/uploads\/2019\/09\/volvo-beurs-2019_2-300x100.jpg 300w, https:\/\/www.veteranvolvo.hu\/wp-content\/uploads\/2019\/09\/volvo-beurs-2019_2-768x255.jpg 768w, https:\/\/www.veteranvolvo.hu\/wp-content\/uploads\/2019\/09\/volvo-beurs-2019_2-1024x340.jpg 1024w\" sizes=\"(max-width: 1152px) 100vw, 1152px\" \/><\/a><\/em><\/h3>\n<h3 style=\"text-align: center;\"><em>Volvo <a href=\"https:\/\/www.volvobeurs.nl\/\">Beurs<\/a> 2019<br \/><\/em><\/h3>\n<h4 style=\"text-align: center;\"><strong>szeptember 28 &#8211; 29 <\/strong><\/h4>\n<p><a href=\"https:\/\/www.volvobeurs.nl\/\"><em><img loading=\"lazy\" decoding=\"async\" class=\"wp-image-5371 size-thumbnail aligncenter\" src=\"http:\/\/www.veteranvolvo.hu\/wp-content\/uploads\/2019\/09\/volvo-beurs-2019-150x150.png\" alt=\"\" width=\"150\" height=\"150\" srcset=\"https:\/\/www.veteranvolvo.hu\/wp-content\/uploads\/2019\/09\/volvo-beurs-2019-150x150.png 150w, https:\/\/www.veteranvolvo.hu\/wp-content\/uploads\/2019\/09\/volvo-beurs-2019-100x100.png 100w\" sizes=\"(max-width: 150px) 100vw, 150px\" \/><\/em><\/a><\/p>\n<h3 style=\"text-align: center;\">\u00a0<\/h3>\n<p><em>27. Volvo Klassiker Beurs<\/em><br \/><em> 2018 szeptember 22-23<\/em><\/p>\n<p><em><a href=\"http:\/\/www.veteranvolvo.hu\/?attachment_id=4452\" rel=\"attachment wp-att-4449\"><img loading=\"lazy\" decoding=\"async\" class=\"alignnone wp-image-4452 size-thumbnail aligncenter\" src=\"http:\/\/www.veteranvolvo.hu\/wp-content\/uploads\/2018\/09\/volvo-klassik-beurs-150x150.jpg\" alt=\"\" width=\"150\" height=\"150\" srcset=\"https:\/\/www.veteranvolvo.hu\/wp-content\/uploads\/2018\/09\/volvo-klassik-beurs-150x150.jpg 150w, https:\/\/www.veteranvolvo.hu\/wp-content\/uploads\/2018\/09\/volvo-klassik-beurs-400x400.jpg 400w, https:\/\/www.veteranvolvo.hu\/wp-content\/uploads\/2018\/09\/volvo-klassik-beurs-100x100.jpg 100w\" sizes=\"(max-width: 150px) 100vw, 150px\" \/><\/a><\/em><\/p>\n<p style=\"text-align: center;\"><em>R<\/em><em>\u00e9szletes i<\/em><em>nform\u00e1ci\u00f3<strong>: <a href=\"https:\/\/www.volvobeurs.nl\/\">https:\/\/www.volvobeurs.nl\/<br \/><\/a><\/strong><\/em><\/p>\n<hr \/>\n<h3 style=\"text-align: center;\"><span style=\"color: #808080;\">K\u00f6sz\u00f6net a <a href=\"https:\/\/volvowiw.hu\/index.php?option=com_community&amp;view=frontpage&amp;Itemid=66\"><img loading=\"lazy\" decoding=\"async\" class=\"alignnone wp-image-68\" src=\"http:\/\/demo.charlottesweb.hu\/vv\/wp-content\/uploads\/2018\/01\/volvowiw_logo-150x150.gif\" alt=\"\" width=\"100\" height=\"100\" srcset=\"https:\/\/www.veteranvolvo.hu\/wp-content\/uploads\/2018\/01\/volvowiw_logo-150x150.gif 150w, https:\/\/www.veteranvolvo.hu\/wp-content\/uploads\/2018\/01\/volvowiw_logo-100x100.gif 100w\" sizes=\"(max-width: 100px) 100vw, 100px\" \/><\/a>-nek a port\u00e1l technikai t\u00e1mogat\u00e1s\u00e1\u00e9rt!<\/span><\/h3>\n\n\n<p><\/p>\n","protected":false},"excerpt":{"rendered":"<p>F\u00a0 I\u00a0 G\u00a0 Y\u00a0 E\u00a0 L\u00a0 E\u00a0 M\u00a0 2026.01.12-T\u0150L KEZD\u0150D\u0150EN A WEBOLDAL JELENLEG KARBANTART\u00c1S- \u00c9S FEJLESZT\u00c9S ALATT \u00c1LL T\u00dcRELM\u00dcKET K\u00d6SZ\u00d6NJ\u00dcK A port\u00e1lt a Veter\u00e1n Volvo Klub Magyarorsz\u00e1g Egyes\u00fclet hozta l\u00e9tre azzal a c\u00e9llal hogy, n\u00e9pszer\u0171s\u00edtse a veter\u00e1n Volvo j\u00e1rm\u0171veket haz\u00e1nkban, egy k\u00f6z\u00f6s gy\u0171jt\u0151pont \u00e9s virtu\u00e1lis tal\u00e1lkoz\u00f3hely legyen a rajong\u00f3k sz\u00e1m\u00e1ra.&#8222;&#8230;becs\u00fclsz valakiket, akiket m\u00e9g csak bet\u0171ikben [&hellip;]<\/p>\n","protected":false},"author":1,"featured_media":0,"parent":0,"menu_order":0,"comment_status":"closed","ping_status":"closed","template":"","meta":{"footnotes":""},"class_list":["post-354","page","type-page","status-publish","hentry"],"_links":{"self":[{"href":"https:\/\/www.veteranvolvo.hu\/index.php?rest_route=\/wp\/v2\/pages\/354","targetHints":{"allow":["GET"]}}],"collection":[{"href":"https:\/\/www.veteranvolvo.hu\/index.php?rest_route=\/wp\/v2\/pages"}],"about":[{"href":"https:\/\/www.veteranvolvo.hu\/index.php?rest_route=\/wp\/v2\/types\/page"}],"author":[{"embeddable":true,"href":"https:\/\/www.veteranvolvo.hu\/index.php?rest_route=\/wp\/v2\/users\/1"}],"replies":[{"embeddable":true,"href":"https:\/\/www.veteranvolvo.hu\/index.php?rest_route=%2Fwp%2Fv2%2Fcomments&post=354"}],"version-history":[{"count":94,"href":"https:\/\/www.veteranvolvo.hu\/index.php?rest_route=\/wp\/v2\/pages\/354\/revisions"}],"predecessor-version":[{"id":6323,"href":"https:\/\/www.veteranvolvo.hu\/index.php?rest_route=\/wp\/v2\/pages\/354\/revisions\/6323"}],"wp:attachment":[{"href":"https:\/\/www.veteranvolvo.hu\/index.php?rest_route=%2Fwp%2Fv2%2Fmedia&parent=354"}],"curies":[{"name":"wp","href":"https:\/\/api.w.org\/{rel}","templated":true}]}}