{"id":329,"date":"2018-01-09T22:01:29","date_gmt":"2018-01-09T21:01:29","guid":{"rendered":"http:\/\/demo.charlottesweb.hu\/vv\/?page_id=329"},"modified":"2018-03-04T23:25:19","modified_gmt":"2018-03-04T22:25:19","slug":"piacter","status":"publish","type":"page","link":"https:\/\/www.veteranvolvo.hu\/?page_id=329","title":{"rendered":"Piact\u00e9r"},"content":{"rendered":"<p><strong>Kedves \u00c9rdekl\u0151d\u0151!<\/strong><\/p>\n<p>A Piacteret a F\u00f3rum fel\u00fclet\u00e9n tal\u00e1lod! Kellemes b\u00f6ng\u00e9sz\u00e9st!<\/p>\n<p>&nbsp;<\/p>\n<p>&nbsp;<\/p>\n<p>&nbsp;<\/p>\n<p>&nbsp;<\/p>\n<hr \/>\n<p style=\"text-align: center;\"><em><span style=\"color: #808080;\">A honlapon szerepl\u0151 anyagok, k\u00e9pek a \u201cVolvo Car Corporation\u201d \u00e9s a magyarorsz\u00e1gi veter\u00e1n Volv\u00f3k tulajdonosainak szellemi tulajdon\u00e1t k\u00e9pezik!<\/span><\/em><\/p>\n<p style=\"text-align: right;\"><a href=\"http:\/\/cicvarekkuckoja.hu\/volvo4xx\/volvok\/weblap-keszites-szerkesztes-es-karbantartas\/\"><span style=\"color: #999999;\">Webmester &#8211; minden, ami port\u00e1l\u00e9p\u00edt\u00e9s!<\/span><\/a><\/p>\n","protected":false},"excerpt":{"rendered":"<p>Kedves \u00c9rdekl\u0151d\u0151! A Piacteret a F\u00f3rum fel\u00fclet\u00e9n tal\u00e1lod! Kellemes b\u00f6ng\u00e9sz\u00e9st! &nbsp; &nbsp; &nbsp; &nbsp; A honlapon szerepl\u0151 anyagok, k\u00e9pek a \u201cVolvo Car Corporation\u201d \u00e9s a magyarorsz\u00e1gi veter\u00e1n Volv\u00f3k tulajdonosainak szellemi tulajdon\u00e1t k\u00e9pezik! Webmester &#8211; minden, ami port\u00e1l\u00e9p\u00edt\u00e9s!<\/p>\n","protected":false},"author":1,"featured_media":0,"parent":354,"menu_order":0,"comment_status":"closed","ping_status":"closed","template":"","meta":{"footnotes":""},"class_list":["post-329","page","type-page","status-publish","hentry"],"_links":{"self":[{"href":"https:\/\/www.veteranvolvo.hu\/index.php?rest_route=\/wp\/v2\/pages\/329","targetHints":{"allow":["GET"]}}],"collection":[{"href":"https:\/\/www.veteranvolvo.hu\/index.php?rest_route=\/wp\/v2\/pages"}],"about":[{"href":"https:\/\/www.veteranvolvo.hu\/index.php?rest_route=\/wp\/v2\/types\/page"}],"author":[{"embeddable":true,"href":"https:\/\/www.veteranvolvo.hu\/index.php?rest_route=\/wp\/v2\/users\/1"}],"replies":[{"embeddable":true,"href":"https:\/\/www.veteranvolvo.hu\/index.php?rest_route=%2Fwp%2Fv2%2Fcomments&post=329"}],"version-history":[{"count":4,"href":"https:\/\/www.veteranvolvo.hu\/index.php?rest_route=\/wp\/v2\/pages\/329\/revisions"}],"predecessor-version":[{"id":765,"href":"https:\/\/www.veteranvolvo.hu\/index.php?rest_route=\/wp\/v2\/pages\/329\/revisions\/765"}],"up":[{"embeddable":true,"href":"https:\/\/www.veteranvolvo.hu\/index.php?rest_route=\/wp\/v2\/pages\/354"}],"wp:attachment":[{"href":"https:\/\/www.veteranvolvo.hu\/index.php?rest_route=%2Fwp%2Fv2%2Fmedia&parent=329"}],"curies":[{"name":"wp","href":"https:\/\/api.w.org\/{rel}","templated":true}]}}