{"id":218,"date":"2018-01-09T13:34:13","date_gmt":"2018-01-09T12:34:13","guid":{"rendered":"http:\/\/demo.charlottesweb.hu\/vv\/?page_id=218"},"modified":"2019-10-13T21:34:28","modified_gmt":"2019-10-13T19:34:28","slug":"940-960-s90","status":"publish","type":"page","link":"https:\/\/www.veteranvolvo.hu\/?page_id=218","title":{"rendered":"940-960-S90"},"content":{"rendered":"<p><strong>940-960-S\/V90<\/strong><\/p>\n<p>A 700-asok r\u00e1ncfelvarrott v\u00e1ltozatak\u00e9nt jellemzi a 900-as sorozatot a fel\u00fcletes szeml\u00e9l\u0151. Azonban a hasonl\u00f3, de a jelent\u0151sen leg\u00f6mb\u00f6ly\u00edtett karossz\u00e9rialemezek alatt rengeteg \u00fajdons\u00e1ggal ind\u00edtott a t\u00edpus.&nbsp;&nbsp;<a href=\"http:\/\/demo.charlottesweb.hu\/vv\/wp-content\/uploads\/2018\/01\/960_b.bmp\"><img fetchpriority=\"high\" decoding=\"async\" class=\"size-medium wp-image-112 alignleft\" src=\"http:\/\/demo.charlottesweb.hu\/vv\/wp-content\/uploads\/2018\/01\/960_b-300x225.jpg\" alt=\"\" width=\"300\" height=\"225\" srcset=\"https:\/\/www.veteranvolvo.hu\/wp-content\/uploads\/2018\/01\/960_b-300x225.jpg 300w, https:\/\/www.veteranvolvo.hu\/wp-content\/uploads\/2018\/01\/960_b.bmp 640w\" sizes=\"(max-width: 300px) 100vw, 300px\" \/><\/a>A 960-as \u00faj n\u00e9gyhengeres \u00e9s hathengeres, hengerenk\u00e9nti n\u00e9gyszelepes motorokat (170 \u00e9s 204 LE), \u00faj t\u00f6bbleng\u0151karos h\u00e1ts\u00f3 fut\u00f3m\u0171vet kapott. D\u00edzel nem k\u00e9sz\u00fclt ebb\u0151l, hisz magas k\u00e9nyelmi ig\u00e9nyeket el\u00e9g\u00edtett ki \u00e9s nem illett az aut\u00f3 karakter\u00e9hez. Nyolcf\u00e9le karossz\u00e9ria-v\u00e1ltozat k\u00e9sz\u00fclt: 960: Executive, Limousine, Saloon, Estate, Ambulance, 940: Saloon, Taxi \u00e9s Estate. A 940-es purit\u00e1nabb kivitel\u0171 volt, n\u00e9gyhengeres, 82 \u00e9s 200 l\u00f3er\u0151s motorokkal, merev h\u00e1ts\u00f3 h\u00edddal. A biztons\u00e1g ter\u00e9n nem volt helye kompromisszumnak, a k\u00e9t t\u00edpus a hetesek biztons\u00e1gi arzen\u00e1lj\u00e1t tov\u00e1bbvitte \u00e9s ugyanakkor tov\u00e1bbl\u00e9pett. Passz\u00edv biztons\u00e1guk \u00faj szintre emelkedett: az 1991-ben szabadalmaztatott SIPS oldal\u00fctk\u00f6z\u00e9s elleni v\u00e9delmi rendszer a 850-esben jelent meg el\u0151sz\u00f6r, de a kilencesek is megkapt\u00e1k. A luxus tekintet\u00e9ben is nagyot l\u00e9pett el\u0151re a c\u00e9g. A cs\u00facsot az &#8222;Executive&#8221; modell jelentette. A g\u00f6teborgi h\u00e1ts\u00f3ker\u00e9k hajt\u00e1s\u00fa nagy haj\u00f3k napjai meg voltak sz\u00e1ml\u00e1lva, hisz k\u00f6zelgett a fronthajt\u00e1s\u00fa S80-as bevezet\u00e9se. Ezt megel\u0151z\u0151en m\u00e9g a 960-asok egy utols\u00f3 r\u00e1ncfelvarr\u00e1s\u00e1val vezett\u00e9k be az S\/V90-est.&nbsp;<img decoding=\"async\" class=\"size-large wp-image-515 aligncenter\" src=\"http:\/\/demo.charlottesweb.hu\/vv\/wp-content\/uploads\/2018\/01\/940-1024x768.jpg\" alt=\"\" width=\"640\" height=\"480\" srcset=\"https:\/\/www.veteranvolvo.hu\/wp-content\/uploads\/2018\/01\/940.jpg 1024w, https:\/\/www.veteranvolvo.hu\/wp-content\/uploads\/2018\/01\/940-300x225.jpg 300w, https:\/\/www.veteranvolvo.hu\/wp-content\/uploads\/2018\/01\/940-768x576.jpg 768w\" sizes=\"(max-width: 640px) 100vw, 640px\" \/>A legy\u00e1rtott darab-sz\u00e1mokat n\u00e9zve vezet a 940 limuzin 246&nbsp;704 darabbal, k\u00f6vetkezik a 940 kombi (231&nbsp;677 db.) \u00e9s a 960 limuzin 112&nbsp;710 darabbal. A 960-as kombi preszt\u00edzskateg\u00f3ria volt, l\u00e9nyegesen kevesebb k\u00e9sz\u00fclt bel\u0151le (41&nbsp;619 db.). Az S90-es 26 269 darabig jutott, a kombiv\u00e1ltozat, a V90 gy\u00e1rt\u00e1sa a 9&nbsp;067 darabsz\u00e1mig jutott. A tart\u00f3ss\u00e1g \u00e9s a megb\u00edzhat\u00f3s\u00e1g szimb\u00f3lumai ezek az aut\u00f3k. Napjainkban is sz\u00e1zezersz\u00e1m futnak m\u00e9g a vil\u00e1g \u00fatjain.<\/p>\n<hr>\n<p><img decoding=\"async\" class=\"alignnone size-full wp-image-516 aligncenter\" src=\"http:\/\/demo.charlottesweb.hu\/vv\/wp-content\/uploads\/2018\/01\/S90_royal.jpg\" alt=\"\" width=\"738\" height=\"415\" srcset=\"https:\/\/www.veteranvolvo.hu\/wp-content\/uploads\/2018\/01\/S90_royal.jpg 738w, https:\/\/www.veteranvolvo.hu\/wp-content\/uploads\/2018\/01\/S90_royal-300x169.jpg 300w\" sizes=\"(max-width: 738px) 100vw, 738px\" \/><\/p>\n<hr>\n<p style=\"text-align: center;\"><iframe title=\"Volvo 960 \/ S90 \/ Executive \/ Royal\" width=\"640\" height=\"480\" src=\"https:\/\/www.youtube.com\/embed\/xqzzNvh8_34?feature=oembed\" frameborder=\"0\" allow=\"accelerometer; autoplay; clipboard-write; encrypted-media; gyroscope; picture-in-picture; web-share\" referrerpolicy=\"strict-origin-when-cross-origin\" allowfullscreen><\/iframe><\/p>\n<hr>\n<p style=\"text-align: center;\"><em><span style=\"color: #808080;\">A honlapon szerepl\u0151 anyagok, k\u00e9pek a \u201cVolvo Car Corporation\u201d \u00e9s a magyarorsz\u00e1gi veter\u00e1n Volv\u00f3k tulajdonosainak szellemi tulajdon\u00e1t k\u00e9pezik!<\/span><\/em><\/p>\n<p style=\"text-align: right;\"><a href=\"http:\/\/cicvarekkuckoja.hu\/volvo4xx\/volvok\/weblap-keszites-szerkesztes-es-karbantartas\/\"><span style=\"color: #999999;\">Webmester &#8211; minden, ami port\u00e1l\u00e9p\u00edt\u00e9s!<\/span><\/a><\/p>\n","protected":false},"excerpt":{"rendered":"<p>940-960-S\/V90 A 700-asok r\u00e1ncfelvarrott v\u00e1ltozatak\u00e9nt jellemzi a 900-as sorozatot a fel\u00fcletes szeml\u00e9l\u0151. Azonban a hasonl\u00f3, de a jelent\u0151sen leg\u00f6mb\u00f6ly\u00edtett karossz\u00e9rialemezek alatt rengeteg \u00fajdons\u00e1ggal ind\u00edtott a t\u00edpus.&nbsp;&nbsp;A 960-as \u00faj n\u00e9gyhengeres \u00e9s hathengeres, hengerenk\u00e9nti n\u00e9gyszelepes motorokat (170 \u00e9s 204 LE), \u00faj t\u00f6bbleng\u0151karos h\u00e1ts\u00f3 fut\u00f3m\u0171vet kapott. D\u00edzel nem k\u00e9sz\u00fclt ebb\u0151l, hisz magas k\u00e9nyelmi ig\u00e9nyeket el\u00e9g\u00edtett ki \u00e9s nem [&hellip;]<\/p>\n","protected":false},"author":1,"featured_media":0,"parent":76,"menu_order":0,"comment_status":"closed","ping_status":"closed","template":"","meta":{"footnotes":""},"class_list":["post-218","page","type-page","status-publish","hentry"],"_links":{"self":[{"href":"https:\/\/www.veteranvolvo.hu\/index.php?rest_route=\/wp\/v2\/pages\/218","targetHints":{"allow":["GET"]}}],"collection":[{"href":"https:\/\/www.veteranvolvo.hu\/index.php?rest_route=\/wp\/v2\/pages"}],"about":[{"href":"https:\/\/www.veteranvolvo.hu\/index.php?rest_route=\/wp\/v2\/types\/page"}],"author":[{"embeddable":true,"href":"https:\/\/www.veteranvolvo.hu\/index.php?rest_route=\/wp\/v2\/users\/1"}],"replies":[{"embeddable":true,"href":"https:\/\/www.veteranvolvo.hu\/index.php?rest_route=%2Fwp%2Fv2%2Fcomments&post=218"}],"version-history":[{"count":13,"href":"https:\/\/www.veteranvolvo.hu\/index.php?rest_route=\/wp\/v2\/pages\/218\/revisions"}],"predecessor-version":[{"id":5571,"href":"https:\/\/www.veteranvolvo.hu\/index.php?rest_route=\/wp\/v2\/pages\/218\/revisions\/5571"}],"up":[{"embeddable":true,"href":"https:\/\/www.veteranvolvo.hu\/index.php?rest_route=\/wp\/v2\/pages\/76"}],"wp:attachment":[{"href":"https:\/\/www.veteranvolvo.hu\/index.php?rest_route=%2Fwp%2Fv2%2Fmedia&parent=218"}],"curies":[{"name":"wp","href":"https:\/\/api.w.org\/{rel}","templated":true}]}}