{"id":212,"date":"2018-01-09T13:32:58","date_gmt":"2018-01-09T12:32:58","guid":{"rendered":"http:\/\/demo.charlottesweb.hu\/vv\/?page_id=212"},"modified":"2019-10-13T21:34:44","modified_gmt":"2019-10-13T19:34:44","slug":"850-2-2","status":"publish","type":"page","link":"https:\/\/www.veteranvolvo.hu\/?page_id=212","title":{"rendered":"850"},"content":{"rendered":"<h3 style=\"text-align: center;\"><em><strong>Volvo 850<\/strong><\/em><\/h3>\n<p>A m\u00e1sodik Galaxy projekt keret\u00e9ben 1991 j\u00fanius\u00e1ban a Volvo els\u0151ker\u00e9khajt\u00e1s\u00fa modellt mutatott be a fels\u0151 kateg\u00f3ri\u00e1ban is, Volvo 850 n\u00e9ven. Gy\u00e1rt\u00f3ja szerint a j\u00e1rm\u0171 sz\u00e9ria-term\u00e9keket tekintve m\u0171szaki vil\u00e1g\u00fajdons\u00e1gokat tartalmazott: \u201eDeltalink\u201c&nbsp;rendszer\u0171 h\u00e1ts\u00f3 fut\u00f3m\u0171, keresztben be\u00e9p\u00edtett \u00f6thengeres benzinmotor, oldal\u00fctk\u00f6z\u00e9s-v\u00e9delmi rendszer (<a href=\"http:\/\/demo.charlottesweb.hu\/vv\/wp-content\/uploads\/2018\/01\/sips.jpg\">SIPS<\/a>).&nbsp;&nbsp;<img decoding=\"async\" class=\"size-medium wp-image-627 alignleft\" src=\"http:\/\/demo.charlottesweb.hu\/vv\/wp-content\/uploads\/2018\/01\/deltalink-300x142.jpg\" alt=\"\" width=\"300\" height=\"142\" srcset=\"https:\/\/www.veteranvolvo.hu\/wp-content\/uploads\/2018\/01\/deltalink-300x142.jpg 300w, https:\/\/www.veteranvolvo.hu\/wp-content\/uploads\/2018\/01\/deltalink.jpg 713w\" sizes=\"(max-width: 300px) 100vw, 300px\" \/>El\u0151sz\u00f6r a limuzin jelent meg, az \u00f6t\u00f6s BMW, a Mercedes E-oszt\u00e1ly \u00e9s a 100-as\/A6-os Audi versenyt\u00e1rsak\u00e9nt. 1993-t\u00f3l a kombi is kaphat\u00f3&nbsp;volt, jellegzetess\u00e9ge lett a f\u00fcgg\u0151leges, tet\u0151ig felk\u00fasz\u00f3 h\u00e1ts\u00f3 l\u00e1mpa, mely eg\u00e9szen 2016-ig a&nbsp;kombi Volv\u00f3k ismertet\u0151jegy\u00e9v\u00e9 v\u00e1lt. A 240-eshez hasonl\u00f3an a 850-esbe \u00e9p\u00edtett \u00f6thengeres&nbsp;d\u00edzelmotorok is a Volkswagent\u0151l sz\u00e1rmaztak.<\/p>\n<p>1993 nyar\u00e1t\u00f3l a soros \u00f6thengeresek turb\u00f3felt\u00f6lt\u0151vel is kaphat\u00f3ak lettek, melyek a t\u00edpus<br \/>\nsportoss\u00e1g\u00e1t k\u00edv\u00e1nt\u00e1k bemutatni. A 850 T-5 v\u00e1ltozata 226 l\u00f3er\u0151t teljes\u00edtett. K\u00e9t \u00e9vvel k\u00e9s\u0151bb&nbsp;jelent meg a T-5R v\u00e1ltozat, mely m\u00e1r 244 l\u00f3er\u0151t tudott.<\/p>\n<p><img fetchpriority=\"high\" decoding=\"async\" class=\"alignnone wp-image-109 size-full\" src=\"http:\/\/demo.charlottesweb.hu\/vv\/wp-content\/uploads\/2018\/01\/Platinum_T5_2.jpg\" alt=\"\" width=\"800\" height=\"600\" srcset=\"https:\/\/www.veteranvolvo.hu\/wp-content\/uploads\/2018\/01\/Platinum_T5_2.jpg 800w, https:\/\/www.veteranvolvo.hu\/wp-content\/uploads\/2018\/01\/Platinum_T5_2-300x225.jpg 300w, https:\/\/www.veteranvolvo.hu\/wp-content\/uploads\/2018\/01\/Platinum_T5_2-768x576.jpg 768w\" sizes=\"(max-width: 800px) 100vw, 800px\" \/><\/p>\n<p>A motorpalett\u00e1t 1996-ban egy f\u00f6ldg\u00e1z-benzin\u00fczem\u0171 \u201eBi-Fuel\u201c v\u00e1ltozat eg\u00e9sz\u00edtette ki. 1996-ban egy jelent\u0151s facelift ut\u00e1n a t\u00edpust S70 (limuzin) \u00e9s V70 (kombi) n\u00e9vvel l\u00e1tt\u00e1k el.&nbsp;K\u00fcl\u00f6nleges modellek:<\/p>\n<p><strong>T-5R<\/strong>: a limit\u00e1lt sz\u00e9ri\u00e1t 1994 nyar\u00e1n mutatt\u00e1k be, melyet eredetileg VOLVO 850 plus 5 n\u00e9vvel&nbsp;akartak piacra dobni. Alapj\u00e1ul a T-5-\u00f6s szolg\u00e1lt. Szoftveres megold\u00e1ssal harminc<br \/>\nm\u00e1sodpercre a turb\u00f3nyom\u00e1st 0,1 barral meg lehetett n\u00f6velni, \u00edgy 15 l\u00f3er\u0151 plusz teljes\u00edtm\u00e9nyt&nbsp;\u00e9s 30 Nm extra nyomat\u00e9kot lehetett nyerni. A limit\u00e1lt sz\u00e9ria h\u00e1rom sz\u00ednben \u2013 z\u00f6ld (500 db), s\u00e1rga (2500 db) \u00e9s fekete (2500 db) \u2013 volt el\u00e9rhet\u0151. Minden TR-5R 17\u201c-es, k\u00fcl\u00f6nleges felnin&nbsp;hagyta el a gy\u00e1rat \u00e9s k\u00fcl\u00f6nleges b\u0151r\/alcantara bels\u0151t kaptak. K\u00edv\u00fclr\u0151l a megv\u00e1ltozott els\u0151&nbsp;l\u00e9gterel\u0151 \u00e9s opcion\u00e1lis h\u00e1ts\u00f3 spoilerr\u0151l voltak felismerhet\u0151ek.<\/p>\n<p><img decoding=\"async\" class=\"wp-image-461 size-full aligncenter\" src=\"http:\/\/demo.charlottesweb.hu\/vv\/wp-content\/uploads\/2018\/01\/volvo-850-t5r.jpg\" alt=\"\" width=\"850\" height=\"355\" srcset=\"https:\/\/www.veteranvolvo.hu\/wp-content\/uploads\/2018\/01\/volvo-850-t5r.jpg 850w, https:\/\/www.veteranvolvo.hu\/wp-content\/uploads\/2018\/01\/volvo-850-t5r-300x125.jpg 300w, https:\/\/www.veteranvolvo.hu\/wp-content\/uploads\/2018\/01\/volvo-850-t5r-768x321.jpg 768w\" sizes=\"(max-width: 850px) 100vw, 850px\" \/><strong>R<\/strong>:&nbsp;1995 nyar\u00e1t\u00f3l 1996 v\u00e9g\u00e9ig egy \u00e1tdolgozott \u00e9s id\u0151ben nem korl\u00e1tozott 850 R sz\u00e9ri\u00e1t k\u00edn\u00e1ltak,&nbsp;mely a T-5R-t v\u00e1ltotta le. N\u00e9h\u00e1ny bels\u0151 m\u00f3dos\u00edt\u00e1s mellett 16T turb\u00f3t kapott a T5-R 15 G&nbsp;turb\u00f3ja helyett. A 850-es sz\u00e9ri\u00e1ban haszn\u00e1lt motorok itt:&nbsp;<a href=\"http:\/\/demo.charlottesweb.hu\/vv\/wp-content\/uploads\/2018\/01\/850.pdf\">(pdf)<\/a><\/p>\n<hr>\n<p style=\"text-align: center;\"><iframe title=\"Volvo 850 introduction movie\" width=\"640\" height=\"480\" src=\"https:\/\/www.youtube.com\/embed\/w8qMXwYXX1Y?feature=oembed\" frameborder=\"0\" allow=\"accelerometer; autoplay; clipboard-write; encrypted-media; gyroscope; picture-in-picture; web-share\" referrerpolicy=\"strict-origin-when-cross-origin\" allowfullscreen><\/iframe><\/p>\n<p>&nbsp;<\/p>\n<hr>\n<p style=\"text-align: center;\"><em><span style=\"color: #808080;\">A honlapon szerepl\u0151 anyagok, k\u00e9pek a \u201cVolvo Car Corporation\u201d \u00e9s a magyarorsz\u00e1gi veter\u00e1n Volv\u00f3k tulajdonosainak szellemi tulajdon\u00e1t k\u00e9pezik!<\/span><\/em><\/p>\n<p style=\"text-align: right;\"><a href=\"http:\/\/cicvarekkuckoja.hu\/volvo4xx\/volvok\/weblap-keszites-szerkesztes-es-karbantartas\/\"><span style=\"color: #999999;\">Webmester &#8211; minden, ami port\u00e1l\u00e9p\u00edt\u00e9s!<\/span><\/a><\/p>\n","protected":false},"excerpt":{"rendered":"<p>Volvo 850 A m\u00e1sodik Galaxy projekt keret\u00e9ben 1991 j\u00fanius\u00e1ban a Volvo els\u0151ker\u00e9khajt\u00e1s\u00fa modellt mutatott be a fels\u0151 kateg\u00f3ri\u00e1ban is, Volvo 850 n\u00e9ven. Gy\u00e1rt\u00f3ja szerint a j\u00e1rm\u0171 sz\u00e9ria-term\u00e9keket tekintve m\u0171szaki vil\u00e1g\u00fajdons\u00e1gokat tartalmazott: \u201eDeltalink\u201c&nbsp;rendszer\u0171 h\u00e1ts\u00f3 fut\u00f3m\u0171, keresztben be\u00e9p\u00edtett \u00f6thengeres benzinmotor, oldal\u00fctk\u00f6z\u00e9s-v\u00e9delmi rendszer (SIPS).&nbsp;&nbsp;El\u0151sz\u00f6r a limuzin jelent meg, az \u00f6t\u00f6s BMW, a Mercedes E-oszt\u00e1ly \u00e9s a 100-as\/A6-os Audi [&hellip;]<\/p>\n","protected":false},"author":1,"featured_media":0,"parent":76,"menu_order":0,"comment_status":"closed","ping_status":"closed","template":"","meta":{"footnotes":""},"class_list":["post-212","page","type-page","status-publish","hentry"],"_links":{"self":[{"href":"https:\/\/www.veteranvolvo.hu\/index.php?rest_route=\/wp\/v2\/pages\/212","targetHints":{"allow":["GET"]}}],"collection":[{"href":"https:\/\/www.veteranvolvo.hu\/index.php?rest_route=\/wp\/v2\/pages"}],"about":[{"href":"https:\/\/www.veteranvolvo.hu\/index.php?rest_route=\/wp\/v2\/types\/page"}],"author":[{"embeddable":true,"href":"https:\/\/www.veteranvolvo.hu\/index.php?rest_route=\/wp\/v2\/users\/1"}],"replies":[{"embeddable":true,"href":"https:\/\/www.veteranvolvo.hu\/index.php?rest_route=%2Fwp%2Fv2%2Fcomments&post=212"}],"version-history":[{"count":21,"href":"https:\/\/www.veteranvolvo.hu\/index.php?rest_route=\/wp\/v2\/pages\/212\/revisions"}],"predecessor-version":[{"id":5572,"href":"https:\/\/www.veteranvolvo.hu\/index.php?rest_route=\/wp\/v2\/pages\/212\/revisions\/5572"}],"up":[{"embeddable":true,"href":"https:\/\/www.veteranvolvo.hu\/index.php?rest_route=\/wp\/v2\/pages\/76"}],"wp:attachment":[{"href":"https:\/\/www.veteranvolvo.hu\/index.php?rest_route=%2Fwp%2Fv2%2Fmedia&parent=212"}],"curies":[{"name":"wp","href":"https:\/\/api.w.org\/{rel}","templated":true}]}}