{"id":209,"date":"2018-01-09T13:32:27","date_gmt":"2018-01-09T12:32:27","guid":{"rendered":"http:\/\/demo.charlottesweb.hu\/vv\/?page_id=209"},"modified":"2019-10-13T21:34:12","modified_gmt":"2019-10-13T19:34:12","slug":"480-440-460","status":"publish","type":"page","link":"https:\/\/www.veteranvolvo.hu\/?page_id=209","title":{"rendered":"480-440-460"},"content":{"rendered":"<p><strong>A 400-as sorozat<\/strong><\/p>\n<p><img fetchpriority=\"high\" decoding=\"async\" class=\"size-full wp-image-84 aligncenter\" src=\"http:\/\/cicvarekkuckoja.hu\/volvo4xx\/wp-content\/uploads\/2017\/04\/negyes.jpg\" alt=\"\" width=\"1000\" height=\"170\"><\/p>\n<p>A fronthajt\u00e1st a Volv\u00f3n\u00e1l a n\u00e9gyesek hozt\u00e1k el az els\u0151 Galaxy projekt keret\u00e9ben, majd \u0151ket az itt nyert \u00e9rt\u00e9kes tapasztalatok ut\u00e1n a 850-es k\u00f6vette a m\u00e1sodikban. A h\u00e1rom t\u00edpus motorv\u00e1ltozatai: 1.6, <a href=\"http:\/\/cicvarekkuckoja.hu\/volvo4xx\/wp-content\/uploads\/2017\/04\/b18_1.7i.jpg\">1.7<\/a>, <a href=\"http:\/\/cicvarekkuckoja.hu\/volvo4xx\/wp-content\/uploads\/2017\/04\/1_8_engine.jpg\">1.8<\/a>, <a href=\"http:\/\/cicvarekkuckoja.hu\/volvo4xx\/wp-content\/uploads\/2017\/04\/17_turboengine.jpg\">1.7 turbo<\/a>, <a href=\"http:\/\/cicvarekkuckoja.hu\/volvo4xx\/wp-content\/uploads\/2017\/04\/D-19-engine.png\">1.9 diesel <\/a>\u00e9s <a href=\"http:\/\/cicvarekkuckoja.hu\/volvo4xx\/wp-content\/uploads\/2017\/04\/b20f.jpg\">2.0<\/a>. Ezek bev\u00e1lt Renault motorblokkokra \u00e9p\u00edtett, saj\u00e1t fejleszt\u00e9s\u0171 vez\u00e9rl\u00e9ssel \u00e9s elektronik\u00e1val szerelt er\u0151forr\u00e1sok. A turb\u00f3v\u00e1ltozatok felejthetetlen vezet\u00e9si \u00e9lm\u00e9nyt ny\u00fajt\u00f3 kis m\u00e9regzs\u00e1kok.&nbsp;<img decoding=\"async\" class=\"alignright wp-image-17 size-medium\" src=\"http:\/\/cicvarekkuckoja.hu\/volvo4xx\/wp-content\/uploads\/2017\/04\/b20f-300x292.jpg\" alt=\"\" width=\"300\" height=\"292\"> A k\u00e9tliteres&nbsp; limuzin a k\u00e9tliteres B20F motorral, k\u00e9nyelmes utaster\u00e9vel hossz\u00fat\u00e1vra sz\u00e1nt utaz\u00f3aut\u00f3. A r\u00f6videbb 440-est a v\u00e1rosi k\u00f6zleked\u00e9s ide\u00e1lis aut\u00f3j\u00e1nak \u00e1lmodt\u00e1k tervez\u0151i, praktikus \u00f6t\u00f6dik ajtaj\u00e1val el\u00e9gg\u00e9 t\u00e1gas egy csal\u00e1d r\u00e9sz\u00e9re is. Az 1985 \u00f3ta legy\u00e1rtott <a href=\"http:\/\/cicvarekkuckoja.hu\/volvo4xx\/wp-content\/uploads\/2017\/04\/4xx_dbszam_1986_1996.png\">699 458 darab n\u00e9gyes VOLVO<\/a>&nbsp;\u00e1llom\u00e1nyb\u00f3l m\u00e9g mindig l\u00e1tni Eur\u00f3pa \u00fatjain, noha a legutols\u00f3 is huszon\u00e9ves m\u00e1r. A h\u00e1rom t\u00edpus megsz\u00fclet\u00e9s\u00e9nek, tervez\u00e9si folyamat\u00e1nak dokument\u00e1lt t\u00f6rt\u00e9net\u00e9t a <a href=\"http:\/\/www.volvotips.com\/index.php\/440-460-480\/history-volvo-440-460-480\/\">Volvotips.com<\/a> oldalon lehet v\u00e9gigk\u00f6vetni. Folyamatos, gondos karbantart\u00e1ssal m\u00e9g sok\u00e1ig meg\u0151rizhet\u0151k, napi szinten haszn\u00e1lhat\u00f3k ezek a szerethet\u0151, k\u00e9nyelmes aut\u00f3k. A VVF testv\u00e9roldal\u00e1n (<strong><a href=\"http:\/\/cicvarekkuckoja.hu\/volvo4xx\">Volvo4xx<\/a>)&nbsp;<\/strong>teljes t\u00edpust\u00f6rt\u00e9net, arch\u00edvum \u00e9s f\u00f3rum tartja \u00f6ssze a magyarorsz\u00e1gi n\u00e9gyes Volv\u00f3k kis k\u00f6z\u00f6ss\u00e9g\u00e9t.<\/p>\n<hr>\n<p><a href=\"http:\/\/cicvarekkuckoja.hu\/volvo4xx\/volvo-480-440-460\/480-2\/\"><strong>480<\/strong><\/a><\/p>\n<p>A t\u00edpus 1985-ben deb\u00fct\u00e1lt, 1995 \u0151sz\u00e9ig gy\u00e1rtott\u00e1k. A karossz\u00e9riaforma hosszas k\u00eds\u00e9rletezget\u00e9sek ut\u00e1n alakult ki. H\u00edres el\u0151dj\u00e9nek, a P 1800-asnak az <a href=\"http:\/\/cicvarekkuckoja.hu\/volvo4xx\/wp-content\/uploads\/2017\/04\/shootingok.jpg\">egybe\u00fcveg<\/a> h\u00e1ts\u00f3 ajtaj\u00e1t (amit azt\u00e1n a C 30-as is megkapott) a k\u00e9tajt\u00f3s, de k\u00e9nyelmes n\u00e9gy\u00fcl\u00e9ses utasteret rejt\u0151 &#8222;<a href=\"https:\/\/en.wikipedia.org\/wiki\/Shooting-brake\">shooting brake<\/a>&#8221; karossz\u00e9riaform\u00e1t \u00f6r\u00f6kli. V\u00e9gleges form\u00e1j\u00e1t a Bertone st\u00fadi\u00f3 <a href=\"http:\/\/www.carstyling.ru\/en\/car\/1979_volvo_tundra\/images\/26371\/\">terv\u00e9t<\/a> elvetve &#8211; <a href=\"http:\/\/cicvarekkuckoja.hu\/volvo4xx\/wp-content\/uploads\/2017\/07\/12-rob-koch-480-blog.jpg\">Rob Koch<\/a> vezet\u00e9s\u00e9vel egy sv\u00e9d-holland tervez\u0151csapat rajzolta&nbsp;meg. &#8222;<em>Minden, minden ami a szuperdivatos C30-ban j\u00f3 formai \u00f6tletnek t\u0171nik, innen j\u00f6n<\/em>&#8221; (Totalcar). \u00d6sszesen&nbsp; 76 375 db k\u00e9sz\u00fclt,&nbsp; a hollandiai Born gy\u00e1rt\u00f3sor\u00e1n. Az addig, a Volv\u00f3kr\u00f3l \u00e9l\u0151 k\u00e9p, az <a href=\"http:\/\/aktiv.origo.hu\/auto\/nagyhasab\/20160216-top10-a-legjobb-volvo-kombik.html\">&#8222;amerikai h\u00e1ziasszonyok<\/a> b<a href=\"http:\/\/cicvarekkuckoja.hu\/volvo4xx\/wp-content\/uploads\/2017\/04\/480meretei.jpg\"><img decoding=\"async\" class=\"size-medium wp-image-53 alignright\" src=\"http:\/\/cicvarekkuckoja.hu\/volvo4xx\/wp-content\/uploads\/2017\/04\/480meretei-300x201.jpg\" alt=\"\" width=\"300\" height=\"201\"><\/a>iztons\u00e1gos, nagy, sz\u00fcrke, m\u00e1r m\u00e1r&nbsp;unalmas dobozainak&#8221; im\u00e1zs\u00e1t t\u00f6rte meg a nagy energiav\u00e1ls\u00e1g ut\u00e1n.&nbsp;<strong>A VOLVO els\u0151 fronthajt\u00e1s\u00fa aut\u00f3ja! <\/strong>Kor\u00e1t meghalad\u00f3 mer\u00e9sz formaterv\u00e9vel (massz\u00edv els\u0151-h\u00e1ts\u00f3 l\u00f6kh\u00e1r\u00edt\u00f3k, felt\u0171n\u0151 buk\u00f3l\u00e1mp\u00e1s orr\u00e9sz, \u00e9k alak\u00fa kasztni a jellegzetes h\u00e1ts\u00f3 <a href=\"http:\/\/cicvarekkuckoja.hu\/volvo4xx\/wp-content\/uploads\/2017\/04\/shootingok.jpg\">v\u00e1llr\u00e9sszel<\/a>, ami \u00e1tvezet a j\u00f3l eltal\u00e1lt kortalan h\u00e1ts\u00f3r\u00e9szhez &nbsp;a&nbsp;<a href=\"http:\/\/cicvarekkuckoja.hu\/volvo4xx\/wp-content\/uploads\/2017\/04\/480lassu.gif\">k\u00e9t cs\u00edkl\u00e1mpatesttel \u00e9s a teljes\u00fcveg ajt\u00f3val<\/a>), &nbsp;egyedi jelens\u00e9g volt \u00e9s m\u00e9g most az. A n\u00e9pek megfordulnak ut\u00e1na az utc\u00e1n, rengeteg im\u00e1d\u00f3ja van a 480-asnak.&nbsp;A mutat\u00f3s <a href=\"http:\/\/cicvarekkuckoja.hu\/volvo4xx\/wp-content\/uploads\/2017\/04\/480_cabrio.jpg\">kabri\u00f3<\/a> sorozatgy\u00e1rt\u00e1sba sajnos sosem&nbsp;ker\u00fclt, 4-5 protot\u00edpus l\u00e9tezik m\u00e9g. A phase I-es sorozatn\u00e1l a sz\u00e9les, <a href=\"http:\/\/cicvarekkuckoja.hu\/volvo4xx\/wp-content\/uploads\/2017\/04\/480_eredet.bmp\">f\u00e9l Eur\u00f3p\u00e1t \u00e9rint\u0151 besz\u00e1ll\u00edt\u00f3i k\u00f6r<\/a> miatt mindenf\u00e9le apr\u00f3 csepr\u0151, f\u0151leg elektromos eredet\u0171 kisebb hib\u00e1k, min\u0151s\u00e9gprobl\u00e9m\u00e1k jelentkeztek, ezeket 1990-re orvosolt\u00e1k. Els\u0151k\u00e9nt alkalmaztak k\u00f6zponti sz\u00e1m\u00edt\u00f3g\u00e9pet (IC), amely<a href=\"http:\/\/cicvarekkuckoja.hu\/volvo4xx\/wp-content\/uploads\/2017\/04\/ic_f.gif\"><img loading=\"lazy\" decoding=\"async\" class=\"wp-image-243 size-medium alignleft\" src=\"http:\/\/cicvarekkuckoja.hu\/volvo4xx\/wp-content\/uploads\/2017\/04\/infocenter-300x286.jpg\" alt=\"\" width=\"300\" height=\"286\"><\/a> a m\u0171szerfalon olyan inf\u00f3kat adott ki (mindezt 1985-ben!), mint a pillanatnyi- \u00e9s az \u00e1tlagfogyaszt\u00e1s, a megtehet\u0151 t\u00e1vols\u00e1g, a motorolaj- \u00e9s a h\u0171t\u0151folyad\u00e9k pillanatnyi h\u0151foka, k\u00fcls\u0151 h\u0151m\u00e9rs\u00e9klet. Ezek mellett olyan k\u00e9nyelmi funkci\u00f3kat biztos\u00edt, mint a bekapcsolt ablakt\u00f6rl\u0151 \u00fczemn\u00e9l h\u00e1tramenetbe v\u00e1lt\u00e1skor automatikusan indul\u00f3 h\u00e1ts\u00f3 ablakt\u00f6rl\u0151; leparkol\u00e1skor s\u00f6t\u00e9tben a &#8222;<a href=\"https:\/\/www.youtube.com\/watch?v=8ZkwjOUiGAg&amp;t=17s\">Follow me home<\/a>&#8221; funkci\u00f3, amely az els\u0151 f\u00e9nysz\u00f3r\u00f3kat k\u00e9sleltetve kapcsolja ki. Napjainkban egyre kevesebb magyarorsz\u00e1gi 480-as fut az utakon, tulajdonosai fanatikusan ragaszkodnak a megszerzett p\u00e9ld\u00e1nyaikhoz. A youngtimer korba l\u00e9p\u0151, j\u00f3 \u00e1llapot\u00fa p\u00e9ld\u00e1nyok n\u00e9h\u00e1ny \u00e9v m\u00falva m\u00e1r komoly \u00f6sszegeket fognak \u00e9rni tulajdonosaik sz\u00e1m\u00e1ra, mivel a magyar haszn\u00e1ltaut\u00f3 piacr\u00f3l gyakorlatilag elt\u0171n\u0151f\u00e9lben van a t\u00edpus. Az Orsz\u00e1gos Volvo Tal\u00e1lkoz\u00f3k (OVT) egyik f\u00e9nypontja az a j\u00f3 esetben egytucat 480-as, amelyeket ilyenkor&nbsp; egy\u00fctt l\u00e1tni. Meggy\u0151z\u0151 \u00e9s \u00e9lvezetes a 480-as vezet\u00e9se, ez nem v\u00e9letlen, hisz az <a href=\"http:\/\/cicvarekkuckoja.hu\/volvo4xx\/wp-content\/uploads\/2017\/04\/kormany_futomu.png\">els\u0151 fut\u00f3m\u0171<\/a>&nbsp;hangol\u00e1s\u00e1t a Lotus v\u00e9gezte. A <a href=\"http:\/\/cicvarekkuckoja.hu\/volvo4xx\/wp-content\/uploads\/2017\/04\/Hatso_futomu.png\">h\u00e1ts\u00f3 fut\u00f3m\u0171<\/a>&nbsp;&#8211; amely egy \u00e1tlagos, Panhard rudas merevhidas konstrukci\u00f3 &#8211; j\u00f3l szolg\u00e1l. Nagy sebess\u00e9gn\u00e9l, keresztir\u00e1ny\u00fa \u00fatbord\u00e1kn\u00e1l pattoghat csak el a h\u00e1ts\u00f3 fut\u00f3m\u0171, viszont ilyenkor a stabiliz\u00e1torr\u00fad a reakci\u00f3rudakkal feszesen tartja a fut\u00f3m\u0171vet. Az 1985-\u00f6s gy\u00e1rt\u00e1s <a href=\"http:\/\/cicvarekkuckoja.hu\/volvo4xx\/wp-content\/uploads\/2017\/07\/Volvo-480-Turbo-Plasma-Tacho.jpg\"><img loading=\"lazy\" decoding=\"async\" class=\"alignleft wp-image-596 size-medium\" src=\"http:\/\/cicvarekkuckoja.hu\/volvo4xx\/wp-content\/uploads\/2017\/07\/Volvo-480-Turbo-Plasma-Tacho-300x82.jpg\" alt=\"\" width=\"300\" height=\"82\"><\/a>beind\u00edt\u00e1sa ut\u00e1n k\u00e9t akkori turb\u00f3s konkurenssel (Honda Prelude 2.0, VW Golf GTI) k\u00f6z\u00f6sen tesztelt\u00e9k az aut\u00f3 vezethet\u0151s\u00e9g\u00e9t, fogyaszt\u00e1s\u00e1t \u00e9s fut\u00f3m\u0171v\u00e9t, <a href=\"https:\/\/www.youtube.com\/watch?v=wT-9GOaig2o\">\u00edme a tesztfilm!<\/a> A gy\u00e1ri k\u00f6nny\u0171f\u00e9m felnik eg\u00e9sz sorozat\u00e1t tervezt\u00e9k \u00e9s gy\u00e1rtott\u00e1k a 480-asokhoz, \u00e9vj\u00e1ratf\u00fcgg\u0151 a legt\u00f6bb, ahogy a karossz\u00e9ri\u00e1k <a href=\"https:\/\/www.volvo480register.nl\/kleuren\/\">sz\u00ednk\u00f3djai<\/a> is. A holland 480-as klub port\u00e1lja&nbsp;<a href=\"https:\/\/www.volvo480register.nl\/velgen\/\">j\u00f3 \u00e1ttekint\u00e9st ad a felnim\u00e9retekr\u0151l<\/a>&nbsp;\u00e9s ezek gumim\u00e9reteir\u0151l. A turb\u00f3s \u00e9s a k\u00e9tliteres v\u00e1ltozatokn\u00e1l megjelentek a h\u0171t\u00f6tt els\u0151 f\u00e9kt\u00e1rcs\u00e1k, az utols\u00f3 \u00e9vj\u00e1ratokhoz m\u00e1r alap volt az ABS \u00e9s a TRACS. Kor\u00e1nak <a href=\"https:\/\/www.youtube.com\/watch?v=2n7qx60pEVA\">t\u00f6r\u00e9stesztjein<\/a> el\u0151kel\u0151 helyen v\u00e9gzett, annak ellen\u00e9re, hogy egy k\u00f6nny\u0171 aut\u00f3r\u00f3l besz\u00e9l\u00fcnk (1 035 kg), sok, m\u0171anyagb\u00f3l k\u00e9sz\u00edtett karossz\u00e9riaelemmel.<\/p>\n<p><img loading=\"lazy\" decoding=\"async\" class=\"alignnone size-full wp-image-101\" src=\"http:\/\/demo.charlottesweb.hu\/vv\/wp-content\/uploads\/2018\/01\/480_2.jpg\" alt=\"\" width=\"800\" height=\"600\" srcset=\"https:\/\/www.veteranvolvo.hu\/wp-content\/uploads\/2018\/01\/480_2.jpg 800w, https:\/\/www.veteranvolvo.hu\/wp-content\/uploads\/2018\/01\/480_2-300x225.jpg 300w, https:\/\/www.veteranvolvo.hu\/wp-content\/uploads\/2018\/01\/480_2-768x576.jpg 768w\" sizes=\"(max-width: 800px) 100vw, 800px\" \/><\/p>\n<hr>\n<p style=\"text-align: center;\"><iframe title=\"Volvo 480\" width=\"640\" height=\"360\" src=\"https:\/\/www.youtube.com\/embed\/P94wxat-Lbs?feature=oembed\" frameborder=\"0\" allow=\"accelerometer; autoplay; clipboard-write; encrypted-media; gyroscope; picture-in-picture; web-share\" referrerpolicy=\"strict-origin-when-cross-origin\" allowfullscreen><\/iframe><\/p>\n<p><a href=\"http:\/\/cicvarekkuckoja.hu\/volvo4xx\/volvo-480-440-460\/volvo-440-460-480\/\"><strong>440<\/strong><\/a><\/p>\n<p>A&nbsp;<b>440-es&nbsp;<\/b>1988 \u00e9s 1996 k\u00f6z\u00f6tt t\u00f6bb mint 384 ezer p\u00e9ld\u00e1nyban ker\u00fclt gy\u00e1rt\u00e1sra, az akkori Golf ellenl\u00e1bas\u00e1nak sz\u00e1nt\u00e1k, a n\u00e9gyesek legnagyobb sz\u00e1mban gy\u00e1rtott t\u00edpusa. Magasabb \u00e1ra miatt term\u00e9szetesen nem fogyott annyi bel\u0151le, mint a n\u00e9met vet\u00e9lyt\u00e1rsb\u00f3l. A tervez\u0151k a ler\u00f6vid\u00edtett h\u00e1ts\u00f3 r\u00e9sz alapj\u00e1n az als\u00f3 k\u00f6z\u00e9pkateg\u00f3ri\u00e1ba pozicion\u00e1lt\u00e1k.&nbsp; Az 1990-es \u00e9vek elej\u00e9n els\u0151 helyen \u00e1llt az eur\u00f3pai&nbsp;aut\u00f3v\u00e1s\u00e1rl\u00f3k kedvelts\u00e9gi list\u00e1j\u00e1n. Egy francia m\u0171hely kis sorozatban&nbsp;<a href=\"http:\/\/cicvarekkuckoja.hu\/volvo4xx\/wp-content\/uploads\/2017\/07\/440_kombi_b.bmp\" data-slimstat=\"5\">kombikat<\/a>&nbsp;is k\u00e9sz\u00edtett a t\u00edpusb\u00f3l. Ennek ellen\u00e9re a 440-es sohasem lett kasszasiker, ami tal\u00e1n annak tudhat\u00f3 be, hogy a 480-ash<a href=\"http:\/\/cicvarekkuckoja.hu\/volvo4xx\/wp-content\/uploads\/2017\/04\/440meretei.jpg\" data-slimstat=\"5\"><img loading=\"lazy\" decoding=\"async\" class=\"wp-image-51 alignright\" src=\"http:\/\/cicvarekkuckoja.hu\/volvo4xx\/wp-content\/uploads\/2017\/04\/440meretei-300x68.jpg\" sizes=\"(max-width: 305px) 100vw, 305px\" srcset=\"http:\/\/cicvarekkuckoja.hu\/volvo4xx\/wp-content\/uploads\/2017\/04\/440meretei-300x68.jpg 300w, http:\/\/cicvarekkuckoja.hu\/volvo4xx\/wp-content\/uploads\/2017\/04\/440meretei-768x174.jpg 768w, http:\/\/cicvarekkuckoja.hu\/volvo4xx\/wp-content\/uploads\/2017\/04\/440meretei-1024x231.jpg 1024w, http:\/\/cicvarekkuckoja.hu\/volvo4xx\/wp-content\/uploads\/2017\/04\/440meretei.jpg 1190w\" alt=\"\" width=\"305\" height=\"69\"><\/a>oz k\u00e9pest semmiben sem volt egyed\u00fcl\u00e1ll\u00f3, a turb\u00f3s v\u00e1ltozatai&nbsp;<img loading=\"lazy\" decoding=\"async\" class=\"size-full wp-image-70 alignleft\" src=\"http:\/\/cicvarekkuckoja.hu\/volvo4xx\/wp-content\/uploads\/2017\/04\/turboanim.gif\" alt=\"\" width=\"120\" height=\"89\">azonban&nbsp;igazi b\u00e1r\u00e1nyb\u0151rbe b\u00fajt farkasok. Tart\u00f3ss\u00e1gukr\u00f3l mindent el\u00e1rul az, hogy a 440-esek nagy r\u00e9sze m\u00e9g ma is r\u00f3ja az utakat, sok helyen&nbsp;<a href=\"http:\/\/cicvarekkuckoja.hu\/volvo4xx\/wp-content\/uploads\/2017\/03\/NL_440_politie_2.jpg\" data-slimstat=\"5\">rend\u0151raut\u00f3k\u00e9nt<\/a>&nbsp;is szolg\u00e1lt. Motorikusan kiforrottak, az apr\u00f3 elektromos hib\u00e1k okozhatnak kisebb gondokat az elhanyagoltabb darabokn\u00e1l. Az 1993-as facelift ut\u00e1ni v\u00e1ltozatok k\u00e9tliteres sz\u00edv\u00f3 v\u00e1ltozatai elny\u0171hetetlen darabok. A motor mindent kib\u00edr, hamarabb f\u00e1rad el a fut\u00f3m\u0171 \u00e9s a kasztni, a legt\u00f6bb kivont aut\u00f3 ez ut\u00f3bbi kett\u0151 miatt ker\u00fcl bont\u00f3ba.<\/p>\n<p><img loading=\"lazy\" decoding=\"async\" class=\"alignnone size-full wp-image-99\" src=\"http:\/\/demo.charlottesweb.hu\/vv\/wp-content\/uploads\/2018\/01\/440_1.jpg\" alt=\"\" width=\"800\" height=\"600\" srcset=\"https:\/\/www.veteranvolvo.hu\/wp-content\/uploads\/2018\/01\/440_1.jpg 800w, https:\/\/www.veteranvolvo.hu\/wp-content\/uploads\/2018\/01\/440_1-300x225.jpg 300w, https:\/\/www.veteranvolvo.hu\/wp-content\/uploads\/2018\/01\/440_1-768x576.jpg 768w\" sizes=\"(max-width: 800px) 100vw, 800px\" \/><\/p>\n<hr>\n<p><a href=\"http:\/\/cicvarekkuckoja.hu\/volvo4xx\/volvo-480-440-460\/460-2\/\"><strong>460<\/strong><\/a><\/p>\n<p>Az eleg\u00e1ns limuzin<b>&nbsp;<\/b>4.44 m\u00e9teres hossz\u00e1val, t\u00e1gas utas- \u00e9s csomagter\u00e9vel a n\u00e9gyes-sorozat utols\u00f3 darabja. Gy\u00e1rt\u00e1sa 1989-1996 k\u00f6z\u00f6tt zajlott. Ut\u00f3dja, a Mitsubishi Carisma alapokra \u00e9p\u00edtett&nbsp;S\/V40-es volt. El\u0151sz\u00f6r 1991-ben ny\u00faltak hozz\u00e1 a karossz\u00e9ri\u00e1hoz \u00e9s utast\u00e9rhez, majd 1993-ban k\u00f6vetkezett egy l\u00e1tv\u00e1nyos r\u00e1ncfelvarr\u00e1s, ekkor a 460-ast formailag hozz\u00e1igaz\u00edtott\u00e1k a 850-eshez, ez\u00e9rt a phase II-es 460-asokat a&nbsp;<a href=\"http:\/\/www.youtube.com\/watch?v=pfbDtMirwF0\" data-slimstat=\"5\">850-es<\/a>&nbsp;kistestv\u00e9r\u00e9nek nevezik. A 460-as m\u0171szakilag megegyezik a 480-440-es t\u00edpusokkal. Mivel az utols\u00f3 t\u00edpusv\u00e1ltozat, egy kiforrott darabr\u00f3l besz\u00e9lhet\u00fcnk. A konzervat\u00edv limuzin formaterve id\u0151t\u00e1ll\u00f3nak bizonyult. Sokan nem is \u00e9rtett\u00e9k a mer\u00e9sz formai vonalakkal megjelent 480-as ut\u00e1n hogy j\u00f6het egy ilyen klasszikus formaterv. Az id\u0151 a tervez\u0151ket igazolta: az elad\u00e1si sz\u00e1mai messze fel\u00fclm\u00falt\u00e1k a 480-as\u00e9t. Az 1 060 kg \u00f6sszt\u00f6meg\u0171 aut\u00f3ba akt\u00edv \u00e9s passz\u00edv biztons\u00e1gi elemek sorozata ker\u00fclt be\u00e9p\u00edt\u00e9sre: els\u0151-h\u00e1ts\u00f3 tervezett deform\u00e1l\u00f3d\u00f3 z\u00f3na, l\u00e9gzs\u00e1k, SIPS rendszer, \u00f6vfesz\u00edt\u0151kkel, er\u0151s\u00edtett ajt\u00f3k \u00e9s tet\u0151, ABS, TRACS stb. A civil vev\u0151k\u00f6r mellett rend\u0151rs\u00e9gi aut\u00f3k\u00e9nt is alkalmazt\u00e1k a&nbsp;<a href=\"http:\/\/cicvarekkuckoja.hu\/volvo4xx\/wp-content\/uploads\/2017\/03\/NL_440_politie_2.jpg\" data-slimstat=\"5\">440-es<\/a>&nbsp;\u00e9s igen, a&nbsp;<a href=\"http:\/\/cicvarekkuckoja.hu\/volvo4xx\/wp-content\/uploads\/2017\/04\/kuva_volvo.jpg\" data-slimstat=\"5\">480-assal<\/a>&nbsp;egy\u00fctt Eur\u00f3pa t\u00f6bb orsz\u00e1g\u00e1ban: holland, angol vagy&nbsp;<a href=\"http:\/\/cicvarekkuckoja.hu\/volvo4xx\/wp-content\/uploads\/2017\/04\/Lit_TrVol.jpg\" data-slimstat=\"5\">itt<\/a>&nbsp;pl. litv\u00e1n rend\u0151raut\u00f3k\u00e9nt teljes\u00edt szolg\u00e1latot.&nbsp;<a href=\"http:\/\/cicvarekkuckoja.hu\/volvo4xx\/wp-content\/uploads\/2017\/04\/460meretei.jpg\" data-slimstat=\"5\"><img loading=\"lazy\" decoding=\"async\" class=\" wp-image-52 alignright\" src=\"http:\/\/cicvarekkuckoja.hu\/volvo4xx\/wp-content\/uploads\/2017\/04\/460meretei-300x170.jpg\" sizes=\"(max-width: 316px) 100vw, 316px\" srcset=\"http:\/\/cicvarekkuckoja.hu\/volvo4xx\/wp-content\/uploads\/2017\/04\/460meretei-300x170.jpg 300w, http:\/\/cicvarekkuckoja.hu\/volvo4xx\/wp-content\/uploads\/2017\/04\/460meretei-768x435.jpg 768w, http:\/\/cicvarekkuckoja.hu\/volvo4xx\/wp-content\/uploads\/2017\/04\/460meretei-1024x580.jpg 1024w, http:\/\/cicvarekkuckoja.hu\/volvo4xx\/wp-content\/uploads\/2017\/04\/460meretei.jpg 1134w\" alt=\"\" width=\"316\" height=\"179\"><\/a>A g\u00e1zolajos er\u0151forr\u00e1s is megjelent 1994-ben. Egy 1.9 Renault TD motor ker\u00fcl a kasztniba. A korabeli&nbsp;<a href=\"http:\/\/cicvarekkuckoja.hu\/volvo4xx\/wp-content\/uploads\/2017\/04\/460diesel_94.jpg\" data-slimstat=\"5\">rekl\u00e1mhirdet\u00e9sek<\/a>&nbsp;egy tankol\u00e1ssal 1 463 km megt\u00e9tel\u00e9t \u00edg\u00e9rt\u00e9k; ami biztos, hogy 1 200 kilom\u00e9tert garant\u00e1ltan elgurul a g\u00e1zolajos&nbsp;<a href=\"http:\/\/cicvarekkuckoja.hu\/volvo4xx\/wp-content\/uploads\/2017\/04\/D-19-engine.png\" data-slimstat=\"5\">er\u0151forr\u00e1ssal<\/a>&nbsp;szerelt t\u00edpus. A g\u00f6teborgi VOLVO m\u00fazeum piros 460-asa a helmondi gy\u00e1rt\u00f3sor utols\u00f3 darabja volt \u00e9s a 238 401. sz\u00e1mot viselte. A teljes gy\u00e1rt\u00e1si folyamatot mutatja be&nbsp;<a href=\"https:\/\/www.youtube.com\/watch?v=MRXNSVc4Czw&amp;feature=related\" data-slimstat=\"5\">ez a gy\u00e1ri vide\u00f3<\/a>!<\/p>\n<p><img loading=\"lazy\" decoding=\"async\" class=\"alignnone size-full wp-image-100\" src=\"http:\/\/demo.charlottesweb.hu\/vv\/wp-content\/uploads\/2018\/01\/460_2.jpg\" alt=\"\" width=\"800\" height=\"600\" srcset=\"https:\/\/www.veteranvolvo.hu\/wp-content\/uploads\/2018\/01\/460_2.jpg 800w, https:\/\/www.veteranvolvo.hu\/wp-content\/uploads\/2018\/01\/460_2-300x225.jpg 300w, https:\/\/www.veteranvolvo.hu\/wp-content\/uploads\/2018\/01\/460_2-768x576.jpg 768w\" sizes=\"(max-width: 800px) 100vw, 800px\" \/><\/p>\n<p>&nbsp;<\/p>\n<hr>\n<p style=\"text-align: center;\"><em><span style=\"color: #808080;\">A honlapon szerepl\u0151 anyagok, k\u00e9pek a \u201cVolvo Car Corporation\u201d \u00e9s a magyarorsz\u00e1gi veter\u00e1n Volv\u00f3k tulajdonosainak szellemi tulajdon\u00e1t k\u00e9pezik!<\/span><\/em><\/p>\n<p style=\"text-align: right;\"><a href=\"http:\/\/cicvarekkuckoja.hu\/volvo4xx\/volvok\/weblap-keszites-szerkesztes-es-karbantartas\/\"><span style=\"color: #999999;\">Webmester &#8211; minden, ami port\u00e1l\u00e9p\u00edt\u00e9s!<\/span><\/a><\/p>\n","protected":false},"excerpt":{"rendered":"<p>A 400-as sorozat A fronthajt\u00e1st a Volv\u00f3n\u00e1l a n\u00e9gyesek hozt\u00e1k el az els\u0151 Galaxy projekt keret\u00e9ben, majd \u0151ket az itt nyert \u00e9rt\u00e9kes tapasztalatok ut\u00e1n a 850-es k\u00f6vette a m\u00e1sodikban. A h\u00e1rom t\u00edpus motorv\u00e1ltozatai: 1.6, 1.7, 1.8, 1.7 turbo, 1.9 diesel \u00e9s 2.0. Ezek bev\u00e1lt Renault motorblokkokra \u00e9p\u00edtett, saj\u00e1t fejleszt\u00e9s\u0171 vez\u00e9rl\u00e9ssel \u00e9s elektronik\u00e1val szerelt er\u0151forr\u00e1sok. A [&hellip;]<\/p>\n","protected":false},"author":1,"featured_media":0,"parent":76,"menu_order":0,"comment_status":"closed","ping_status":"closed","template":"","meta":{"footnotes":""},"class_list":["post-209","page","type-page","status-publish","hentry"],"_links":{"self":[{"href":"https:\/\/www.veteranvolvo.hu\/index.php?rest_route=\/wp\/v2\/pages\/209","targetHints":{"allow":["GET"]}}],"collection":[{"href":"https:\/\/www.veteranvolvo.hu\/index.php?rest_route=\/wp\/v2\/pages"}],"about":[{"href":"https:\/\/www.veteranvolvo.hu\/index.php?rest_route=\/wp\/v2\/types\/page"}],"author":[{"embeddable":true,"href":"https:\/\/www.veteranvolvo.hu\/index.php?rest_route=\/wp\/v2\/users\/1"}],"replies":[{"embeddable":true,"href":"https:\/\/www.veteranvolvo.hu\/index.php?rest_route=%2Fwp%2Fv2%2Fcomments&post=209"}],"version-history":[{"count":11,"href":"https:\/\/www.veteranvolvo.hu\/index.php?rest_route=\/wp\/v2\/pages\/209\/revisions"}],"predecessor-version":[{"id":5570,"href":"https:\/\/www.veteranvolvo.hu\/index.php?rest_route=\/wp\/v2\/pages\/209\/revisions\/5570"}],"up":[{"embeddable":true,"href":"https:\/\/www.veteranvolvo.hu\/index.php?rest_route=\/wp\/v2\/pages\/76"}],"wp:attachment":[{"href":"https:\/\/www.veteranvolvo.hu\/index.php?rest_route=%2Fwp%2Fv2%2Fmedia&parent=209"}],"curies":[{"name":"wp","href":"https:\/\/api.w.org\/{rel}","templated":true}]}}