{"id":1883,"date":"2018-02-19T22:54:44","date_gmt":"2018-02-19T21:54:44","guid":{"rendered":"http:\/\/www.veteranvolvo.hu\/?page_id=1883"},"modified":"2018-03-01T21:57:56","modified_gmt":"2018-03-01T20:57:56","slug":"tr701-4","status":"publish","type":"page","link":"https:\/\/www.veteranvolvo.hu\/?page_id=1883","title":{"rendered":"Volvo TR701-4"},"content":{"rendered":"<h2 class=\"fbPhotoAlbumTitle\" style=\"text-align: center;\">Volvo TR701-4<\/h2>\n<h6 style=\"text-align: center;\">1935-1937<\/h6>\n<style id=\"bwg-style-0\">    #bwg_container1_0 #bwg_container2_0 .bwg-container-0.bwg-standard-thumbnails {      width: 904px;              justify-content: center;        margin:0 auto !important;              background-color: rgba(255, 255, 255, 0.00);            padding-left: 4px;      padding-top: 4px;      max-width: 100%;            }        #bwg_container1_0 #bwg_container2_0 .bwg-container-0.bwg-standard-thumbnails .bwg-item {    justify-content: flex-start;      max-width: 180px;          }    #bwg_container1_0 #bwg_container2_0 .bwg-container-0.bwg-standard-thumbnails .bwg-item a {       margin-right: 4px;       margin-bottom: 4px;    }    #bwg_container1_0 #bwg_container2_0 .bwg-container-0.bwg-standard-thumbnails .bwg-item0 {      padding: 0px;            background-color:rgba(255,255,255, 0.30);      border: 0px none #CCCCCC;      opacity: 1.00;      border-radius: 0;      box-shadow: 0px 0px 0px #888888;    }    #bwg_container1_0 #bwg_container2_0 .bwg-container-0.bwg-standard-thumbnails .bwg-item1 img {      max-height: none;      max-width: none;      padding: 0 !important;    }        @media only screen and (min-width: 480px) {      #bwg_container1_0 #bwg_container2_0 .bwg-container-0.bwg-standard-thumbnails .bwg-item0 {        transition: all 0.3s ease 0s;-webkit-transition: all 0.3s ease 0s;      }      #bwg_container1_0 #bwg_container2_0 .bwg-container-0.bwg-standard-thumbnails .bwg-item0:hover {        -ms-transform: scale(1.1);        -webkit-transform: scale(1.1);        transform: scale(1.1);      }    }          #bwg_container1_0 #bwg_container2_0 .bwg-container-0.bwg-standard-thumbnails .bwg-item1 {      padding-top: 50%;    }        #bwg_container1_0 #bwg_container2_0 .bwg-container-0.bwg-standard-thumbnails .bwg-title2,    #bwg_container1_0 #bwg_container2_0 .bwg-container-0.bwg-standard-thumbnails .bwg-ecommerce2 {      color: #CCCCCC;      font-family: segoe ui;      font-size: 16px;      font-weight: bold;      padding: 2px;      text-shadow: 0px 0px 0px #888888;      max-height: 100%;    }    #bwg_container1_0 #bwg_container2_0 .bwg-container-0.bwg-standard-thumbnails .bwg-thumb-description span {    color: #323A45;    font-family: Ubuntu;    font-size: 12px;    max-height: 100%;    word-wrap: break-word;    }    #bwg_container1_0 #bwg_container2_0 .bwg-container-0.bwg-standard-thumbnails .bwg-play-icon2 {      font-size: 32px;    }    #bwg_container1_0 #bwg_container2_0 .bwg-container-0.bwg-standard-thumbnails .bwg-ecommerce2 {      font-size: 19.2px;      color: #CCCCCC;    }    <\/style>    <div id=\"bwg_container1_0\"         class=\"bwg_container bwg_thumbnail bwg_thumbnails \"         data-right-click-protection=\"0\"         data-bwg=\"0\"         data-scroll=\"0\"         data-gallery-type=\"thumbnails\"         data-gallery-view-type=\"thumbnails\"         data-current-url=\"\/index.php?rest_route=%2Fwp%2Fv2%2Fpages%2F1883\"         data-lightbox-url=\"https:\/\/www.veteranvolvo.hu\/wp-admin\/admin-ajax.php?action=GalleryBox&#038;current_view=0&#038;gallery_id=27&#038;tag=0&#038;theme_id=1&#038;shortcode_id=58&#038;sort_by=order&#038;order_by=asc&#038;current_url=%2Findex.php%3Frest_route%3D%252Fwp%252Fv2%252Fpages%252F1883\"         data-gallery-id=\"27\"         data-popup-width=\"800\"         data-popup-height=\"500\"         data-is-album=\"gallery\"         data-buttons-position=\"bottom\">      <div id=\"bwg_container2_0\">             <div id=\"ajax_loading_0\" class=\"bwg_loading_div_1\">      <div class=\"bwg_loading_div_2\">        <div class=\"bwg_loading_div_3\">          <div id=\"loading_div_0\" class=\"bwg_spider_ajax_loading\">          <\/div>        <\/div>      <\/div>    <\/div>            <form id=\"gal_front_form_0\"              class=\"bwg-hidden\"              method=\"post\"              action=\"#\"              data-current=\"0\"              data-shortcode-id=\"58\"              data-gallery-type=\"thumbnails\"              data-gallery-id=\"27\"              data-tag=\"0\"              data-album-id=\"0\"              data-theme-id=\"1\"              data-ajax-url=\"https:\/\/www.veteranvolvo.hu\/wp-admin\/admin-ajax.php?action=bwg_frontend_data\">          <div id=\"bwg_container3_0\" class=\"bwg-background bwg-background-0\">                <div data-max-count=\"5\"         data-thumbnail-width=\"180\"         data-bwg=\"0\"         data-gallery-id=\"27\"         data-lightbox-url=\"https:\/\/www.veteranvolvo.hu\/wp-admin\/admin-ajax.php?action=GalleryBox&amp;current_view=0&amp;gallery_id=27&amp;tag=0&amp;theme_id=1&amp;shortcode_id=58&amp;sort_by=order&amp;order_by=asc&amp;current_url=%2Findex.php%3Frest_route%3D%252Fwp%252Fv2%252Fpages%252F1883\"         id=\"bwg_thumbnails_0\"         class=\"bwg-container-0 bwg-thumbnails bwg-standard-thumbnails bwg-container bwg-border-box\">            <div class=\"bwg-item\">        <a class=\"bwg-a  bwg_lightbox\"  data-image-id=\"893\" href=\"https:\/\/www.veteranvolvo.hu\/wp-content\/uploads\/photo-gallery\/imported_from_media_libray\/\/15085696_1244677212255400_4602661655570449634_n.jpg\" data-elementor-open-lightbox=\"no\">                <div class=\"bwg-item0 \">          <div class=\"bwg-item1 \">            <div class=\"bwg-item2\">              <img decoding=\"async\" class=\"skip-lazy bwg_standart_thumb_img_0 \"                   data-id=\"893\"                   data-width=\"\"                   data-height=\"\"                   data-src=\"https:\/\/www.veteranvolvo.hu\/wp-content\/uploads\/photo-gallery\/imported_from_media_libray\/\/thumb\/15085696_1244677212255400_4602661655570449634_n.jpg\"                   src=\"https:\/\/www.veteranvolvo.hu\/wp-content\/uploads\/photo-gallery\/imported_from_media_libray\/\/thumb\/15085696_1244677212255400_4602661655570449634_n.jpg\"                   alt=\"15085696_1244677212255400_4602661655570449634_n\"                   title=\"15085696_1244677212255400_4602661655570449634_n\" \/>            <\/div>            <div class=\"\">                                                      <\/div>          <\/div>        <\/div>                        <\/a>              <\/div>            <div class=\"bwg-item\">        <a class=\"bwg-a  bwg_lightbox\"  data-image-id=\"892\" href=\"https:\/\/www.veteranvolvo.hu\/wp-content\/uploads\/photo-gallery\/imported_from_media_libray\/\/15056231_1244677148922073_8433596293357383565_n.jpg\" data-elementor-open-lightbox=\"no\">                <div class=\"bwg-item0 \">          <div class=\"bwg-item1 \">            <div class=\"bwg-item2\">              <img decoding=\"async\" class=\"skip-lazy bwg_standart_thumb_img_0 \"                   data-id=\"892\"                   data-width=\"\"                   data-height=\"\"                   data-src=\"https:\/\/www.veteranvolvo.hu\/wp-content\/uploads\/photo-gallery\/imported_from_media_libray\/\/thumb\/15056231_1244677148922073_8433596293357383565_n.jpg\"                   src=\"https:\/\/www.veteranvolvo.hu\/wp-content\/uploads\/photo-gallery\/imported_from_media_libray\/\/thumb\/15056231_1244677148922073_8433596293357383565_n.jpg\"                   alt=\"15056231_1244677148922073_8433596293357383565_n\"                   title=\"15056231_1244677148922073_8433596293357383565_n\" \/>            <\/div>            <div class=\"\">                                                      <\/div>          <\/div>        <\/div>                        <\/a>              <\/div>            <div class=\"bwg-item\">        <a class=\"bwg-a  bwg_lightbox\"  data-image-id=\"891\" href=\"https:\/\/www.veteranvolvo.hu\/wp-content\/uploads\/photo-gallery\/imported_from_media_libray\/\/15037090_1244677268922061_230905697287706054_n.jpg\" data-elementor-open-lightbox=\"no\">                <div class=\"bwg-item0 \">          <div class=\"bwg-item1 \">            <div class=\"bwg-item2\">              <img decoding=\"async\" class=\"skip-lazy bwg_standart_thumb_img_0 \"                   data-id=\"891\"                   data-width=\"\"                   data-height=\"\"                   data-src=\"https:\/\/www.veteranvolvo.hu\/wp-content\/uploads\/photo-gallery\/imported_from_media_libray\/\/thumb\/15037090_1244677268922061_230905697287706054_n.jpg\"                   src=\"https:\/\/www.veteranvolvo.hu\/wp-content\/uploads\/photo-gallery\/imported_from_media_libray\/\/thumb\/15037090_1244677268922061_230905697287706054_n.jpg\"                   alt=\"15037090_1244677268922061_230905697287706054_n\"                   title=\"15037090_1244677268922061_230905697287706054_n\" \/>            <\/div>            <div class=\"\">                                                      <\/div>          <\/div>        <\/div>                        <\/a>              <\/div>            <div class=\"bwg-item\">        <a class=\"bwg-a  bwg_lightbox\"  data-image-id=\"890\" href=\"https:\/\/www.veteranvolvo.hu\/wp-content\/uploads\/photo-gallery\/imported_from_media_libray\/\/15036417_1244677182255403_6491295896457629198_n.jpg\" data-elementor-open-lightbox=\"no\">                <div class=\"bwg-item0 \">          <div class=\"bwg-item1 \">            <div class=\"bwg-item2\">              <img decoding=\"async\" class=\"skip-lazy bwg_standart_thumb_img_0 \"                   data-id=\"890\"                   data-width=\"\"                   data-height=\"\"                   data-src=\"https:\/\/www.veteranvolvo.hu\/wp-content\/uploads\/photo-gallery\/imported_from_media_libray\/\/thumb\/15036417_1244677182255403_6491295896457629198_n.jpg\"                   src=\"https:\/\/www.veteranvolvo.hu\/wp-content\/uploads\/photo-gallery\/imported_from_media_libray\/\/thumb\/15036417_1244677182255403_6491295896457629198_n.jpg\"                   alt=\"15036417_1244677182255403_6491295896457629198_n\"                   title=\"15036417_1244677182255403_6491295896457629198_n\" \/>            <\/div>            <div class=\"\">                                                      <\/div>          <\/div>        <\/div>                        <\/a>              <\/div>            <div class=\"bwg-item\">        <a class=\"bwg-a  bwg_lightbox\"  data-image-id=\"889\" href=\"https:\/\/www.veteranvolvo.hu\/wp-content\/uploads\/photo-gallery\/imported_from_media_libray\/\/15036296_1244677145588740_7748321357231189589_n.jpg\" data-elementor-open-lightbox=\"no\">                <div class=\"bwg-item0 \">          <div class=\"bwg-item1 \">            <div class=\"bwg-item2\">              <img decoding=\"async\" class=\"skip-lazy bwg_standart_thumb_img_0 \"                   data-id=\"889\"                   data-width=\"\"                   data-height=\"\"                   data-src=\"https:\/\/www.veteranvolvo.hu\/wp-content\/uploads\/photo-gallery\/imported_from_media_libray\/\/thumb\/15036296_1244677145588740_7748321357231189589_n.jpg\"                   src=\"https:\/\/www.veteranvolvo.hu\/wp-content\/uploads\/photo-gallery\/imported_from_media_libray\/\/thumb\/15036296_1244677145588740_7748321357231189589_n.jpg\"                   alt=\"15036296_1244677145588740_7748321357231189589_n\"                   title=\"15036296_1244677145588740_7748321357231189589_n\" \/>            <\/div>            <div class=\"\">                                                      <\/div>          <\/div>        <\/div>                        <\/a>              <\/div>            <div class=\"bwg-item\">        <a class=\"bwg-a  bwg_lightbox\"  data-image-id=\"888\" href=\"https:\/\/www.veteranvolvo.hu\/wp-content\/uploads\/photo-gallery\/imported_from_media_libray\/\/15027718_1244677138922074_5162597654351872043_n.jpg\" data-elementor-open-lightbox=\"no\">                <div class=\"bwg-item0 \">          <div class=\"bwg-item1 \">            <div class=\"bwg-item2\">              <img decoding=\"async\" class=\"skip-lazy bwg_standart_thumb_img_0 \"                   data-id=\"888\"                   data-width=\"\"                   data-height=\"\"                   data-src=\"https:\/\/www.veteranvolvo.hu\/wp-content\/uploads\/photo-gallery\/imported_from_media_libray\/\/thumb\/15027718_1244677138922074_5162597654351872043_n.jpg\"                   src=\"https:\/\/www.veteranvolvo.hu\/wp-content\/uploads\/photo-gallery\/imported_from_media_libray\/\/thumb\/15027718_1244677138922074_5162597654351872043_n.jpg\"                   alt=\"15027718_1244677138922074_5162597654351872043_n\"                   title=\"15027718_1244677138922074_5162597654351872043_n\" \/>            <\/div>            <div class=\"\">                                                      <\/div>          <\/div>        <\/div>                        <\/a>              <\/div>          <\/div>    <style>      \/*pagination styles*\/      #bwg_container1_0 #bwg_container2_0 .tablenav-pages_0 {\t\t\t\ttext-align: center;\t\t\t\tfont-size: 12px;\t\t\t\tfont-family: segoe ui;\t\t\t\tfont-weight: bold;\t\t\t\tcolor: #666666;\t\t\t\tmargin: 6px 0 4px;\t\t\t\tdisplay: block;      }      @media only screen and (max-width : 320px) {      #bwg_container1_0 #bwg_container2_0 .displaying-num_0 {     \t display: none;      }      }      #bwg_container1_0 #bwg_container2_0 .displaying-num_0 {\t\t\t\tfont-size: 12px;\t\t\t\tfont-family: segoe ui;\t\t\t\tfont-weight: bold;\t\t\t\tcolor: #666666;\t\t\t\tmargin-right: 10px;\t\t\t\tvertical-align: middle;      }      #bwg_container1_0 #bwg_container2_0 .paging-input_0 {\t\t\t\tfont-size: 12px;\t\t\t\tfont-family: segoe ui;\t\t\t\tfont-weight: bold;\t\t\t\tcolor: #666666;\t\t\t\tvertical-align: middle;      }      #bwg_container1_0 #bwg_container2_0 .tablenav-pages_0 a.disabled,      #bwg_container1_0 #bwg_container2_0 .tablenav-pages_0 a.disabled:hover,      #bwg_container1_0 #bwg_container2_0 .tablenav-pages_0 a.disabled:focus,\t\t\t#bwg_container1_0 #bwg_container2_0 .tablenav-pages_0 input.bwg_current_page {\t\t\t\tcursor: default;\t\t\t\tcolor: rgba(102, 102, 102, 0.5);      }      #bwg_container1_0 #bwg_container2_0 .tablenav-pages_0 a,      #bwg_container1_0 #bwg_container2_0 .tablenav-pages_0 input.bwg_current_page {\t\t\t\tcursor: pointer;\t\t\t\ttext-align: center;\t\t\t\tfont-size: 12px;\t\t\t\tfont-family: segoe ui;\t\t\t\tfont-weight: bold;\t\t\t\tcolor: #666666;\t\t\t\ttext-decoration: none;\t\t\t\tpadding: 3px 6px;\t\t\t\tmargin: 0;\t\t\t\tborder-radius: 0;\t\t\t\tborder-style: solid;\t\t\t\tborder-width: 1px;\t\t\t\tborder-color: #E3E3E3;\t\t\t\t\t\t\t\tbackground-color: rgba(255, 255, 255, 1.00);\t\t\t\tbox-shadow: 0;\t\t\t\ttransition: all 0.3s ease 0s;-webkit-transition: all 0.3s ease 0s;      }      <\/style>      <span class=\"bwg_nav_cont_0\">              <div class=\"tablenav-pages_0\">                  <\/div>                <input type=\"hidden\" id=\"page_number_0\" name=\"page_number_0\" value=\"1\" \/>      <script type=\"text\/javascript\">        if( jQuery('.bwg_nav_cont_0').length > 1 ) {          jQuery('.bwg_nav_cont_0').first().remove()        }        function spider_page_0(cur, x, y, load_more) {          if (typeof load_more == \"undefined\") {            var load_more = false;          }          if (jQuery(cur).hasClass('disabled')) {            return false;          }          var items_county_0 = 1;          switch (y) {            case 1:              if (x >= items_county_0) {                document.getElementById('page_number_0').value = items_county_0;              }              else {                document.getElementById('page_number_0').value = x + 1;              }              break;            case 2:              document.getElementById('page_number_0').value = items_county_0;              break;            case -1:              if (x == 1) {                document.getElementById('page_number_0').value = 1;              }              else {                document.getElementById('page_number_0').value = x - 1;              }              break;            case -2:              document.getElementById('page_number_0').value = 1;              break;\t\t\t\t\t\tcase 0:              document.getElementById('page_number_0').value = x;              break;            default:              document.getElementById('page_number_0').value = 1;          }          bwg_ajax('gal_front_form_0', '0', 'bwg_thumbnails_0', '0', '', 'gallery', 0, '', '', load_more, '', 1);        }                    jQuery('.first-page-0').on('click', function () {              spider_page_0(this, 1, -2, 'numeric');              return false;            });            jQuery('.prev-page-0').on('click', function () {              spider_page_0(this, 1, -1, 'numeric');              return false;            });            jQuery('.next-page-0').on('click', function () {              spider_page_0(this, 1, 1, 'numeric');              return false;            });            jQuery('.last-page-0').on('click', function () {              spider_page_0(this, 1, 2, 'numeric');              return false;            });        \t\t\t\t\/* Change page on input enter. *\/        function bwg_change_page_0( e, that ) {          if (  e.key == 'Enter' ) {            var to_page = parseInt(jQuery(that).val());            var pages_count = jQuery(that).parents(\".pagination-links\").data(\"pages-count\");            var current_url_param = jQuery(that).attr('data-url-info');            if (to_page > pages_count) {              to_page = 1;            }\t \t\t\t\t\t\t\t\t\t\t\t\tspider_page_0(this, to_page, 0, 'numeric');\t\t\t\t\t\t\treturn false;\t\t\t\t\t\t          }          return true;        }        jQuery('.bwg_load_btn_0').on('click', function () {            spider_page_0(this, 1, 1, true);            return false;        });      <\/script>      <\/span>                <\/div>        <\/form>        <style>          #bwg_container1_0 #bwg_container2_0 #spider_popup_overlay_0 {          background-color: #000000;          opacity: 0.70;          }          <\/style>        <div id=\"bwg_spider_popup_loading_0\" class=\"bwg_spider_popup_loading\"><\/div>        <div id=\"spider_popup_overlay_0\" class=\"spider_popup_overlay\" onclick=\"spider_destroypopup(1000)\"><\/div>        <input type=\"hidden\" id=\"bwg_random_seed_0\" value=\"1811666099\">                <\/div>    <\/div>    <script>      if (document.readyState === 'complete') {        if( typeof bwg_main_ready == 'function' ) {          if ( jQuery(\"#bwg_container1_0\").height() ) {            bwg_main_ready(jQuery(\"#bwg_container1_0\"));          }        }      } else {        document.addEventListener('DOMContentLoaded', function() {          if( typeof bwg_main_ready == 'function' ) {            if ( jQuery(\"#bwg_container1_0\").height() ) {             bwg_main_ready(jQuery(\"#bwg_container1_0\"));            }          }        });      }    <\/script>    \n<p><span class=\" UFICommentActorAndBody\"> <span data-ft=\"{&quot;tn&quot;:&quot;K&quot;}\"><span class=\"UFICommentBody _1n4g\">A TR r\u00f6vid\u00edt\u00e9s eredete a taxit jelent\u0151 sv\u00e9d \u201etrafikvagn\u201d sz\u00f3. A TR701-704 jelentette a kifejezetten taxinak k\u00e9sz\u00fclt TR671-679 modellek ut\u00f3dj\u00e1t.<\/span><\/span><\/span><\/p>\n<p>A megfelel\u0151 standard v\u00e1ltozatok a PV656\u2013659 t\u00edpusmegjel\u00f6l\u00e9st kapt\u00e1k. A TR v\u00e1ltozat hosszabb tengelyt\u00e1vval \u00e9s h\u00e9t \u00fcl\u00e9ssel k\u00e9sz\u00fclt. A motorh\u00e1ztet\u0151 oldalszelepelt, hathengeres motort rejtett (jel\u00f6l\u00e9se \u201eEC\u201d volt). A Volvo taxit nagyon kedvelt\u00e9k haszn\u00e1l\u00f3i, \u00e9s szinte nem fogott rajta a haszn\u00e1lat.<br \/>\nTechnikai adatok<br \/>\nModell: TR701-4<br \/>\nV\u00e1ltozatok: TR 701 (\u00fcveg v\u00e1laszt\u00f3fallal) TR 702 alv\u00e1z TR 703 (\u00fcveg v\u00e1laszt\u00f3fallal) TR 704 (\u00fcveg v\u00e1laszfal n\u00e9lk\u00fcl)<br \/>\nGy\u00e1rt\u00e1si id\u0151szak: 1935\u20131937<br \/>\nDarabsz\u00e1m: 936<br \/>\nFel\u00e9p\u00edtm\u00e9ny: N\/A<br \/>\nMotor: Soros, hathengeres, oldalszelepelt, 3670 cm3, 84,14\u00d7110 mm, 80-84 LE 3300\/min fordulatsz\u00e1mn\u00e1l.<br \/>\nEr\u0151\u00e1tvitel: h\u00e1romfokozat\u00fa botv\u00e1lt\u00f3.<br \/>\nF\u00e9krendszer: Hidraulikus.<br \/>\nM\u00e9retek: Tengelyt\u00e1v: 3100 vagy 3250 mm.<\/p>\n<p>&nbsp;<\/p>\n<p style=\"text-align: center;\">(<a href=\"http:\/\/www.veteranvolvo.hu\/?page_id=1865\"><span style=\"color: #0000ff;\">TR 671-9<\/span><\/a>) <strong><em><span style=\"color: #339966;\">Vissza<\/span><\/em><\/strong>\u00a0 \u00a0 \u00a0 \u00a0\u00a0 <em><strong><span style=\"color: #339966;\">Tov\u00e1bb<\/span><\/strong><\/em> (<span style=\"color: #0000ff;\"><a style=\"color: #0000ff;\" href=\"http:\/\/www.veteranvolvo.hu\/?page_id=1616\">PV 654<\/a><\/span>)<\/p>\n","protected":false},"excerpt":{"rendered":"<p>Volvo TR701-4 1935-1937 A TR r\u00f6vid\u00edt\u00e9s eredete a taxit jelent\u0151 sv\u00e9d \u201etrafikvagn\u201d sz\u00f3. A TR701-704 jelentette a kifejezetten taxinak k\u00e9sz\u00fclt TR671-679 modellek ut\u00f3dj\u00e1t. A megfelel\u0151 standard v\u00e1ltozatok a PV656\u2013659 t\u00edpusmegjel\u00f6l\u00e9st kapt\u00e1k. A TR v\u00e1ltozat hosszabb tengelyt\u00e1vval \u00e9s h\u00e9t \u00fcl\u00e9ssel k\u00e9sz\u00fclt. A motorh\u00e1ztet\u0151 oldalszelepelt, hathengeres motort rejtett (jel\u00f6l\u00e9se \u201eEC\u201d volt). A Volvo taxit nagyon kedvelt\u00e9k haszn\u00e1l\u00f3i, [&hellip;]<\/p>\n","protected":false},"author":5,"featured_media":0,"parent":0,"menu_order":0,"comment_status":"closed","ping_status":"closed","template":"","meta":{"footnotes":""},"class_list":["post-1883","page","type-page","status-publish","hentry"],"_links":{"self":[{"href":"https:\/\/www.veteranvolvo.hu\/index.php?rest_route=\/wp\/v2\/pages\/1883","targetHints":{"allow":["GET"]}}],"collection":[{"href":"https:\/\/www.veteranvolvo.hu\/index.php?rest_route=\/wp\/v2\/pages"}],"about":[{"href":"https:\/\/www.veteranvolvo.hu\/index.php?rest_route=\/wp\/v2\/types\/page"}],"author":[{"embeddable":true,"href":"https:\/\/www.veteranvolvo.hu\/index.php?rest_route=\/wp\/v2\/users\/5"}],"replies":[{"embeddable":true,"href":"https:\/\/www.veteranvolvo.hu\/index.php?rest_route=%2Fwp%2Fv2%2Fcomments&post=1883"}],"version-history":[{"count":5,"href":"https:\/\/www.veteranvolvo.hu\/index.php?rest_route=\/wp\/v2\/pages\/1883\/revisions"}],"predecessor-version":[{"id":3331,"href":"https:\/\/www.veteranvolvo.hu\/index.php?rest_route=\/wp\/v2\/pages\/1883\/revisions\/3331"}],"wp:attachment":[{"href":"https:\/\/www.veteranvolvo.hu\/index.php?rest_route=%2Fwp%2Fv2%2Fmedia&parent=1883"}],"curies":[{"name":"wp","href":"https:\/\/api.w.org\/{rel}","templated":true}]}}