{"id":1009,"date":"2018-02-14T17:36:27","date_gmt":"2018-02-14T16:36:27","guid":{"rendered":"http:\/\/www.veteranvolvo.hu\/?page_id=1009"},"modified":"2018-02-14T17:41:15","modified_gmt":"2018-02-14T16:41:15","slug":"iii-volvo-4xx-talalkozo","status":"publish","type":"page","link":"https:\/\/www.veteranvolvo.hu\/?page_id=1009","title":{"rendered":"III. VOLVO 4xx Tal\u00e1lkoz\u00f3"},"content":{"rendered":"<h1><a href=\"http:\/\/cicvarekkuckoja.hu\/volvo4xx\/hirek\/iii-volvo4xx-orszagos-talalkozo\/\"><strong>III. VOLVO 4xx Orsz\u00e1gos Tal\u00e1lkoz\u00f3<\/strong><\/a><\/h1>\n<p><a href=\"http:\/\/www.mtbszsz.hu\/repuloter\"><img decoding=\"async\" class=\"wp-image-1245 size-thumbnail alignleft\" src=\"http:\/\/cicvarekkuckoja.hu\/volvo4xx\/wp-content\/uploads\/2018\/02\/3_volvoxx_rs-150x150.png\" alt=\"\" width=\"150\" height=\"150\" \/><\/a><strong>Id\u0151pont:<\/strong> <strong>2018. 04.27-28.<\/strong><\/p>\n<p><strong>Helysz\u00ednek:<\/strong><\/p>\n<ul>\n<li>Karcag, <a href=\"https:\/\/www.google.hu\/maps\/place\/Ak%C3%A1cliget+F%C3%BCrd%C5%91\/@47.3214753,20.9065335,17z\/data=!3m1!4b1!4m5!3m4!1s0x4746d094bb7784b9:0x28089d213bf86d6!8m2!3d47.3214717!4d20.9087222\">Ak\u00e1cliget Strandf\u00fcrd\u0151<\/a> Kempingje (koordin\u00e1t\u00e1k: 47.321508, 20.908733),<\/li>\n<li>Karcagi Kutat\u00f3int\u00e9zet <a href=\"https:\/\/www.google.hu\/maps\/place\/Debreceni+Egyetem+Karcagi+Kutat%C3%B3int%C3%A9zete\/@47.2922148,20.8884048,17z\/data=!4m12!1m6!3m5!1s0x4746d0626e6d4425:0x5c4861bd95546841!2sDebreceni+Egyetem+Karcagi+Kutat%C3%B3int%C3%A9zete!8m2!3d47.2919507!4d20.888847!3m4!1s0x4746d0626e6d4425:0x5c4861bd95546841!8m2!3d47.2919507!4d20.888847\">Arbor\u00e9tuma<\/a> (koordin\u00e1t\u00e1k: 47.292184, 20.888525),<\/li>\n<li><a href=\"http:\/\/www.mtbszsz.hu\/repuloter\">Kunmadarasi Rept\u00e9r<\/a>\u00a0(koordin\u00e1t\u00e1k:\u00a047.407928, 20.798236)<\/li>\n<li><a href=\"https:\/\/www.google.hu\/maps\/place\/Kun+eml%C3%A9khely\/@47.2792706,20.8933783,17z\/data=!3m1!4b1!4m5!3m4!1s0x4746d008e85e8e07:0x5eebfba3d2645294!8m2!3d47.279267!4d20.895567\">Hegyesbori Kunhalom<\/a> Eml\u00e9khely (koordin\u00e1t\u00e1k: 47.280206, 20.897144)<\/li>\n<li><strong>Friss inform\u00e1ci\u00f3k: <\/strong>a F\u00f3rum<strong> &#8222;<a href=\"http:\/\/cicvarekkuckoja.hu\/volvo4xx\/forum\/\">Tal\u00e1lkoz\u00f3k<\/a>&#8221; <\/strong>rovat\u00e1ban, regisztr\u00e1ci\u00f3 ut\u00e1n!<strong> Jelentkez\u00e9s szint\u00e9n itt \u00e9s\/vagy Gy\u00f6ngy\u00f6si Andr\u00e1s <a href=\"https:\/\/www.facebook.com\/events\/175162899766681\/\">III. Volvo 4xx Tal\u00e1lkoz\u00f3 fb fel\u00fclet\u00e9n<\/a>!<\/strong><\/li>\n<\/ul>\n<hr \/>\n<h2>ESEM\u00c9NYNAPL\u00d3<\/h2>\n<p><strong>Febru\u00e1r 14.:\u00a0<\/strong><\/p>\n<p>Az eddigi szervez\u00e9si munk\u00e1k eredm\u00e9nyeir\u0151l r\u00f6viden:<\/p>\n<ul>\n<li>Az Ak\u00e1cliget Strandf\u00fcrd\u0151n lefoglaltunk 5 fah\u00e1zat \u00e9s egy apartmant, \u00edgy max. 24 f\u0151nek a sz\u00e1ll\u00e1s biztos\u00edtott.<\/li>\n<li>A Kunmadarasi Rept\u00e9r vezet\u0151j\u00e9t\u0151l megkaptuk az enged\u00e9lyt \u00e1prilis 28-\u00e1ra a rept\u00e9rre val\u00f3 behajt\u00e1sra.<\/li>\n<\/ul>\n<p>A legfontosabbak teh\u00e1t m\u00e1r \u00f6ssze\u00e1lltak (eddig 10 f\u0151n\u00e9l tartunk)!<\/p>\n<hr \/>\n<p>&nbsp;<\/p>\n<hr \/>\n<p><strong>A<\/strong>\u00a0<strong>Tal\u00e1lkoz\u00f3<\/strong> <strong>el\u0151zm\u00e9nyeir\u0151l:<\/strong>\u00a0Andr\u00e1s FB-os, janu\u00e1r v\u00e9gi 480-as dr\u00f3nfot\u00f3z\u00e1sos \u00f6tlet\u00e9b\u0151l kiindulva a megfelel\u0151 helysz\u00edn keres\u00e9se k\u00f6zben r\u00e9gi n\u00e9gyestulajk\u00e9nt \u00e9s rajong\u00f3k\u00e9nt javasoltam a maj\u00e1lisos, k\u00e9tnapos rendezv\u00e9nyt, karcagi helysz\u00ednnel. A Karcagon, illetve Bodrogkisfaludon szervezett I. \u00e9s II.\u00a0VOLVO 4xx Orsz\u00e1gos Tal\u00e1lkoz\u00f3k fot\u00f3albumjai:<\/p>\n<p>&nbsp;<\/p>\n<hr \/>\n<p>&nbsp;<\/p>\n<p style=\"text-align: center;\">\n<p style=\"text-align: center;\"><span style=\"color: #808080;\">A honlapon szerepl\u0151 anyagok, k\u00e9pek a \u201cVolvo Car Corporation\u201d \u00e9s a magyarorsz\u00e1gi n\u00e9gyes Volv\u00f3k tulajdonosainak szellemi tulajdon\u00e1t k\u00e9pezik!<\/span><\/p>\n","protected":false},"excerpt":{"rendered":"<p>III. VOLVO 4xx Orsz\u00e1gos Tal\u00e1lkoz\u00f3 Id\u0151pont: 2018. 04.27-28. Helysz\u00ednek: Karcag, Ak\u00e1cliget Strandf\u00fcrd\u0151 Kempingje (koordin\u00e1t\u00e1k: 47.321508, 20.908733), Karcagi Kutat\u00f3int\u00e9zet Arbor\u00e9tuma (koordin\u00e1t\u00e1k: 47.292184, 20.888525), Kunmadarasi Rept\u00e9r\u00a0(koordin\u00e1t\u00e1k:\u00a047.407928, 20.798236) Hegyesbori Kunhalom Eml\u00e9khely (koordin\u00e1t\u00e1k: 47.280206, 20.897144) Friss inform\u00e1ci\u00f3k: a F\u00f3rum &#8222;Tal\u00e1lkoz\u00f3k&#8221; rovat\u00e1ban, regisztr\u00e1ci\u00f3 ut\u00e1n! Jelentkez\u00e9s szint\u00e9n itt \u00e9s\/vagy Gy\u00f6ngy\u00f6si Andr\u00e1s III. Volvo 4xx Tal\u00e1lkoz\u00f3 fb fel\u00fclet\u00e9n! ESEM\u00c9NYNAPL\u00d3 Febru\u00e1r 14.:\u00a0 Az [&hellip;]<\/p>\n","protected":false},"author":1,"featured_media":0,"parent":173,"menu_order":0,"comment_status":"closed","ping_status":"closed","template":"","meta":{"footnotes":""},"class_list":["post-1009","page","type-page","status-publish","hentry"],"_links":{"self":[{"href":"https:\/\/www.veteranvolvo.hu\/index.php?rest_route=\/wp\/v2\/pages\/1009","targetHints":{"allow":["GET"]}}],"collection":[{"href":"https:\/\/www.veteranvolvo.hu\/index.php?rest_route=\/wp\/v2\/pages"}],"about":[{"href":"https:\/\/www.veteranvolvo.hu\/index.php?rest_route=\/wp\/v2\/types\/page"}],"author":[{"embeddable":true,"href":"https:\/\/www.veteranvolvo.hu\/index.php?rest_route=\/wp\/v2\/users\/1"}],"replies":[{"embeddable":true,"href":"https:\/\/www.veteranvolvo.hu\/index.php?rest_route=%2Fwp%2Fv2%2Fcomments&post=1009"}],"version-history":[{"count":3,"href":"https:\/\/www.veteranvolvo.hu\/index.php?rest_route=\/wp\/v2\/pages\/1009\/revisions"}],"predecessor-version":[{"id":1013,"href":"https:\/\/www.veteranvolvo.hu\/index.php?rest_route=\/wp\/v2\/pages\/1009\/revisions\/1013"}],"up":[{"embeddable":true,"href":"https:\/\/www.veteranvolvo.hu\/index.php?rest_route=\/wp\/v2\/pages\/173"}],"wp:attachment":[{"href":"https:\/\/www.veteranvolvo.hu\/index.php?rest_route=%2Fwp%2Fv2%2Fmedia&parent=1009"}],"curies":[{"name":"wp","href":"https:\/\/api.w.org\/{rel}","templated":true}]}}